{"id":968,"date":"2025-08-25T16:03:25","date_gmt":"2025-08-25T16:03:25","guid":{"rendered":"https:\/\/cisca-project.eu\/?page_id=968"},"modified":"2025-08-25T16:04:37","modified_gmt":"2025-08-25T16:04:37","slug":"cookie-policy","status":"publish","type":"page","link":"https:\/\/cisca-project.eu\/pl\/cookie-policy\/","title":{"rendered":"Polityka dotycz\u0105ca plik\u00f3w cookie"},"content":{"rendered":"<div data-elementor-type=\"wp-page\" data-elementor-id=\"968\" class=\"elementor elementor-968\">\n\t\t\t\t<div class=\"has_eae_slider elementor-element elementor-element-e9d0be3 e-flex e-con-boxed e-con e-parent\" data-eae-slider=\"50208\" data-id=\"e9d0be3\" data-element_type=\"container\" data-e-type=\"container\">\n\t\t\t\t\t<div class=\"e-con-inner\">\n\t\t\t\t<div class=\"elementor-element elementor-element-fcc70b7 elementor-widget elementor-widget-text-editor\" data-id=\"fcc70b7\" data-element_type=\"widget\" data-e-type=\"widget\" data-widget_type=\"text-editor.default\">\n\t\t\t\t<div class=\"elementor-widget-container\">\n\t\t\t\t\t\t\t\t\t<p>U\u017cywamy plik\u00f3w cookie i podobnych technologii w tej witrynie, aby zapewni\u0107 funkcjonalno\u015b\u0107, poprawi\u0107 komfort u\u017cytkowania i analizowa\u0107 ruch w witrynie zgodnie z ustaw\u0105 o ochronie danych osobowych. <b>Og\u00f3lne rozporz\u0105dzenie o ochronie danych (UE) 2016\/679 (RODO).<\/b>&nbsp;<\/p>\n<p><br><\/p>\n<h4>1. Czym s\u0105 pliki cookie?&nbsp;<\/h4>\n<p>Pliki cookie to ma\u0142e pliki tekstowe przechowywane na urz\u0105dzeniu u\u017cytkownika podczas odwiedzania strony internetowej. Pomagaj\u0105 one zapami\u0119ta\u0107 dzia\u0142ania i preferencje u\u017cytkownika, umo\u017cliwiaj\u0105c korzystanie z podstawowych funkcji witryny i funkcji analitycznych.&nbsp;<\/p>\n<p><br><\/p>\n<h4>2. Jakie rodzaje plik\u00f3w cookie mo\u017cemy wykorzystywa\u0107&nbsp;<\/h4>\n<ul>\n<li><b>Niezb\u0119dne pliki cookie<\/b> - Wymagane do podstawowego dzia\u0142ania witryny (np. bezpiecze\u0144stwo, nawigacja). Nie wymagaj\u0105 one zgody u\u017cytkownika.&nbsp;<\/li>\n<li><b>Funkcjonalne pliki cookie<\/b> - Zwi\u0119kszenie u\u017cyteczno\u015bci i zapami\u0119tywanie preferencji u\u017cytkownika (wymaga zgody).&nbsp;<\/li>\n<li><b>Analityczne pliki cookie<\/b> - Zbieranie zagregowanych i anonimowych danych w celu zrozumienia sposobu korzystania z witryny (wymaga zgody).&nbsp;<\/li>\n<li><b>Pliki cookie stron trzecich<\/b> - Ustawione przez us\u0142ugi takie jak YouTube, Google Analytics, WP Statistics, LearnPress lub podobne wtyczki. Us\u0142ugi te mog\u0105 przetwarza\u0107 dane u\u017cytkownika poza UE\/EOG zgodnie z ich w\u0142asn\u0105 polityk\u0105 prywatno\u015bci i plik\u00f3w cookie.&nbsp;<\/li>\n<\/ul>\n<p><br><\/p>\n<h4>3. Zarz\u0105dzanie zgod\u0105 na pliki cookie (za po\u015brednictwem CookieYes)&nbsp;<\/h4>\n<p>U\u017cywamy CookieYes do zarz\u0105dzania zgod\u0105 na pliki cookie zgodnie z wymogami RODO. Baner plik\u00f3w cookie umo\u017cliwia:&nbsp;<\/p>\n<ul>\n<li>Akceptowanie lub odrzucanie nieistotnych plik\u00f3w cookie&nbsp;<\/li>\n<li>Wy\u015bwietl szczeg\u00f3\u0142owe informacje o ka\u017cdej kategorii plik\u00f3w cookie&nbsp;<\/li>\n<li>Zmiana preferencji w dowolnym momencie&nbsp;<\/li>\n<\/ul>\n<p>Preferencjami dotycz\u0105cymi plik\u00f3w cookie mo\u017cna zarz\u0105dza\u0107 w dowolnym momencie, klikaj\u0105c przycisk \"Ustawienia plik\u00f3w cookie\" dost\u0119pny na stronie internetowej.&nbsp;<\/p>\n<p>Twoja zgoda na pliki cookie b\u0119dzie przechowywana przez 12 miesi\u0119cy, chyba \u017ce wyczy\u015bcisz pami\u0119\u0107 podr\u0119czn\u0105 przegl\u0105darki lub r\u0119cznie zaktualizujesz swoje preferencje.&nbsp;<\/p>\n<p><br><\/p>\n<h4>4. Zarz\u0105dzanie plikami cookie przez przegl\u0105dark\u0119&nbsp;<\/h4>\n<p>Wi\u0119kszo\u015b\u0107 przegl\u0105darek umo\u017cliwia kontrolowanie lub wy\u0142\u0105czanie plik\u00f3w cookie za pomoc\u0105 ustawie\u0144. Nale\u017cy pami\u0119ta\u0107, \u017ce zablokowanie niekt\u00f3rych rodzaj\u00f3w plik\u00f3w cookie mo\u017ce wp\u0142yn\u0105\u0107 na wydajno\u015b\u0107 lub funkcjonalno\u015b\u0107 witryny.&nbsp;<\/p>\n<p><br><\/p>\n<h4>5. Aktualizacje&nbsp;<\/h4>\n<p>Niniejsza Polityka dotycz\u0105ca plik\u00f3w cookie mo\u017ce by\u0107 aktualizowana w celu odzwierciedlenia zmian w technologii, przepisach prawnych lub funkcjach witryny. Wszelkie zmiany b\u0119d\u0105 publikowane na tej stronie.&nbsp;<\/p>\n<p><br><\/p>\n<h4>6. Kontakt&nbsp;<\/h4>\n<p>Wi\u0119cej informacji na temat korzystania przez nas z plik\u00f3w cookie lub sposobu przetwarzania przez nas danych osobowych mo\u017cna znale\u017a\u0107 na stronie <a href=\"https:\/\/cisca-project.eu\/pl\/privacy-policy\/\">Polityka prywatno\u015bci<\/a> lub <a href=\"https:\/\/cisca-project.eu\/pl\/contact-us\/\">Skontaktuj si\u0119 z nami<\/a>&nbsp; za po\u015brednictwem informacji podanych na tej stronie.&nbsp;<\/p>\t\t\t\t\t\t\t\t<\/div>\n\t\t\t\t<\/div>\n\t\t\t\t\t<\/div>\n\t\t\t\t<\/div>\n\t\t\t\t<\/div>","protected":false},"excerpt":{"rendered":"<p>We use cookies and similar technologies on this website to ensure functionality, improve user experience, and analyze website traffic in accordance with the General Data Protection Regulation (EU) 2016\/679 (GDPR).&nbsp; 1. What Are Cookies?&nbsp; Cookies are small text files stored on your device when you visit a website. They help remember user actions and preferences, [&hellip;]<\/p>\n","protected":false},"author":1,"featured_media":0,"parent":0,"menu_order":0,"comment_status":"closed","ping_status":"closed","template":"","meta":{"footnotes":""},"class_list":["post-968","page","type-page","status-publish","hentry"],"blocksy_meta":[],"_links":{"self":[{"href":"https:\/\/cisca-project.eu\/pl\/wp-json\/wp\/v2\/pages\/968","targetHints":{"allow":["GET"]}}],"collection":[{"href":"https:\/\/cisca-project.eu\/pl\/wp-json\/wp\/v2\/pages"}],"about":[{"href":"https:\/\/cisca-project.eu\/pl\/wp-json\/wp\/v2\/types\/page"}],"author":[{"embeddable":true,"href":"https:\/\/cisca-project.eu\/pl\/wp-json\/wp\/v2\/users\/1"}],"replies":[{"embeddable":true,"href":"https:\/\/cisca-project.eu\/pl\/wp-json\/wp\/v2\/comments?post=968"}],"version-history":[{"count":4,"href":"https:\/\/cisca-project.eu\/pl\/wp-json\/wp\/v2\/pages\/968\/revisions"}],"predecessor-version":[{"id":976,"href":"https:\/\/cisca-project.eu\/pl\/wp-json\/wp\/v2\/pages\/968\/revisions\/976"}],"wp:attachment":[{"href":"https:\/\/cisca-project.eu\/pl\/wp-json\/wp\/v2\/media?parent=968"}],"curies":[{"name":"wp","href":"https:\/\/api.w.org\/{rel}","templated":true}]}}