{"id":952,"date":"2025-07-17T13:29:09","date_gmt":"2025-07-17T13:29:09","guid":{"rendered":"https:\/\/cisca-project.eu\/?page_id=952"},"modified":"2025-07-17T13:29:30","modified_gmt":"2025-07-17T13:29:30","slug":"uth-neighborhood-dissemination-conference","status":"publish","type":"page","link":"https:\/\/cisca-project.eu\/pl\/uth-neighborhood-dissemination-conference\/","title":{"rendered":"Konferencja upowszechniaj\u0105ca UTH Neighborhood"},"content":{"rendered":"<div data-elementor-type=\"wp-page\" data-elementor-id=\"952\" class=\"elementor elementor-952\">\n\t\t\t\t<div class=\"has_eae_slider elementor-element elementor-element-7c2fa4d7 e-flex e-con-boxed e-con e-parent\" data-eae-slider=\"90763\" data-id=\"7c2fa4d7\" data-element_type=\"container\" data-e-type=\"container\">\n\t\t\t\t\t<div class=\"e-con-inner\">\n\t\t\t\t<div class=\"elementor-element elementor-element-3e32b0c1 elementor-widget elementor-widget-image\" data-id=\"3e32b0c1\" data-element_type=\"widget\" data-e-type=\"widget\" data-widget_type=\"image.default\">\n\t\t\t\t<div class=\"elementor-widget-container\">\n\t\t\t\t\t\t\t\t\t\t\t\t\t\t\t<img decoding=\"async\" width=\"300\" height=\"82\" src=\"https:\/\/cisca-project.eu\/wp-content\/uploads\/2023\/03\/University-of-Thessaly-300x82.png\" class=\"attachment-medium size-medium wp-image-37\" alt=\"\" srcset=\"https:\/\/cisca-project.eu\/wp-content\/uploads\/2023\/03\/University-of-Thessaly-300x82.png 300w, https:\/\/cisca-project.eu\/wp-content\/uploads\/2023\/03\/University-of-Thessaly.png 340w\" sizes=\"(max-width: 300px) 100vw, 300px\" \/>\t\t\t\t\t\t\t\t\t\t\t\t\t\t\t<\/div>\n\t\t\t\t<\/div>\n\t\t\t\t<div class=\"elementor-element elementor-element-221c3e10 elementor-widget elementor-widget-text-editor\" data-id=\"221c3e10\" data-element_type=\"widget\" data-e-type=\"widget\" data-widget_type=\"text-editor.default\">\n\t\t\t\t<div class=\"elementor-widget-container\">\n\t\t\t\t\t\t\t\t\t<p>Wydarzenia upowszechniaj\u0105ce koncentrowa\u0142y si\u0119 na rozpowszechnianiu rezultat\u00f3w i osi\u0105gni\u0119\u0107 projektu, realizowanych na poziomie dzielnicy, z udzia\u0142em przedstawicieli partnera krajowego, obywateli i interesariuszy.<\/p><p>Lokalizacja: Grecja<\/p><p>Liczba uczestnik\u00f3w: 30<\/p>\t\t\t\t\t\t\t\t<\/div>\n\t\t\t\t<\/div>\n\t\t\t\t\t<\/div>\n\t\t\t\t<\/div>\n\t\t<div class=\"has_eae_slider elementor-element elementor-element-3eda81e1 e-flex e-con-boxed e-con e-parent\" data-eae-slider=\"59170\" data-id=\"3eda81e1\" data-element_type=\"container\" data-e-type=\"container\">\n\t\t\t\t\t<div class=\"e-con-inner\">\n\t\t\t\t<div class=\"elementor-element elementor-element-39ec4395 gallery-spacing-custom elementor-widget elementor-widget-image-gallery\" data-id=\"39ec4395\" data-element_type=\"widget\" data-e-type=\"widget\" data-widget_type=\"image-gallery.default\">\n\t\t\t\t<div class=\"elementor-widget-container\">\n\t\t\t\t\t\t\t<div class=\"elementor-image-gallery\">\n\t\t\t<div id='gallery-1' class='gallery galleryid-952 gallery-columns-4 gallery-size-medium'><figure class='gallery-item'>\n\t\t\t<div class='gallery-icon landscape'>\n\t\t\t\t<a data-elementor-open-lightbox=\"yes\" data-elementor-lightbox-slideshow=\"39ec4395\" data-elementor-lightbox-title=\"DSC04733_resized\" data-e-action-hash=\"#elementor-action%3Aaction%3Dlightbox%26settings%3DeyJpZCI6NzgzLCJ1cmwiOiJodHRwczpcL1wvY2lzY2EtcHJvamVjdC5ldVwvd3AtY29udGVudFwvdXBsb2Fkc1wvMjAyNVwvMDZcL0RTQzA0NzMzX3Jlc2l6ZWQuanBnIiwic2xpZGVzaG93IjoiMzllYzQzOTUifQ%3D%3D\" href='https:\/\/cisca-project.eu\/wp-content\/uploads\/2025\/06\/DSC04733_resized.jpg'><img fetchpriority=\"high\" decoding=\"async\" width=\"300\" height=\"200\" src=\"https:\/\/cisca-project.eu\/wp-content\/uploads\/2025\/06\/DSC04733_resized-300x200.jpg\" class=\"attachment-medium size-medium\" alt=\"\" srcset=\"https:\/\/cisca-project.eu\/wp-content\/uploads\/2025\/06\/DSC04733_resized-300x200.jpg 300w, https:\/\/cisca-project.eu\/wp-content\/uploads\/2025\/06\/DSC04733_resized-1024x683.jpg 1024w, https:\/\/cisca-project.eu\/wp-content\/uploads\/2025\/06\/DSC04733_resized-768x512.jpg 768w, https:\/\/cisca-project.eu\/wp-content\/uploads\/2025\/06\/DSC04733_resized-1536x1024.jpg 1536w, https:\/\/cisca-project.eu\/wp-content\/uploads\/2025\/06\/DSC04733_resized-18x12.jpg 18w, https:\/\/cisca-project.eu\/wp-content\/uploads\/2025\/06\/DSC04733_resized.jpg 1920w\" sizes=\"(max-width: 300px) 100vw, 300px\" \/><\/a>\n\t\t\t<\/div><\/figure><figure class='gallery-item'>\n\t\t\t<div class='gallery-icon portrait'>\n\t\t\t\t<a data-elementor-open-lightbox=\"yes\" data-elementor-lightbox-slideshow=\"39ec4395\" data-elementor-lightbox-title=\"DSC047021\" data-e-action-hash=\"#elementor-action%3Aaction%3Dlightbox%26settings%3DeyJpZCI6NzgyLCJ1cmwiOiJodHRwczpcL1wvY2lzY2EtcHJvamVjdC5ldVwvd3AtY29udGVudFwvdXBsb2Fkc1wvMjAyNVwvMDZcL0RTQzA0NzAyMS5qcGciLCJzbGlkZXNob3ciOiIzOWVjNDM5NSJ9\" href='https:\/\/cisca-project.eu\/wp-content\/uploads\/2025\/06\/DSC047021.jpg'><img decoding=\"async\" width=\"225\" height=\"300\" src=\"https:\/\/cisca-project.eu\/wp-content\/uploads\/2025\/06\/DSC047021-225x300.jpg\" class=\"attachment-medium size-medium\" alt=\"\" srcset=\"https:\/\/cisca-project.eu\/wp-content\/uploads\/2025\/06\/DSC047021-225x300.jpg 225w, https:\/\/cisca-project.eu\/wp-content\/uploads\/2025\/06\/DSC047021-768x1024.jpg 768w, https:\/\/cisca-project.eu\/wp-content\/uploads\/2025\/06\/DSC047021-1152x1536.jpg 1152w, https:\/\/cisca-project.eu\/wp-content\/uploads\/2025\/06\/DSC047021-9x12.jpg 9w, https:\/\/cisca-project.eu\/wp-content\/uploads\/2025\/06\/DSC047021.jpg 1280w\" sizes=\"(max-width: 225px) 100vw, 225px\" \/><\/a>\n\t\t\t<\/div><\/figure><figure class='gallery-item'>\n\t\t\t<div class='gallery-icon portrait'>\n\t\t\t\t<a data-elementor-open-lightbox=\"yes\" data-elementor-lightbox-slideshow=\"39ec4395\" data-elementor-lightbox-title=\"e9b71666-0d1f-4f15-92e5-9335f15a7a4c\" data-e-action-hash=\"#elementor-action%3Aaction%3Dlightbox%26settings%3DeyJpZCI6NzgxLCJ1cmwiOiJodHRwczpcL1wvY2lzY2EtcHJvamVjdC5ldVwvd3AtY29udGVudFwvdXBsb2Fkc1wvMjAyNVwvMDZcL2U5YjcxNjY2LTBkMWYtNGYxNS05MmU1LTkzMzVmMTVhN2E0Yy5qcGciLCJzbGlkZXNob3ciOiIzOWVjNDM5NSJ9\" href='https:\/\/cisca-project.eu\/wp-content\/uploads\/2025\/06\/e9b71666-0d1f-4f15-92e5-9335f15a7a4c.jpg'><img loading=\"lazy\" decoding=\"async\" width=\"225\" height=\"300\" src=\"https:\/\/cisca-project.eu\/wp-content\/uploads\/2025\/06\/e9b71666-0d1f-4f15-92e5-9335f15a7a4c-225x300.jpg\" class=\"attachment-medium size-medium\" alt=\"\" srcset=\"https:\/\/cisca-project.eu\/wp-content\/uploads\/2025\/06\/e9b71666-0d1f-4f15-92e5-9335f15a7a4c-225x300.jpg 225w, https:\/\/cisca-project.eu\/wp-content\/uploads\/2025\/06\/e9b71666-0d1f-4f15-92e5-9335f15a7a4c-768x1024.jpg 768w, https:\/\/cisca-project.eu\/wp-content\/uploads\/2025\/06\/e9b71666-0d1f-4f15-92e5-9335f15a7a4c-1152x1536.jpg 1152w, https:\/\/cisca-project.eu\/wp-content\/uploads\/2025\/06\/e9b71666-0d1f-4f15-92e5-9335f15a7a4c-9x12.jpg 9w, https:\/\/cisca-project.eu\/wp-content\/uploads\/2025\/06\/e9b71666-0d1f-4f15-92e5-9335f15a7a4c.jpg 1536w\" sizes=\"(max-width: 225px) 100vw, 225px\" \/><\/a>\n\t\t\t<\/div><\/figure><figure class='gallery-item'>\n\t\t\t<div class='gallery-icon portrait'>\n\t\t\t\t<a data-elementor-open-lightbox=\"yes\" data-elementor-lightbox-slideshow=\"39ec4395\" data-elementor-lightbox-title=\"30e66d3a-0a07-426d-8da1-52aa3cd42a1d\" data-e-action-hash=\"#elementor-action%3Aaction%3Dlightbox%26settings%3DeyJpZCI6NzgwLCJ1cmwiOiJodHRwczpcL1wvY2lzY2EtcHJvamVjdC5ldVwvd3AtY29udGVudFwvdXBsb2Fkc1wvMjAyNVwvMDZcLzMwZTY2ZDNhLTBhMDctNDI2ZC04ZGExLTUyYWEzY2Q0MmExZC5qcGciLCJzbGlkZXNob3ciOiIzOWVjNDM5NSJ9\" href='https:\/\/cisca-project.eu\/wp-content\/uploads\/2025\/06\/30e66d3a-0a07-426d-8da1-52aa3cd42a1d.jpg'><img loading=\"lazy\" decoding=\"async\" width=\"225\" height=\"300\" src=\"https:\/\/cisca-project.eu\/wp-content\/uploads\/2025\/06\/30e66d3a-0a07-426d-8da1-52aa3cd42a1d-225x300.jpg\" class=\"attachment-medium size-medium\" alt=\"\" srcset=\"https:\/\/cisca-project.eu\/wp-content\/uploads\/2025\/06\/30e66d3a-0a07-426d-8da1-52aa3cd42a1d-225x300.jpg 225w, https:\/\/cisca-project.eu\/wp-content\/uploads\/2025\/06\/30e66d3a-0a07-426d-8da1-52aa3cd42a1d-768x1024.jpg 768w, https:\/\/cisca-project.eu\/wp-content\/uploads\/2025\/06\/30e66d3a-0a07-426d-8da1-52aa3cd42a1d-1152x1536.jpg 1152w, https:\/\/cisca-project.eu\/wp-content\/uploads\/2025\/06\/30e66d3a-0a07-426d-8da1-52aa3cd42a1d-9x12.jpg 9w, https:\/\/cisca-project.eu\/wp-content\/uploads\/2025\/06\/30e66d3a-0a07-426d-8da1-52aa3cd42a1d.jpg 1536w\" sizes=\"(max-width: 225px) 100vw, 225px\" \/><\/a>\n\t\t\t<\/div><\/figure>\n\t\t<\/div>\n\t\t<\/div>\n\t\t\t\t\t\t<\/div>\n\t\t\t\t<\/div>\n\t\t\t\t\t<\/div>\n\t\t\t\t<\/div>\n\t\t<div class=\"has_eae_slider elementor-element elementor-element-5eb03684 e-flex e-con-boxed e-con e-parent\" data-eae-slider=\"18514\" data-id=\"5eb03684\" data-element_type=\"container\" data-e-type=\"container\">\n\t\t\t\t\t<div class=\"e-con-inner\">\n\t\t\t\t<div class=\"elementor-element elementor-element-41d051c6 elementor-widget-divider--view-line elementor-widget elementor-widget-divider\" data-id=\"41d051c6\" data-element_type=\"widget\" data-e-type=\"widget\" data-widget_type=\"divider.default\">\n\t\t\t\t<div class=\"elementor-widget-container\">\n\t\t\t\t\t\t\t<div class=\"elementor-divider\">\n\t\t\t<span class=\"elementor-divider-separator\">\n\t\t\t\t\t\t<\/span>\n\t\t<\/div>\n\t\t\t\t\t\t<\/div>\n\t\t\t\t<\/div>\n\t\t\t\t\t<\/div>\n\t\t\t\t<\/div>\n\t\t\t\t<\/div>","protected":false},"excerpt":{"rendered":"<p>This multiplier events were focused on the dissemination of Project Results and achievements, implemented at the level of the neighborhood, with the involvement of representatives of the national partner, citizens and stakeholders. Location: Greece N\u00b0 of participants: 30<\/p>","protected":false},"author":2,"featured_media":0,"parent":0,"menu_order":0,"comment_status":"closed","ping_status":"closed","template":"","meta":{"footnotes":""},"class_list":["post-952","page","type-page","status-publish","hentry"],"blocksy_meta":[],"_links":{"self":[{"href":"https:\/\/cisca-project.eu\/pl\/wp-json\/wp\/v2\/pages\/952","targetHints":{"allow":["GET"]}}],"collection":[{"href":"https:\/\/cisca-project.eu\/pl\/wp-json\/wp\/v2\/pages"}],"about":[{"href":"https:\/\/cisca-project.eu\/pl\/wp-json\/wp\/v2\/types\/page"}],"author":[{"embeddable":true,"href":"https:\/\/cisca-project.eu\/pl\/wp-json\/wp\/v2\/users\/2"}],"replies":[{"embeddable":true,"href":"https:\/\/cisca-project.eu\/pl\/wp-json\/wp\/v2\/comments?post=952"}],"version-history":[{"count":4,"href":"https:\/\/cisca-project.eu\/pl\/wp-json\/wp\/v2\/pages\/952\/revisions"}],"predecessor-version":[{"id":956,"href":"https:\/\/cisca-project.eu\/pl\/wp-json\/wp\/v2\/pages\/952\/revisions\/956"}],"wp:attachment":[{"href":"https:\/\/cisca-project.eu\/pl\/wp-json\/wp\/v2\/media?parent=952"}],"curies":[{"name":"wp","href":"https:\/\/api.w.org\/{rel}","templated":true}]}}