{"id":947,"date":"2025-07-17T13:28:16","date_gmt":"2025-07-17T13:28:16","guid":{"rendered":"https:\/\/cisca-project.eu\/?page_id=947"},"modified":"2025-07-17T13:28:45","modified_gmt":"2025-07-17T13:28:45","slug":"crn-neighborhood-dissemination-conference","status":"publish","type":"page","link":"https:\/\/cisca-project.eu\/pl\/crn-neighborhood-dissemination-conference\/","title":{"rendered":"Konferencja upowszechniaj\u0105ca CRN Neighborhood"},"content":{"rendered":"<div data-elementor-type=\"wp-page\" data-elementor-id=\"947\" class=\"elementor elementor-947\">\n\t\t\t\t<div class=\"has_eae_slider elementor-element elementor-element-7b725451 e-flex e-con-boxed e-con e-parent\" data-eae-slider=\"18080\" data-id=\"7b725451\" data-element_type=\"container\" data-e-type=\"container\">\n\t\t\t\t\t<div class=\"e-con-inner\">\n\t\t\t\t<div class=\"elementor-element elementor-element-78dd9891 elementor-widget elementor-widget-image\" data-id=\"78dd9891\" data-element_type=\"widget\" data-e-type=\"widget\" data-widget_type=\"image.default\">\n\t\t\t\t<div class=\"elementor-widget-container\">\n\t\t\t\t\t\t\t\t\t\t\t\t\t\t\t<img fetchpriority=\"high\" decoding=\"async\" width=\"300\" height=\"200\" src=\"https:\/\/cisca-project.eu\/wp-content\/uploads\/2023\/03\/CRN-logo-300x200.png\" class=\"attachment-medium size-medium wp-image-33\" alt=\"\" srcset=\"https:\/\/cisca-project.eu\/wp-content\/uploads\/2023\/03\/CRN-logo-300x200.png 300w, https:\/\/cisca-project.eu\/wp-content\/uploads\/2023\/03\/CRN-logo.png 600w\" sizes=\"(max-width: 300px) 100vw, 300px\" \/>\t\t\t\t\t\t\t\t\t\t\t\t\t\t\t<\/div>\n\t\t\t\t<\/div>\n\t\t\t\t<div class=\"elementor-element elementor-element-7ff2c8d elementor-widget elementor-widget-text-editor\" data-id=\"7ff2c8d\" data-element_type=\"widget\" data-e-type=\"widget\" data-widget_type=\"text-editor.default\">\n\t\t\t\t<div class=\"elementor-widget-container\">\n\t\t\t\t\t\t\t\t\t<p>Wydarzenia upowszechniaj\u0105ce koncentrowa\u0142y si\u0119 na rozpowszechnianiu rezultat\u00f3w i osi\u0105gni\u0119\u0107 projektu, realizowanych na poziomie dzielnicy, z udzia\u0142em przedstawicieli partnera krajowego, obywateli i interesariuszy.<\/p><p>Lokalizacja: Niemcy<\/p><p>Liczba uczestnik\u00f3w: 30<\/p>\t\t\t\t\t\t\t\t<\/div>\n\t\t\t\t<\/div>\n\t\t\t\t\t<\/div>\n\t\t\t\t<\/div>\n\t\t<div class=\"has_eae_slider elementor-element elementor-element-54a73845 e-flex e-con-boxed e-con e-parent\" data-eae-slider=\"16406\" data-id=\"54a73845\" data-element_type=\"container\" data-e-type=\"container\">\n\t\t\t\t\t<div class=\"e-con-inner\">\n\t\t\t\t\t<\/div>\n\t\t\t\t<\/div>\n\t\t<div class=\"has_eae_slider elementor-element elementor-element-5eb03684 e-flex e-con-boxed e-con e-parent\" data-eae-slider=\"24312\" data-id=\"5eb03684\" data-element_type=\"container\" data-e-type=\"container\">\n\t\t\t\t\t<div class=\"e-con-inner\">\n\t\t\t\t<div class=\"elementor-element elementor-element-41d051c6 elementor-widget-divider--view-line elementor-widget elementor-widget-divider\" data-id=\"41d051c6\" data-element_type=\"widget\" data-e-type=\"widget\" data-widget_type=\"divider.default\">\n\t\t\t\t<div class=\"elementor-widget-container\">\n\t\t\t\t\t\t\t<div class=\"elementor-divider\">\n\t\t\t<span class=\"elementor-divider-separator\">\n\t\t\t\t\t\t<\/span>\n\t\t<\/div>\n\t\t\t\t\t\t<\/div>\n\t\t\t\t<\/div>\n\t\t\t\t\t<\/div>\n\t\t\t\t<\/div>\n\t\t\t\t<\/div>","protected":false},"excerpt":{"rendered":"<p>This multiplier events were focused on the dissemination of Project Results and achievements, implemented at the level of the neighborhood, with the involvement of representatives of the national partner, citizens and stakeholders. Location: Germany N\u00b0 of participants: 30<\/p>","protected":false},"author":2,"featured_media":0,"parent":0,"menu_order":0,"comment_status":"closed","ping_status":"closed","template":"","meta":{"footnotes":""},"class_list":["post-947","page","type-page","status-publish","hentry"],"blocksy_meta":[],"_links":{"self":[{"href":"https:\/\/cisca-project.eu\/pl\/wp-json\/wp\/v2\/pages\/947","targetHints":{"allow":["GET"]}}],"collection":[{"href":"https:\/\/cisca-project.eu\/pl\/wp-json\/wp\/v2\/pages"}],"about":[{"href":"https:\/\/cisca-project.eu\/pl\/wp-json\/wp\/v2\/types\/page"}],"author":[{"embeddable":true,"href":"https:\/\/cisca-project.eu\/pl\/wp-json\/wp\/v2\/users\/2"}],"replies":[{"embeddable":true,"href":"https:\/\/cisca-project.eu\/pl\/wp-json\/wp\/v2\/comments?post=947"}],"version-history":[{"count":4,"href":"https:\/\/cisca-project.eu\/pl\/wp-json\/wp\/v2\/pages\/947\/revisions"}],"predecessor-version":[{"id":951,"href":"https:\/\/cisca-project.eu\/pl\/wp-json\/wp\/v2\/pages\/947\/revisions\/951"}],"wp:attachment":[{"href":"https:\/\/cisca-project.eu\/pl\/wp-json\/wp\/v2\/media?parent=947"}],"curies":[{"name":"wp","href":"https:\/\/api.w.org\/{rel}","templated":true}]}}