{"id":927,"date":"2025-07-17T13:22:47","date_gmt":"2025-07-17T13:22:47","guid":{"rendered":"https:\/\/cisca-project.eu\/?page_id=927"},"modified":"2025-07-17T13:23:23","modified_gmt":"2025-07-17T13:23:23","slug":"szgp-neighborhood-dissemination-conference","status":"publish","type":"page","link":"https:\/\/cisca-project.eu\/pl\/szgp-neighborhood-dissemination-conference\/","title":{"rendered":"Konferencja upowszechniaj\u0105ca SZGP w s\u0105siedztwie"},"content":{"rendered":"<div data-elementor-type=\"wp-page\" data-elementor-id=\"927\" class=\"elementor elementor-927\">\n\t\t\t\t<div class=\"has_eae_slider elementor-element elementor-element-3dab4b1c e-flex e-con-boxed e-con e-parent\" data-eae-slider=\"33501\" data-id=\"3dab4b1c\" data-element_type=\"container\" data-e-type=\"container\">\n\t\t\t\t\t<div class=\"e-con-inner\">\n\t\t\t\t<div class=\"elementor-element elementor-element-3d965252 elementor-widget elementor-widget-image\" data-id=\"3d965252\" data-element_type=\"widget\" data-e-type=\"widget\" data-widget_type=\"image.default\">\n\t\t\t\t<div class=\"elementor-widget-container\">\n\t\t\t\t\t\t\t\t\t\t\t\t\t\t\t<img decoding=\"async\" width=\"180\" height=\"113\" src=\"https:\/\/cisca-project.eu\/wp-content\/uploads\/2023\/03\/szgp-logo.png\" class=\"attachment-large size-large wp-image-36\" alt=\"\" \/>\t\t\t\t\t\t\t\t\t\t\t\t\t\t\t<\/div>\n\t\t\t\t<\/div>\n\t\t\t\t\t<\/div>\n\t\t\t\t<\/div>\n\t\t<div class=\"has_eae_slider elementor-element elementor-element-202be507 e-flex e-con-boxed e-con e-parent\" data-eae-slider=\"60370\" data-id=\"202be507\" data-element_type=\"container\" data-e-type=\"container\">\n\t\t\t\t\t<div class=\"e-con-inner\">\n\t\t\t\t<div class=\"elementor-element elementor-element-16bf859a elementor-widget elementor-widget-text-editor\" data-id=\"16bf859a\" data-element_type=\"widget\" data-e-type=\"widget\" data-widget_type=\"text-editor.default\">\n\t\t\t\t<div class=\"elementor-widget-container\">\n\t\t\t\t\t\t\t\t\t<p>Wydarzenia upowszechniaj\u0105ce koncentrowa\u0142y si\u0119 na rozpowszechnianiu rezultat\u00f3w i osi\u0105gni\u0119\u0107 projektu, realizowanych na poziomie dzielnicy, z udzia\u0142em przedstawicieli partnera krajowego, obywateli i interesariuszy.<\/p><p>Lokalizacja: Chorwacja<\/p><p>Liczba uczestnik\u00f3w: 30<\/p>\t\t\t\t\t\t\t\t<\/div>\n\t\t\t\t<\/div>\n\t\t\t\t\t<\/div>\n\t\t\t\t<\/div>\n\t\t<div class=\"has_eae_slider elementor-element elementor-element-25c322c0 e-flex e-con-boxed e-con e-parent\" data-eae-slider=\"56856\" data-id=\"25c322c0\" data-element_type=\"container\" data-e-type=\"container\">\n\t\t\t\t\t<div class=\"e-con-inner\">\n\t\t\t\t<div class=\"elementor-element elementor-element-3e207491 gallery-spacing-custom elementor-widget elementor-widget-image-gallery\" data-id=\"3e207491\" data-element_type=\"widget\" data-e-type=\"widget\" data-widget_type=\"image-gallery.default\">\n\t\t\t\t<div class=\"elementor-widget-container\">\n\t\t\t\t\t\t\t<div class=\"elementor-image-gallery\">\n\t\t\t<div id='gallery-1' class='gallery galleryid-927 gallery-columns-3 gallery-size-medium'><figure class='gallery-item'>\n\t\t\t<div class='gallery-icon landscape'>\n\t\t\t\t<a data-elementor-open-lightbox=\"yes\" data-elementor-lightbox-slideshow=\"3e207491\" data-elementor-lightbox-title=\"1748535933338\" data-e-action-hash=\"#elementor-action%3Aaction%3Dlightbox%26settings%3DeyJpZCI6Nzg5LCJ1cmwiOiJodHRwczpcL1wvY2lzY2EtcHJvamVjdC5ldVwvd3AtY29udGVudFwvdXBsb2Fkc1wvMjAyNVwvMDZcLzE3NDg1MzU5MzMzMzgtc2NhbGVkLmpwZyIsInNsaWRlc2hvdyI6IjNlMjA3NDkxIn0%3D\" href='https:\/\/cisca-project.eu\/wp-content\/uploads\/2025\/06\/1748535933338-scaled.jpg'><img fetchpriority=\"high\" decoding=\"async\" width=\"300\" height=\"225\" src=\"https:\/\/cisca-project.eu\/wp-content\/uploads\/2025\/06\/1748535933338-300x225.jpg\" class=\"attachment-medium size-medium\" alt=\"\" srcset=\"https:\/\/cisca-project.eu\/wp-content\/uploads\/2025\/06\/1748535933338-300x225.jpg 300w, https:\/\/cisca-project.eu\/wp-content\/uploads\/2025\/06\/1748535933338-1024x768.jpg 1024w, https:\/\/cisca-project.eu\/wp-content\/uploads\/2025\/06\/1748535933338-768x576.jpg 768w, https:\/\/cisca-project.eu\/wp-content\/uploads\/2025\/06\/1748535933338-1536x1152.jpg 1536w, https:\/\/cisca-project.eu\/wp-content\/uploads\/2025\/06\/1748535933338-2048x1536.jpg 2048w, https:\/\/cisca-project.eu\/wp-content\/uploads\/2025\/06\/1748535933338-16x12.jpg 16w\" sizes=\"(max-width: 300px) 100vw, 300px\" \/><\/a>\n\t\t\t<\/div><\/figure><figure class='gallery-item'>\n\t\t\t<div class='gallery-icon landscape'>\n\t\t\t\t<a data-elementor-open-lightbox=\"yes\" data-elementor-lightbox-slideshow=\"3e207491\" data-elementor-lightbox-title=\"1748535933254\" data-e-action-hash=\"#elementor-action%3Aaction%3Dlightbox%26settings%3DeyJpZCI6Nzg3LCJ1cmwiOiJodHRwczpcL1wvY2lzY2EtcHJvamVjdC5ldVwvd3AtY29udGVudFwvdXBsb2Fkc1wvMjAyNVwvMDZcLzE3NDg1MzU5MzMyNTQtc2NhbGVkLmpwZyIsInNsaWRlc2hvdyI6IjNlMjA3NDkxIn0%3D\" href='https:\/\/cisca-project.eu\/wp-content\/uploads\/2025\/06\/1748535933254-scaled.jpg'><img decoding=\"async\" width=\"300\" height=\"225\" src=\"https:\/\/cisca-project.eu\/wp-content\/uploads\/2025\/06\/1748535933254-300x225.jpg\" class=\"attachment-medium size-medium\" alt=\"\" srcset=\"https:\/\/cisca-project.eu\/wp-content\/uploads\/2025\/06\/1748535933254-300x225.jpg 300w, https:\/\/cisca-project.eu\/wp-content\/uploads\/2025\/06\/1748535933254-1024x768.jpg 1024w, https:\/\/cisca-project.eu\/wp-content\/uploads\/2025\/06\/1748535933254-768x576.jpg 768w, https:\/\/cisca-project.eu\/wp-content\/uploads\/2025\/06\/1748535933254-1536x1152.jpg 1536w, https:\/\/cisca-project.eu\/wp-content\/uploads\/2025\/06\/1748535933254-2048x1536.jpg 2048w, https:\/\/cisca-project.eu\/wp-content\/uploads\/2025\/06\/1748535933254-16x12.jpg 16w\" sizes=\"(max-width: 300px) 100vw, 300px\" \/><\/a>\n\t\t\t<\/div><\/figure><figure class='gallery-item'>\n\t\t\t<div class='gallery-icon landscape'>\n\t\t\t\t<a data-elementor-open-lightbox=\"yes\" data-elementor-lightbox-slideshow=\"3e207491\" data-elementor-lightbox-title=\"1748536202336\" data-e-action-hash=\"#elementor-action%3Aaction%3Dlightbox%26settings%3DeyJpZCI6NzkwLCJ1cmwiOiJodHRwczpcL1wvY2lzY2EtcHJvamVjdC5ldVwvd3AtY29udGVudFwvdXBsb2Fkc1wvMjAyNVwvMDZcLzE3NDg1MzYyMDIzMzYtc2NhbGVkLmpwZyIsInNsaWRlc2hvdyI6IjNlMjA3NDkxIn0%3D\" href='https:\/\/cisca-project.eu\/wp-content\/uploads\/2025\/06\/1748536202336-scaled.jpg'><img loading=\"lazy\" decoding=\"async\" width=\"300\" height=\"225\" src=\"https:\/\/cisca-project.eu\/wp-content\/uploads\/2025\/06\/1748536202336-300x225.jpg\" class=\"attachment-medium size-medium\" alt=\"\" srcset=\"https:\/\/cisca-project.eu\/wp-content\/uploads\/2025\/06\/1748536202336-300x225.jpg 300w, https:\/\/cisca-project.eu\/wp-content\/uploads\/2025\/06\/1748536202336-1024x768.jpg 1024w, https:\/\/cisca-project.eu\/wp-content\/uploads\/2025\/06\/1748536202336-768x576.jpg 768w, https:\/\/cisca-project.eu\/wp-content\/uploads\/2025\/06\/1748536202336-1536x1152.jpg 1536w, https:\/\/cisca-project.eu\/wp-content\/uploads\/2025\/06\/1748536202336-2048x1536.jpg 2048w, https:\/\/cisca-project.eu\/wp-content\/uploads\/2025\/06\/1748536202336-16x12.jpg 16w\" sizes=\"(max-width: 300px) 100vw, 300px\" \/><\/a>\n\t\t\t<\/div><\/figure>\n\t\t<\/div>\n\t\t<\/div>\n\t\t\t\t\t\t<\/div>\n\t\t\t\t<\/div>\n\t\t\t\t\t<\/div>\n\t\t\t\t<\/div>\n\t\t<div class=\"has_eae_slider elementor-element elementor-element-259aa60 e-flex e-con-boxed e-con e-parent\" data-eae-slider=\"14566\" data-id=\"259aa60\" data-element_type=\"container\" data-e-type=\"container\">\n\t\t\t\t\t<div class=\"e-con-inner\">\n\t\t\t\t<div class=\"elementor-element elementor-element-4dad850 elementor-widget-divider--view-line elementor-widget elementor-widget-divider\" data-id=\"4dad850\" data-element_type=\"widget\" data-e-type=\"widget\" data-widget_type=\"divider.default\">\n\t\t\t\t<div class=\"elementor-widget-container\">\n\t\t\t\t\t\t\t<div class=\"elementor-divider\">\n\t\t\t<span class=\"elementor-divider-separator\">\n\t\t\t\t\t\t<\/span>\n\t\t<\/div>\n\t\t\t\t\t\t<\/div>\n\t\t\t\t<\/div>\n\t\t\t\t\t<\/div>\n\t\t\t\t<\/div>\n\t\t\t\t<\/div>","protected":false},"excerpt":{"rendered":"<p>This multiplier events were focused on the dissemination of Project Results and achievements, implemented at the level of the neighborhood, with the involvement of representatives of the national partner, citizens and stakeholders. Location: Croatia N\u00b0 of participants: 30<\/p>","protected":false},"author":2,"featured_media":0,"parent":0,"menu_order":0,"comment_status":"closed","ping_status":"closed","template":"","meta":{"footnotes":""},"class_list":["post-927","page","type-page","status-publish","hentry"],"blocksy_meta":[],"_links":{"self":[{"href":"https:\/\/cisca-project.eu\/pl\/wp-json\/wp\/v2\/pages\/927","targetHints":{"allow":["GET"]}}],"collection":[{"href":"https:\/\/cisca-project.eu\/pl\/wp-json\/wp\/v2\/pages"}],"about":[{"href":"https:\/\/cisca-project.eu\/pl\/wp-json\/wp\/v2\/types\/page"}],"author":[{"embeddable":true,"href":"https:\/\/cisca-project.eu\/pl\/wp-json\/wp\/v2\/users\/2"}],"replies":[{"embeddable":true,"href":"https:\/\/cisca-project.eu\/pl\/wp-json\/wp\/v2\/comments?post=927"}],"version-history":[{"count":4,"href":"https:\/\/cisca-project.eu\/pl\/wp-json\/wp\/v2\/pages\/927\/revisions"}],"predecessor-version":[{"id":931,"href":"https:\/\/cisca-project.eu\/pl\/wp-json\/wp\/v2\/pages\/927\/revisions\/931"}],"wp:attachment":[{"href":"https:\/\/cisca-project.eu\/pl\/wp-json\/wp\/v2\/media?parent=927"}],"curies":[{"name":"wp","href":"https:\/\/api.w.org\/{rel}","templated":true}]}}