{"id":890,"date":"2025-07-17T12:59:52","date_gmt":"2025-07-17T12:59:52","guid":{"rendered":"https:\/\/cisca-project.eu\/?page_id=890"},"modified":"2025-07-17T13:00:24","modified_gmt":"2025-07-17T13:00:24","slug":"szgp-neighborhood-programmes","status":"publish","type":"page","link":"https:\/\/cisca-project.eu\/pl\/szgp-neighborhood-programmes\/","title":{"rendered":"SZGP - Programy s\u0105siedzkie"},"content":{"rendered":"<div data-elementor-type=\"wp-page\" data-elementor-id=\"890\" class=\"elementor elementor-890\">\n\t\t\t\t<div class=\"has_eae_slider elementor-element elementor-element-28f20939 e-flex e-con-boxed e-con e-parent\" data-eae-slider=\"71500\" data-id=\"28f20939\" data-element_type=\"container\" data-e-type=\"container\">\n\t\t\t\t\t<div class=\"e-con-inner\">\n\t\t\t\t<div class=\"elementor-element elementor-element-32e5431f elementor-widget elementor-widget-image\" data-id=\"32e5431f\" data-element_type=\"widget\" data-e-type=\"widget\" data-widget_type=\"image.default\">\n\t\t\t\t<div class=\"elementor-widget-container\">\n\t\t\t\t\t\t\t\t\t\t\t\t\t\t\t<img decoding=\"async\" width=\"180\" height=\"113\" src=\"https:\/\/cisca-project.eu\/wp-content\/uploads\/2023\/03\/szgp-logo.png\" class=\"attachment-large size-large wp-image-36\" alt=\"\" \/>\t\t\t\t\t\t\t\t\t\t\t\t\t\t\t<\/div>\n\t\t\t\t<\/div>\n\t\t\t\t\t<\/div>\n\t\t\t\t<\/div>\n\t\t<div class=\"has_eae_slider elementor-element elementor-element-4a35eec5 e-flex e-con-boxed e-con e-parent\" data-eae-slider=\"9473\" data-id=\"4a35eec5\" data-element_type=\"container\" data-e-type=\"container\">\n\t\t\t\t\t<div class=\"e-con-inner\">\n\t\t\t\t<div class=\"elementor-element elementor-element-434b98b3 elementor-widget elementor-widget-text-editor\" data-id=\"434b98b3\" data-element_type=\"widget\" data-e-type=\"widget\" data-widget_type=\"text-editor.default\">\n\t\t\t\t<div class=\"elementor-widget-container\">\n\t\t\t\t\t\t\t\t\t<p>Program s\u0105siedzki, kt\u00f3rego ostatecznymi odbiorcami byli obywatele, zosta\u0142 wdro\u017cony w ka\u017cdym s\u0105siedztwie partnerstwa. Za realizacj\u0119 programu w ka\u017cdym kraju odpowiedzialni byli operatorzy (po 3 w ka\u017cdym kraju z r\u00f3\u017cnych \u015brodowisk) przeszkoleni w ramach lokalnych szkole\u0144, przy wsparciu 2 trener\u00f3w z organizacji goszcz\u0105cych. Specyficzna struktura program\u00f3w s\u0105siedzkich w ka\u017cdym kraju zosta\u0142a ustalona przez operator\u00f3w i trener\u00f3w na ko\u0144cowych etapach kurs\u00f3w szkoleniowych, w oparciu o opracowane efekty uczenia si\u0119 i specyficzne warunki (miejskie, zwi\u0105zane z populacj\u0105 itp.) dzielnic.<\/p><p>Lokalizacja: Chorwacja<\/p><p>Liczba uczestnik\u00f3w: 60<\/p>\t\t\t\t\t\t\t\t<\/div>\n\t\t\t\t<\/div>\n\t\t\t\t\t<\/div>\n\t\t\t\t<\/div>\n\t\t<div class=\"has_eae_slider elementor-element elementor-element-50bc157a e-flex e-con-boxed e-con e-parent\" data-eae-slider=\"36594\" data-id=\"50bc157a\" data-element_type=\"container\" data-e-type=\"container\">\n\t\t\t\t\t<div class=\"e-con-inner\">\n\t\t\t\t<div class=\"elementor-element elementor-element-65e8cc30 gallery-spacing-custom elementor-widget elementor-widget-image-gallery\" data-id=\"65e8cc30\" data-element_type=\"widget\" data-e-type=\"widget\" data-widget_type=\"image-gallery.default\">\n\t\t\t\t<div class=\"elementor-widget-container\">\n\t\t\t\t\t\t\t<div class=\"elementor-image-gallery\">\n\t\t\t<div id='gallery-1' class='gallery galleryid-890 gallery-columns-4 gallery-size-medium'><figure class='gallery-item'>\n\t\t\t<div class='gallery-icon landscape'>\n\t\t\t\t<a data-elementor-open-lightbox=\"yes\" data-elementor-lightbox-slideshow=\"65e8cc30\" data-elementor-lightbox-title=\"Screenshot_29-5-2025_111611_\" data-e-action-hash=\"#elementor-action%3Aaction%3Dlightbox%26settings%3DeyJpZCI6Njg1LCJ1cmwiOiJodHRwczpcL1wvY2lzY2EtcHJvamVjdC5ldVwvd3AtY29udGVudFwvdXBsb2Fkc1wvMjAyNVwvMDVcL1NjcmVlbnNob3RfMjktNS0yMDI1XzExMTYxMV8uanBlZyIsInNsaWRlc2hvdyI6IjY1ZThjYzMwIn0%3D\" href='https:\/\/cisca-project.eu\/wp-content\/uploads\/2025\/05\/Screenshot_29-5-2025_111611_.jpeg'><img fetchpriority=\"high\" decoding=\"async\" width=\"300\" height=\"223\" src=\"https:\/\/cisca-project.eu\/wp-content\/uploads\/2025\/05\/Screenshot_29-5-2025_111611_-300x223.jpeg\" class=\"attachment-medium size-medium\" alt=\"\" srcset=\"https:\/\/cisca-project.eu\/wp-content\/uploads\/2025\/05\/Screenshot_29-5-2025_111611_-300x223.jpeg 300w, https:\/\/cisca-project.eu\/wp-content\/uploads\/2025\/05\/Screenshot_29-5-2025_111611_-768x572.jpeg 768w, https:\/\/cisca-project.eu\/wp-content\/uploads\/2025\/05\/Screenshot_29-5-2025_111611_-16x12.jpeg 16w, https:\/\/cisca-project.eu\/wp-content\/uploads\/2025\/05\/Screenshot_29-5-2025_111611_.jpeg 893w\" sizes=\"(max-width: 300px) 100vw, 300px\" \/><\/a>\n\t\t\t<\/div><\/figure><figure class='gallery-item'>\n\t\t\t<div class='gallery-icon landscape'>\n\t\t\t\t<a data-elementor-open-lightbox=\"yes\" data-elementor-lightbox-slideshow=\"65e8cc30\" data-elementor-lightbox-title=\"Screenshot_29-5-2025_111544_\" data-e-action-hash=\"#elementor-action%3Aaction%3Dlightbox%26settings%3DeyJpZCI6Njg2LCJ1cmwiOiJodHRwczpcL1wvY2lzY2EtcHJvamVjdC5ldVwvd3AtY29udGVudFwvdXBsb2Fkc1wvMjAyNVwvMDVcL1NjcmVlbnNob3RfMjktNS0yMDI1XzExMTU0NF8uanBlZyIsInNsaWRlc2hvdyI6IjY1ZThjYzMwIn0%3D\" href='https:\/\/cisca-project.eu\/wp-content\/uploads\/2025\/05\/Screenshot_29-5-2025_111544_.jpeg'><img decoding=\"async\" width=\"300\" height=\"225\" src=\"https:\/\/cisca-project.eu\/wp-content\/uploads\/2025\/05\/Screenshot_29-5-2025_111544_-300x225.jpeg\" class=\"attachment-medium size-medium\" alt=\"\" srcset=\"https:\/\/cisca-project.eu\/wp-content\/uploads\/2025\/05\/Screenshot_29-5-2025_111544_-300x225.jpeg 300w, https:\/\/cisca-project.eu\/wp-content\/uploads\/2025\/05\/Screenshot_29-5-2025_111544_-768x575.jpeg 768w, https:\/\/cisca-project.eu\/wp-content\/uploads\/2025\/05\/Screenshot_29-5-2025_111544_-16x12.jpeg 16w, https:\/\/cisca-project.eu\/wp-content\/uploads\/2025\/05\/Screenshot_29-5-2025_111544_.jpeg 897w\" sizes=\"(max-width: 300px) 100vw, 300px\" \/><\/a>\n\t\t\t<\/div><\/figure><figure class='gallery-item'>\n\t\t\t<div class='gallery-icon portrait'>\n\t\t\t\t<a data-elementor-open-lightbox=\"yes\" data-elementor-lightbox-slideshow=\"65e8cc30\" data-elementor-lightbox-title=\"Screenshot_29-5-2025_111816_\" data-e-action-hash=\"#elementor-action%3Aaction%3Dlightbox%26settings%3DeyJpZCI6NjgxLCJ1cmwiOiJodHRwczpcL1wvY2lzY2EtcHJvamVjdC5ldVwvd3AtY29udGVudFwvdXBsb2Fkc1wvMjAyNVwvMDVcL1NjcmVlbnNob3RfMjktNS0yMDI1XzExMTgxNl8uanBlZyIsInNsaWRlc2hvdyI6IjY1ZThjYzMwIn0%3D\" href='https:\/\/cisca-project.eu\/wp-content\/uploads\/2025\/05\/Screenshot_29-5-2025_111816_.jpeg'><img loading=\"lazy\" decoding=\"async\" width=\"267\" height=\"300\" src=\"https:\/\/cisca-project.eu\/wp-content\/uploads\/2025\/05\/Screenshot_29-5-2025_111816_-267x300.jpeg\" class=\"attachment-medium size-medium\" alt=\"\" srcset=\"https:\/\/cisca-project.eu\/wp-content\/uploads\/2025\/05\/Screenshot_29-5-2025_111816_-267x300.jpeg 267w, https:\/\/cisca-project.eu\/wp-content\/uploads\/2025\/05\/Screenshot_29-5-2025_111816_-768x864.jpeg 768w, https:\/\/cisca-project.eu\/wp-content\/uploads\/2025\/05\/Screenshot_29-5-2025_111816_-11x12.jpeg 11w, https:\/\/cisca-project.eu\/wp-content\/uploads\/2025\/05\/Screenshot_29-5-2025_111816_.jpeg 886w\" sizes=\"(max-width: 267px) 100vw, 267px\" \/><\/a>\n\t\t\t<\/div><\/figure><figure class='gallery-item'>\n\t\t\t<div class='gallery-icon landscape'>\n\t\t\t\t<a data-elementor-open-lightbox=\"yes\" data-elementor-lightbox-slideshow=\"65e8cc30\" data-elementor-lightbox-title=\"Screenshot_29-5-2025_111717_\" data-e-action-hash=\"#elementor-action%3Aaction%3Dlightbox%26settings%3DeyJpZCI6Njg0LCJ1cmwiOiJodHRwczpcL1wvY2lzY2EtcHJvamVjdC5ldVwvd3AtY29udGVudFwvdXBsb2Fkc1wvMjAyNVwvMDVcL1NjcmVlbnNob3RfMjktNS0yMDI1XzExMTcxN18uanBlZyIsInNsaWRlc2hvdyI6IjY1ZThjYzMwIn0%3D\" href='https:\/\/cisca-project.eu\/wp-content\/uploads\/2025\/05\/Screenshot_29-5-2025_111717_.jpeg'><img loading=\"lazy\" decoding=\"async\" width=\"300\" height=\"294\" src=\"https:\/\/cisca-project.eu\/wp-content\/uploads\/2025\/05\/Screenshot_29-5-2025_111717_-300x294.jpeg\" class=\"attachment-medium size-medium\" alt=\"\" srcset=\"https:\/\/cisca-project.eu\/wp-content\/uploads\/2025\/05\/Screenshot_29-5-2025_111717_-300x294.jpeg 300w, https:\/\/cisca-project.eu\/wp-content\/uploads\/2025\/05\/Screenshot_29-5-2025_111717_-768x754.jpeg 768w, https:\/\/cisca-project.eu\/wp-content\/uploads\/2025\/05\/Screenshot_29-5-2025_111717_-12x12.jpeg 12w, https:\/\/cisca-project.eu\/wp-content\/uploads\/2025\/05\/Screenshot_29-5-2025_111717_.jpeg 851w\" sizes=\"(max-width: 300px) 100vw, 300px\" \/><\/a>\n\t\t\t<\/div><\/figure><figure class='gallery-item'>\n\t\t\t<div class='gallery-icon landscape'>\n\t\t\t\t<a data-elementor-open-lightbox=\"yes\" data-elementor-lightbox-slideshow=\"65e8cc30\" data-elementor-lightbox-title=\"Screenshot_29-5-2025_111744_\" data-e-action-hash=\"#elementor-action%3Aaction%3Dlightbox%26settings%3DeyJpZCI6NjgyLCJ1cmwiOiJodHRwczpcL1wvY2lzY2EtcHJvamVjdC5ldVwvd3AtY29udGVudFwvdXBsb2Fkc1wvMjAyNVwvMDVcL1NjcmVlbnNob3RfMjktNS0yMDI1XzExMTc0NF8uanBlZyIsInNsaWRlc2hvdyI6IjY1ZThjYzMwIn0%3D\" href='https:\/\/cisca-project.eu\/wp-content\/uploads\/2025\/05\/Screenshot_29-5-2025_111744_.jpeg'><img loading=\"lazy\" decoding=\"async\" width=\"300\" height=\"223\" src=\"https:\/\/cisca-project.eu\/wp-content\/uploads\/2025\/05\/Screenshot_29-5-2025_111744_-300x223.jpeg\" class=\"attachment-medium size-medium\" alt=\"\" srcset=\"https:\/\/cisca-project.eu\/wp-content\/uploads\/2025\/05\/Screenshot_29-5-2025_111744_-300x223.jpeg 300w, https:\/\/cisca-project.eu\/wp-content\/uploads\/2025\/05\/Screenshot_29-5-2025_111744_-768x571.jpeg 768w, https:\/\/cisca-project.eu\/wp-content\/uploads\/2025\/05\/Screenshot_29-5-2025_111744_-16x12.jpeg 16w, https:\/\/cisca-project.eu\/wp-content\/uploads\/2025\/05\/Screenshot_29-5-2025_111744_.jpeg 865w\" sizes=\"(max-width: 300px) 100vw, 300px\" \/><\/a>\n\t\t\t<\/div><\/figure><figure class='gallery-item'>\n\t\t\t<div class='gallery-icon landscape'>\n\t\t\t\t<a data-elementor-open-lightbox=\"yes\" data-elementor-lightbox-slideshow=\"65e8cc30\" data-elementor-lightbox-title=\"Screenshot_29-5-2025_111730_\" data-e-action-hash=\"#elementor-action%3Aaction%3Dlightbox%26settings%3DeyJpZCI6NjgzLCJ1cmwiOiJodHRwczpcL1wvY2lzY2EtcHJvamVjdC5ldVwvd3AtY29udGVudFwvdXBsb2Fkc1wvMjAyNVwvMDVcL1NjcmVlbnNob3RfMjktNS0yMDI1XzExMTczMF8uanBlZyIsInNsaWRlc2hvdyI6IjY1ZThjYzMwIn0%3D\" href='https:\/\/cisca-project.eu\/wp-content\/uploads\/2025\/05\/Screenshot_29-5-2025_111730_.jpeg'><img loading=\"lazy\" decoding=\"async\" width=\"300\" height=\"219\" src=\"https:\/\/cisca-project.eu\/wp-content\/uploads\/2025\/05\/Screenshot_29-5-2025_111730_-300x219.jpeg\" class=\"attachment-medium size-medium\" alt=\"\" srcset=\"https:\/\/cisca-project.eu\/wp-content\/uploads\/2025\/05\/Screenshot_29-5-2025_111730_-300x219.jpeg 300w, https:\/\/cisca-project.eu\/wp-content\/uploads\/2025\/05\/Screenshot_29-5-2025_111730_-768x561.jpeg 768w, https:\/\/cisca-project.eu\/wp-content\/uploads\/2025\/05\/Screenshot_29-5-2025_111730_-16x12.jpeg 16w, https:\/\/cisca-project.eu\/wp-content\/uploads\/2025\/05\/Screenshot_29-5-2025_111730_.jpeg 881w\" sizes=\"(max-width: 300px) 100vw, 300px\" \/><\/a>\n\t\t\t<\/div><\/figure>\n\t\t<\/div>\n\t\t<\/div>\n\t\t\t\t\t\t<\/div>\n\t\t\t\t<\/div>\n\t\t\t\t\t<\/div>\n\t\t\t\t<\/div>\n\t\t<div class=\"has_eae_slider elementor-element elementor-element-afa88cf e-flex e-con-boxed e-con e-parent\" data-eae-slider=\"42031\" data-id=\"afa88cf\" data-element_type=\"container\" data-e-type=\"container\">\n\t\t\t\t\t<div class=\"e-con-inner\">\n\t\t\t\t<div class=\"elementor-element elementor-element-109caa2 elementor-widget-divider--view-line elementor-widget elementor-widget-divider\" data-id=\"109caa2\" data-element_type=\"widget\" data-e-type=\"widget\" data-widget_type=\"divider.default\">\n\t\t\t\t<div class=\"elementor-widget-container\">\n\t\t\t\t\t\t\t<div class=\"elementor-divider\">\n\t\t\t<span class=\"elementor-divider-separator\">\n\t\t\t\t\t\t<\/span>\n\t\t<\/div>\n\t\t\t\t\t\t<\/div>\n\t\t\t\t<\/div>\n\t\t\t\t\t<\/div>\n\t\t\t\t<\/div>\n\t\t\t\t<\/div>","protected":false},"excerpt":{"rendered":"<p>A Neighborhood Programme with the ultimate audience of citizens was implemented in each neighborhood of the partnership. In charge of delivery per each country were the operators (3 per country from diverse backgrounds) trained in the frame of local trainings, with the support of 2 Trainers from the hosting organizations. The specific structure of the [&hellip;]<\/p>\n","protected":false},"author":2,"featured_media":0,"parent":0,"menu_order":0,"comment_status":"closed","ping_status":"closed","template":"","meta":{"footnotes":""},"class_list":["post-890","page","type-page","status-publish","hentry"],"blocksy_meta":[],"_links":{"self":[{"href":"https:\/\/cisca-project.eu\/pl\/wp-json\/wp\/v2\/pages\/890","targetHints":{"allow":["GET"]}}],"collection":[{"href":"https:\/\/cisca-project.eu\/pl\/wp-json\/wp\/v2\/pages"}],"about":[{"href":"https:\/\/cisca-project.eu\/pl\/wp-json\/wp\/v2\/types\/page"}],"author":[{"embeddable":true,"href":"https:\/\/cisca-project.eu\/pl\/wp-json\/wp\/v2\/users\/2"}],"replies":[{"embeddable":true,"href":"https:\/\/cisca-project.eu\/pl\/wp-json\/wp\/v2\/comments?post=890"}],"version-history":[{"count":4,"href":"https:\/\/cisca-project.eu\/pl\/wp-json\/wp\/v2\/pages\/890\/revisions"}],"predecessor-version":[{"id":894,"href":"https:\/\/cisca-project.eu\/pl\/wp-json\/wp\/v2\/pages\/890\/revisions\/894"}],"wp:attachment":[{"href":"https:\/\/cisca-project.eu\/pl\/wp-json\/wp\/v2\/media?parent=890"}],"curies":[{"name":"wp","href":"https:\/\/api.w.org\/{rel}","templated":true}]}}