{"id":877,"date":"2025-07-17T09:41:16","date_gmt":"2025-07-17T09:41:16","guid":{"rendered":"https:\/\/cisca-project.eu\/?page_id=877"},"modified":"2025-07-17T09:41:43","modified_gmt":"2025-07-17T09:41:43","slug":"uth-local-impact-trainings","status":"publish","type":"page","link":"https:\/\/cisca-project.eu\/pl\/uth-local-impact-trainings\/","title":{"rendered":"UTH - Szkolenia dotycz\u0105ce wp\u0142ywu lokalnego"},"content":{"rendered":"<div data-elementor-type=\"wp-page\" data-elementor-id=\"877\" class=\"elementor elementor-877\">\n\t\t\t\t<div class=\"has_eae_slider elementor-element elementor-element-93aea8d e-flex e-con-boxed e-con e-parent\" data-eae-slider=\"13679\" data-id=\"93aea8d\" data-element_type=\"container\" data-e-type=\"container\">\n\t\t\t\t\t<div class=\"e-con-inner\">\n\t\t\t\t<div class=\"elementor-element elementor-element-90a8ad9 elementor-widget elementor-widget-image\" data-id=\"90a8ad9\" data-element_type=\"widget\" data-e-type=\"widget\" data-widget_type=\"image.default\">\n\t\t\t\t<div class=\"elementor-widget-container\">\n\t\t\t\t\t\t\t\t\t\t\t\t\t\t\t<img decoding=\"async\" width=\"300\" height=\"82\" src=\"https:\/\/cisca-project.eu\/wp-content\/uploads\/2023\/03\/University-of-Thessaly-300x82.png\" class=\"attachment-medium size-medium wp-image-37\" alt=\"\" srcset=\"https:\/\/cisca-project.eu\/wp-content\/uploads\/2023\/03\/University-of-Thessaly-300x82.png 300w, https:\/\/cisca-project.eu\/wp-content\/uploads\/2023\/03\/University-of-Thessaly.png 340w\" sizes=\"(max-width: 300px) 100vw, 300px\" \/>\t\t\t\t\t\t\t\t\t\t\t\t\t\t\t<\/div>\n\t\t\t\t<\/div>\n\t\t\t\t<div class=\"elementor-element elementor-element-f8b62a9 elementor-widget elementor-widget-text-editor\" data-id=\"f8b62a9\" data-element_type=\"widget\" data-e-type=\"widget\" data-widget_type=\"text-editor.default\">\n\t\t\t\t<div class=\"elementor-widget-container\">\n\t\t\t\t\t\t\t\t\t<p>Lokalne kursy szkoleniowe zosta\u0142y wdro\u017cone w ka\u017cdym kraju partnerskim w celu przetestowania formatu szkoleniowego opracowanego w ramach projektu w rzeczywistych warunkach szkoleniowych, a tak\u017ce umo\u017cliwienia operatorom realizacji nadchodz\u0105cej fazy dzia\u0142a\u0144 s\u0105siedzkich.<\/p><p>Lokalizacja: Grecja<\/p><p>Liczba uczestnik\u00f3w: 3 operator\u00f3w (1 operator sportowy, 1 operator z grup\/komitet\u00f3w obywatelskich (formalnych lub nieformalnych), 1 operator z organizacji pozarz\u0105dowej) ustanowionych w dzielnicach wybranych jako obszary dzia\u0142ania przez organizacje partnerskie.<\/p><p>Wiek: 18+<\/p>\t\t\t\t\t\t\t\t<\/div>\n\t\t\t\t<\/div>\n\t\t\t\t\t<\/div>\n\t\t\t\t<\/div>\n\t\t<div class=\"has_eae_slider elementor-element elementor-element-afddb7a e-flex e-con-boxed e-con e-parent\" data-eae-slider=\"29904\" data-id=\"afddb7a\" data-element_type=\"container\" data-e-type=\"container\">\n\t\t\t\t\t<div class=\"e-con-inner\">\n\t\t\t\t<div class=\"elementor-element elementor-element-dfe5a4c gallery-spacing-custom elementor-widget elementor-widget-image-gallery\" data-id=\"dfe5a4c\" data-element_type=\"widget\" data-e-type=\"widget\" data-widget_type=\"image-gallery.default\">\n\t\t\t\t<div class=\"elementor-widget-container\">\n\t\t\t\t\t\t\t<div class=\"elementor-image-gallery\">\n\t\t\t<div id='gallery-1' class='gallery galleryid-877 gallery-columns-4 gallery-size-medium'><figure class='gallery-item'>\n\t\t\t<div class='gallery-icon landscape'>\n\t\t\t\t<a data-elementor-open-lightbox=\"yes\" data-elementor-lightbox-slideshow=\"dfe5a4c\" data-elementor-lightbox-title=\"Screenshot_29-5-2025_105153_\" data-e-action-hash=\"#elementor-action%3Aaction%3Dlightbox%26settings%3DeyJpZCI6NjY4LCJ1cmwiOiJodHRwczpcL1wvY2lzY2EtcHJvamVjdC5ldVwvd3AtY29udGVudFwvdXBsb2Fkc1wvMjAyNVwvMDVcL1NjcmVlbnNob3RfMjktNS0yMDI1XzEwNTE1M18uanBlZyIsInNsaWRlc2hvdyI6ImRmZTVhNGMifQ%3D%3D\" href='https:\/\/cisca-project.eu\/wp-content\/uploads\/2025\/05\/Screenshot_29-5-2025_105153_.jpeg'><img decoding=\"async\" width=\"300\" height=\"133\" src=\"https:\/\/cisca-project.eu\/wp-content\/uploads\/2025\/05\/Screenshot_29-5-2025_105153_-300x133.jpeg\" class=\"attachment-medium size-medium\" alt=\"\" srcset=\"https:\/\/cisca-project.eu\/wp-content\/uploads\/2025\/05\/Screenshot_29-5-2025_105153_-300x133.jpeg 300w, https:\/\/cisca-project.eu\/wp-content\/uploads\/2025\/05\/Screenshot_29-5-2025_105153_-1024x455.jpeg 1024w, https:\/\/cisca-project.eu\/wp-content\/uploads\/2025\/05\/Screenshot_29-5-2025_105153_-768x341.jpeg 768w, https:\/\/cisca-project.eu\/wp-content\/uploads\/2025\/05\/Screenshot_29-5-2025_105153_-18x8.jpeg 18w, https:\/\/cisca-project.eu\/wp-content\/uploads\/2025\/05\/Screenshot_29-5-2025_105153_.jpeg 1525w\" sizes=\"(max-width: 300px) 100vw, 300px\" \/><\/a>\n\t\t\t<\/div><\/figure><figure class='gallery-item'>\n\t\t\t<div class='gallery-icon landscape'>\n\t\t\t\t<a data-elementor-open-lightbox=\"yes\" data-elementor-lightbox-slideshow=\"dfe5a4c\" data-elementor-lightbox-title=\"Screenshot_29-5-2025_105129_\" data-e-action-hash=\"#elementor-action%3Aaction%3Dlightbox%26settings%3DeyJpZCI6NjY5LCJ1cmwiOiJodHRwczpcL1wvY2lzY2EtcHJvamVjdC5ldVwvd3AtY29udGVudFwvdXBsb2Fkc1wvMjAyNVwvMDVcL1NjcmVlbnNob3RfMjktNS0yMDI1XzEwNTEyOV8uanBlZyIsInNsaWRlc2hvdyI6ImRmZTVhNGMifQ%3D%3D\" href='https:\/\/cisca-project.eu\/wp-content\/uploads\/2025\/05\/Screenshot_29-5-2025_105129_.jpeg'><img decoding=\"async\" width=\"300\" height=\"135\" src=\"https:\/\/cisca-project.eu\/wp-content\/uploads\/2025\/05\/Screenshot_29-5-2025_105129_-300x135.jpeg\" class=\"attachment-medium size-medium\" alt=\"\" srcset=\"https:\/\/cisca-project.eu\/wp-content\/uploads\/2025\/05\/Screenshot_29-5-2025_105129_-300x135.jpeg 300w, https:\/\/cisca-project.eu\/wp-content\/uploads\/2025\/05\/Screenshot_29-5-2025_105129_-1024x459.jpeg 1024w, https:\/\/cisca-project.eu\/wp-content\/uploads\/2025\/05\/Screenshot_29-5-2025_105129_-768x345.jpeg 768w, https:\/\/cisca-project.eu\/wp-content\/uploads\/2025\/05\/Screenshot_29-5-2025_105129_-1536x689.jpeg 1536w, https:\/\/cisca-project.eu\/wp-content\/uploads\/2025\/05\/Screenshot_29-5-2025_105129_-18x8.jpeg 18w, https:\/\/cisca-project.eu\/wp-content\/uploads\/2025\/05\/Screenshot_29-5-2025_105129_.jpeg 1870w\" sizes=\"(max-width: 300px) 100vw, 300px\" \/><\/a>\n\t\t\t<\/div><\/figure><figure class='gallery-item'>\n\t\t\t<div class='gallery-icon landscape'>\n\t\t\t\t<a data-elementor-open-lightbox=\"yes\" data-elementor-lightbox-slideshow=\"dfe5a4c\" data-elementor-lightbox-title=\"Screenshot_29-5-2025_105021_\" data-e-action-hash=\"#elementor-action%3Aaction%3Dlightbox%26settings%3DeyJpZCI6NjcwLCJ1cmwiOiJodHRwczpcL1wvY2lzY2EtcHJvamVjdC5ldVwvd3AtY29udGVudFwvdXBsb2Fkc1wvMjAyNVwvMDVcL1NjcmVlbnNob3RfMjktNS0yMDI1XzEwNTAyMV8uanBlZyIsInNsaWRlc2hvdyI6ImRmZTVhNGMifQ%3D%3D\" href='https:\/\/cisca-project.eu\/wp-content\/uploads\/2025\/05\/Screenshot_29-5-2025_105021_.jpeg'><img loading=\"lazy\" decoding=\"async\" width=\"300\" height=\"135\" src=\"https:\/\/cisca-project.eu\/wp-content\/uploads\/2025\/05\/Screenshot_29-5-2025_105021_-300x135.jpeg\" class=\"attachment-medium size-medium\" alt=\"\" srcset=\"https:\/\/cisca-project.eu\/wp-content\/uploads\/2025\/05\/Screenshot_29-5-2025_105021_-300x135.jpeg 300w, https:\/\/cisca-project.eu\/wp-content\/uploads\/2025\/05\/Screenshot_29-5-2025_105021_-1024x459.jpeg 1024w, https:\/\/cisca-project.eu\/wp-content\/uploads\/2025\/05\/Screenshot_29-5-2025_105021_-768x344.jpeg 768w, https:\/\/cisca-project.eu\/wp-content\/uploads\/2025\/05\/Screenshot_29-5-2025_105021_-1536x689.jpeg 1536w, https:\/\/cisca-project.eu\/wp-content\/uploads\/2025\/05\/Screenshot_29-5-2025_105021_-18x8.jpeg 18w, https:\/\/cisca-project.eu\/wp-content\/uploads\/2025\/05\/Screenshot_29-5-2025_105021_.jpeg 1878w\" sizes=\"(max-width: 300px) 100vw, 300px\" \/><\/a>\n\t\t\t<\/div><\/figure>\n\t\t<\/div>\n\t\t<\/div>\n\t\t\t\t\t\t<\/div>\n\t\t\t\t<\/div>\n\t\t\t\t\t<\/div>\n\t\t\t\t<\/div>\n\t\t<div class=\"has_eae_slider elementor-element elementor-element-a2d22f7 e-flex e-con-boxed e-con e-parent\" data-eae-slider=\"30934\" data-id=\"a2d22f7\" data-element_type=\"container\" data-e-type=\"container\">\n\t\t\t\t\t<div class=\"e-con-inner\">\n\t\t\t\t<div class=\"elementor-element elementor-element-fe4406f elementor-widget-divider--view-line elementor-widget elementor-widget-divider\" data-id=\"fe4406f\" data-element_type=\"widget\" data-e-type=\"widget\" data-widget_type=\"divider.default\">\n\t\t\t\t<div class=\"elementor-widget-container\">\n\t\t\t\t\t\t\t<div class=\"elementor-divider\">\n\t\t\t<span class=\"elementor-divider-separator\">\n\t\t\t\t\t\t<\/span>\n\t\t<\/div>\n\t\t\t\t\t\t<\/div>\n\t\t\t\t<\/div>\n\t\t\t\t\t<\/div>\n\t\t\t\t<\/div>\n\t\t\t\t<\/div>","protected":false},"excerpt":{"rendered":"<p>Local training courses were implemented in each partner country for the purpose of testing the Training Format produced in the project in a real setting of training as well as enabling operators to deliver the upcoming phase of neighborhood activities. Location: Greece N\u00b0 of participants: 3 operators (1 Sport operator, 1 operator from citizens groups\/committees [&hellip;]<\/p>\n","protected":false},"author":2,"featured_media":0,"parent":0,"menu_order":0,"comment_status":"closed","ping_status":"closed","template":"","meta":{"footnotes":""},"class_list":["post-877","page","type-page","status-publish","hentry"],"blocksy_meta":[],"_links":{"self":[{"href":"https:\/\/cisca-project.eu\/pl\/wp-json\/wp\/v2\/pages\/877","targetHints":{"allow":["GET"]}}],"collection":[{"href":"https:\/\/cisca-project.eu\/pl\/wp-json\/wp\/v2\/pages"}],"about":[{"href":"https:\/\/cisca-project.eu\/pl\/wp-json\/wp\/v2\/types\/page"}],"author":[{"embeddable":true,"href":"https:\/\/cisca-project.eu\/pl\/wp-json\/wp\/v2\/users\/2"}],"replies":[{"embeddable":true,"href":"https:\/\/cisca-project.eu\/pl\/wp-json\/wp\/v2\/comments?post=877"}],"version-history":[{"count":4,"href":"https:\/\/cisca-project.eu\/pl\/wp-json\/wp\/v2\/pages\/877\/revisions"}],"predecessor-version":[{"id":881,"href":"https:\/\/cisca-project.eu\/pl\/wp-json\/wp\/v2\/pages\/877\/revisions\/881"}],"wp:attachment":[{"href":"https:\/\/cisca-project.eu\/pl\/wp-json\/wp\/v2\/media?parent=877"}],"curies":[{"name":"wp","href":"https:\/\/api.w.org\/{rel}","templated":true}]}}