{"id":872,"date":"2025-07-17T09:40:09","date_gmt":"2025-07-17T09:40:09","guid":{"rendered":"https:\/\/cisca-project.eu\/?page_id=872"},"modified":"2025-07-17T09:40:37","modified_gmt":"2025-07-17T09:40:37","slug":"crn-local-impact-trainings","status":"publish","type":"page","link":"https:\/\/cisca-project.eu\/pl\/crn-local-impact-trainings\/","title":{"rendered":"CRN - Szkolenia dotycz\u0105ce wp\u0142ywu lokalnego"},"content":{"rendered":"<div data-elementor-type=\"wp-page\" data-elementor-id=\"872\" class=\"elementor elementor-872\">\n\t\t\t\t<div class=\"has_eae_slider elementor-element elementor-element-e82aca8 e-flex e-con-boxed e-con e-parent\" data-eae-slider=\"72728\" data-id=\"e82aca8\" data-element_type=\"container\" data-e-type=\"container\">\n\t\t\t\t\t<div class=\"e-con-inner\">\n\t\t\t\t<div class=\"elementor-element elementor-element-3ae2c8a elementor-widget elementor-widget-image\" data-id=\"3ae2c8a\" data-element_type=\"widget\" data-e-type=\"widget\" data-widget_type=\"image.default\">\n\t\t\t\t<div class=\"elementor-widget-container\">\n\t\t\t\t\t\t\t\t\t\t\t\t\t\t\t<img fetchpriority=\"high\" decoding=\"async\" width=\"300\" height=\"200\" src=\"https:\/\/cisca-project.eu\/wp-content\/uploads\/2023\/03\/CRN-logo-300x200.png\" class=\"attachment-medium size-medium wp-image-33\" alt=\"\" srcset=\"https:\/\/cisca-project.eu\/wp-content\/uploads\/2023\/03\/CRN-logo-300x200.png 300w, https:\/\/cisca-project.eu\/wp-content\/uploads\/2023\/03\/CRN-logo.png 600w\" sizes=\"(max-width: 300px) 100vw, 300px\" \/>\t\t\t\t\t\t\t\t\t\t\t\t\t\t\t<\/div>\n\t\t\t\t<\/div>\n\t\t\t\t<div class=\"elementor-element elementor-element-736cd31 elementor-widget elementor-widget-text-editor\" data-id=\"736cd31\" data-element_type=\"widget\" data-e-type=\"widget\" data-widget_type=\"text-editor.default\">\n\t\t\t\t<div class=\"elementor-widget-container\">\n\t\t\t\t\t\t\t\t\t<p>Lokalne kursy szkoleniowe zosta\u0142y wdro\u017cone w ka\u017cdym kraju partnerskim w celu przetestowania formatu szkoleniowego opracowanego w ramach projektu w rzeczywistych warunkach szkoleniowych, a tak\u017ce umo\u017cliwienia operatorom realizacji nadchodz\u0105cej fazy dzia\u0142a\u0144 s\u0105siedzkich.<\/p><p>Lokalizacja: Niemcy<\/p><p>Liczba uczestnik\u00f3w: 3 operator\u00f3w (1 operator sportowy, 1 operator z grup\/komitet\u00f3w obywatelskich (formalnych lub nieformalnych), 1 operator z organizacji pozarz\u0105dowej) ustanowionych w dzielnicach wybranych jako obszary dzia\u0142ania przez organizacje partnerskie.<\/p><p>Wiek: 18+<\/p>\t\t\t\t\t\t\t\t<\/div>\n\t\t\t\t<\/div>\n\t\t\t\t\t<\/div>\n\t\t\t\t<\/div>\n\t\t<div class=\"has_eae_slider elementor-element elementor-element-5ec0d65 e-flex e-con-boxed e-con e-parent\" data-eae-slider=\"17268\" data-id=\"5ec0d65\" data-element_type=\"container\" data-e-type=\"container\">\n\t\t\t\t\t<div class=\"e-con-inner\">\n\t\t\t\t\t<\/div>\n\t\t\t\t<\/div>\n\t\t<div class=\"has_eae_slider elementor-element elementor-element-17e3ad8 e-flex e-con-boxed e-con e-parent\" data-eae-slider=\"79177\" data-id=\"17e3ad8\" data-element_type=\"container\" data-e-type=\"container\">\n\t\t\t\t\t<div class=\"e-con-inner\">\n\t\t\t\t<div class=\"elementor-element elementor-element-aa1496e elementor-widget-divider--view-line elementor-widget elementor-widget-divider\" data-id=\"aa1496e\" data-element_type=\"widget\" data-e-type=\"widget\" data-widget_type=\"divider.default\">\n\t\t\t\t<div class=\"elementor-widget-container\">\n\t\t\t\t\t\t\t<div class=\"elementor-divider\">\n\t\t\t<span class=\"elementor-divider-separator\">\n\t\t\t\t\t\t<\/span>\n\t\t<\/div>\n\t\t\t\t\t\t<\/div>\n\t\t\t\t<\/div>\n\t\t\t\t\t<\/div>\n\t\t\t\t<\/div>\n\t\t\t\t<\/div>","protected":false},"excerpt":{"rendered":"<p>Local training courses were implemented in each partner country for the purpose of testing the Training Format produced in the project in a real setting of training as well as enabling operators to deliver the upcoming phase of neighborhood activities. Location: Germany N\u00b0 of participants: 3 operators (1 Sport operator, 1 operator from citizens groups\/committees [&hellip;]<\/p>\n","protected":false},"author":2,"featured_media":0,"parent":0,"menu_order":0,"comment_status":"closed","ping_status":"closed","template":"","meta":{"footnotes":""},"class_list":["post-872","page","type-page","status-publish","hentry"],"blocksy_meta":[],"_links":{"self":[{"href":"https:\/\/cisca-project.eu\/pl\/wp-json\/wp\/v2\/pages\/872","targetHints":{"allow":["GET"]}}],"collection":[{"href":"https:\/\/cisca-project.eu\/pl\/wp-json\/wp\/v2\/pages"}],"about":[{"href":"https:\/\/cisca-project.eu\/pl\/wp-json\/wp\/v2\/types\/page"}],"author":[{"embeddable":true,"href":"https:\/\/cisca-project.eu\/pl\/wp-json\/wp\/v2\/users\/2"}],"replies":[{"embeddable":true,"href":"https:\/\/cisca-project.eu\/pl\/wp-json\/wp\/v2\/comments?post=872"}],"version-history":[{"count":4,"href":"https:\/\/cisca-project.eu\/pl\/wp-json\/wp\/v2\/pages\/872\/revisions"}],"predecessor-version":[{"id":876,"href":"https:\/\/cisca-project.eu\/pl\/wp-json\/wp\/v2\/pages\/872\/revisions\/876"}],"wp:attachment":[{"href":"https:\/\/cisca-project.eu\/pl\/wp-json\/wp\/v2\/media?parent=872"}],"curies":[{"name":"wp","href":"https:\/\/api.w.org\/{rel}","templated":true}]}}