{"id":609,"date":"2025-05-28T13:17:38","date_gmt":"2025-05-28T13:17:38","guid":{"rendered":"https:\/\/cisca-project.eu\/?page_id=609"},"modified":"2025-06-10T16:04:25","modified_gmt":"2025-06-10T16:04:25","slug":"final-evaluation-meeting-in-greece","status":"publish","type":"page","link":"https:\/\/cisca-project.eu\/pl\/final-evaluation-meeting-in-greece\/","title":{"rendered":"Ko\u0144cowe spotkanie oceniaj\u0105ce w Grecji"},"content":{"rendered":"<div data-elementor-type=\"wp-page\" data-elementor-id=\"609\" class=\"elementor elementor-609\">\n\t\t\t\t<div class=\"has_eae_slider elementor-element elementor-element-701e1c1 e-flex e-con-boxed e-con e-parent\" data-eae-slider=\"94711\" data-id=\"701e1c1\" data-element_type=\"container\" data-e-type=\"container\">\n\t\t\t\t\t<div class=\"e-con-inner\">\n\t\t\t\t<div class=\"elementor-element elementor-element-da357ec elementor-widget elementor-widget-text-editor\" data-id=\"da357ec\" data-element_type=\"widget\" data-e-type=\"widget\" data-widget_type=\"text-editor.default\">\n\t\t\t\t<div class=\"elementor-widget-container\">\n\t\t\t\t\t\t\t\t\t<p data-start=\"207\" data-end=\"655\">Ko\u0144cowe spotkanie ewaluacyjne projektu CISCA odby\u0142o si\u0119 w Larissie. Wydarzenie to zgromadzi\u0142o wszystkich partner\u00f3w projektu w celu oceny wynik\u00f3w i wp\u0142ywu projektu.<\/p><p data-start=\"657\" data-end=\"1106\">W ci\u0105gu dw\u00f3ch dni partnerzy przedstawili wyniki swoich pakiet\u00f3w roboczych, a spotkanie obejmowa\u0142o r\u00f3wnie\u017c odprawy administracyjne i refleksje na temat d\u0142ugoterminowej trwa\u0142o\u015bci projektu.<\/p><p data-start=\"1108\" data-end=\"1295\" data-is-last-node=\"\" data-is-only-node=\"\">To ostatnie spotkanie stanowi\u0142o wa\u017cny kamie\u0144 milowy w podr\u00f3\u017cy CISCA, potwierdzaj\u0105c sukces projektu i jego d\u0142ugoterminow\u0105 trwa\u0142o\u015b\u0107.<\/p>\t\t\t\t\t\t\t\t<\/div>\n\t\t\t\t<\/div>\n\t\t\t\t\t<\/div>\n\t\t\t\t<\/div>\n\t\t<div class=\"has_eae_slider elementor-element elementor-element-f07812a e-flex e-con-boxed e-con e-parent\" data-eae-slider=\"83490\" data-id=\"f07812a\" data-element_type=\"container\" data-e-type=\"container\">\n\t\t\t\t\t<div class=\"e-con-inner\">\n\t\t\t\t<div class=\"elementor-element elementor-element-443957c gallery-spacing-custom elementor-widget elementor-widget-image-gallery\" data-id=\"443957c\" data-element_type=\"widget\" data-e-type=\"widget\" data-widget_type=\"image-gallery.default\">\n\t\t\t\t<div class=\"elementor-widget-container\">\n\t\t\t\t\t\t\t<div class=\"elementor-image-gallery\">\n\t\t\t<div id='gallery-1' class='gallery galleryid-609 gallery-columns-4 gallery-size-medium'><figure class='gallery-item'>\n\t\t\t<div class='gallery-icon landscape'>\n\t\t\t\t<a data-elementor-open-lightbox=\"yes\" data-elementor-lightbox-slideshow=\"443957c\" data-elementor-lightbox-title=\"494817001_1041446061239918_9207204145349664867_n\" data-e-action-hash=\"#elementor-action%3Aaction%3Dlightbox%26settings%3DeyJpZCI6NzU5LCJ1cmwiOiJodHRwczpcL1wvY2lzY2EtcHJvamVjdC5ldVwvd3AtY29udGVudFwvdXBsb2Fkc1wvMjAyNVwvMDZcLzQ5NDgxNzAwMV8xMDQxNDQ2MDYxMjM5OTE4XzkyMDcyMDQxNDUzNDk2NjQ4Njdfbi5qcGciLCJzbGlkZXNob3ciOiI0NDM5NTdjIn0%3D\" href='https:\/\/cisca-project.eu\/wp-content\/uploads\/2025\/06\/494817001_1041446061239918_9207204145349664867_n.jpg'><img decoding=\"async\" width=\"300\" height=\"138\" src=\"https:\/\/cisca-project.eu\/wp-content\/uploads\/2025\/06\/494817001_1041446061239918_9207204145349664867_n-300x138.jpg\" class=\"attachment-medium size-medium\" alt=\"\" srcset=\"https:\/\/cisca-project.eu\/wp-content\/uploads\/2025\/06\/494817001_1041446061239918_9207204145349664867_n-300x138.jpg 300w, https:\/\/cisca-project.eu\/wp-content\/uploads\/2025\/06\/494817001_1041446061239918_9207204145349664867_n-1024x473.jpg 1024w, https:\/\/cisca-project.eu\/wp-content\/uploads\/2025\/06\/494817001_1041446061239918_9207204145349664867_n-768x354.jpg 768w, https:\/\/cisca-project.eu\/wp-content\/uploads\/2025\/06\/494817001_1041446061239918_9207204145349664867_n-1536x709.jpg 1536w, https:\/\/cisca-project.eu\/wp-content\/uploads\/2025\/06\/494817001_1041446061239918_9207204145349664867_n-18x8.jpg 18w, https:\/\/cisca-project.eu\/wp-content\/uploads\/2025\/06\/494817001_1041446061239918_9207204145349664867_n.jpg 2048w\" sizes=\"(max-width: 300px) 100vw, 300px\" \/><\/a>\n\t\t\t<\/div><\/figure><figure class='gallery-item'>\n\t\t\t<div class='gallery-icon landscape'>\n\t\t\t\t<a data-elementor-open-lightbox=\"yes\" data-elementor-lightbox-slideshow=\"443957c\" data-elementor-lightbox-title=\"494342740_1193481515288632_8333479002969927137_n\" data-e-action-hash=\"#elementor-action%3Aaction%3Dlightbox%26settings%3DeyJpZCI6NzU2LCJ1cmwiOiJodHRwczpcL1wvY2lzY2EtcHJvamVjdC5ldVwvd3AtY29udGVudFwvdXBsb2Fkc1wvMjAyNVwvMDZcLzQ5NDM0Mjc0MF8xMTkzNDgxNTE1Mjg4NjMyXzgzMzM0NzkwMDI5Njk5MjcxMzdfbi5qcGciLCJzbGlkZXNob3ciOiI0NDM5NTdjIn0%3D\" href='https:\/\/cisca-project.eu\/wp-content\/uploads\/2025\/06\/494342740_1193481515288632_8333479002969927137_n.jpg'><img fetchpriority=\"high\" decoding=\"async\" width=\"300\" height=\"225\" src=\"https:\/\/cisca-project.eu\/wp-content\/uploads\/2025\/06\/494342740_1193481515288632_8333479002969927137_n-300x225.jpg\" class=\"attachment-medium size-medium\" alt=\"\" srcset=\"https:\/\/cisca-project.eu\/wp-content\/uploads\/2025\/06\/494342740_1193481515288632_8333479002969927137_n-300x225.jpg 300w, https:\/\/cisca-project.eu\/wp-content\/uploads\/2025\/06\/494342740_1193481515288632_8333479002969927137_n-1024x767.jpg 1024w, https:\/\/cisca-project.eu\/wp-content\/uploads\/2025\/06\/494342740_1193481515288632_8333479002969927137_n-768x576.jpg 768w, https:\/\/cisca-project.eu\/wp-content\/uploads\/2025\/06\/494342740_1193481515288632_8333479002969927137_n-1536x1151.jpg 1536w, https:\/\/cisca-project.eu\/wp-content\/uploads\/2025\/06\/494342740_1193481515288632_8333479002969927137_n-16x12.jpg 16w, https:\/\/cisca-project.eu\/wp-content\/uploads\/2025\/06\/494342740_1193481515288632_8333479002969927137_n.jpg 1600w\" sizes=\"(max-width: 300px) 100vw, 300px\" \/><\/a>\n\t\t\t<\/div><\/figure><figure class='gallery-item'>\n\t\t\t<div class='gallery-icon landscape'>\n\t\t\t\t<a data-elementor-open-lightbox=\"yes\" data-elementor-lightbox-slideshow=\"443957c\" data-elementor-lightbox-title=\"494330632_9793862573984497_9068258211174677799_n\" data-e-action-hash=\"#elementor-action%3Aaction%3Dlightbox%26settings%3DeyJpZCI6NzU3LCJ1cmwiOiJodHRwczpcL1wvY2lzY2EtcHJvamVjdC5ldVwvd3AtY29udGVudFwvdXBsb2Fkc1wvMjAyNVwvMDZcLzQ5NDMzMDYzMl85NzkzODYyNTczOTg0NDk3XzkwNjgyNTgyMTExNzQ2Nzc3OTlfbi5qcGciLCJzbGlkZXNob3ciOiI0NDM5NTdjIn0%3D\" href='https:\/\/cisca-project.eu\/wp-content\/uploads\/2025\/06\/494330632_9793862573984497_9068258211174677799_n.jpg'><img decoding=\"async\" width=\"300\" height=\"225\" src=\"https:\/\/cisca-project.eu\/wp-content\/uploads\/2025\/06\/494330632_9793862573984497_9068258211174677799_n-300x225.jpg\" class=\"attachment-medium size-medium\" alt=\"\" srcset=\"https:\/\/cisca-project.eu\/wp-content\/uploads\/2025\/06\/494330632_9793862573984497_9068258211174677799_n-300x225.jpg 300w, https:\/\/cisca-project.eu\/wp-content\/uploads\/2025\/06\/494330632_9793862573984497_9068258211174677799_n-1024x768.jpg 1024w, https:\/\/cisca-project.eu\/wp-content\/uploads\/2025\/06\/494330632_9793862573984497_9068258211174677799_n-768x576.jpg 768w, https:\/\/cisca-project.eu\/wp-content\/uploads\/2025\/06\/494330632_9793862573984497_9068258211174677799_n-1536x1152.jpg 1536w, https:\/\/cisca-project.eu\/wp-content\/uploads\/2025\/06\/494330632_9793862573984497_9068258211174677799_n-16x12.jpg 16w, https:\/\/cisca-project.eu\/wp-content\/uploads\/2025\/06\/494330632_9793862573984497_9068258211174677799_n.jpg 1600w\" sizes=\"(max-width: 300px) 100vw, 300px\" \/><\/a>\n\t\t\t<\/div><\/figure><figure class='gallery-item'>\n\t\t\t<div class='gallery-icon landscape'>\n\t\t\t\t<a data-elementor-open-lightbox=\"yes\" data-elementor-lightbox-slideshow=\"443957c\" data-elementor-lightbox-title=\"494828019_649281667919925_7745945647757248686_n\" data-e-action-hash=\"#elementor-action%3Aaction%3Dlightbox%26settings%3DeyJpZCI6NzYwLCJ1cmwiOiJodHRwczpcL1wvY2lzY2EtcHJvamVjdC5ldVwvd3AtY29udGVudFwvdXBsb2Fkc1wvMjAyNVwvMDZcLzQ5NDgyODAxOV82NDkyODE2Njc5MTk5MjVfNzc0NTk0NTY0Nzc1NzI0ODY4Nl9uLmpwZyIsInNsaWRlc2hvdyI6IjQ0Mzk1N2MifQ%3D%3D\" href='https:\/\/cisca-project.eu\/wp-content\/uploads\/2025\/06\/494828019_649281667919925_7745945647757248686_n.jpg'><img loading=\"lazy\" decoding=\"async\" width=\"300\" height=\"138\" src=\"https:\/\/cisca-project.eu\/wp-content\/uploads\/2025\/06\/494828019_649281667919925_7745945647757248686_n-300x138.jpg\" class=\"attachment-medium size-medium\" alt=\"\" srcset=\"https:\/\/cisca-project.eu\/wp-content\/uploads\/2025\/06\/494828019_649281667919925_7745945647757248686_n-300x138.jpg 300w, https:\/\/cisca-project.eu\/wp-content\/uploads\/2025\/06\/494828019_649281667919925_7745945647757248686_n-1024x473.jpg 1024w, https:\/\/cisca-project.eu\/wp-content\/uploads\/2025\/06\/494828019_649281667919925_7745945647757248686_n-768x354.jpg 768w, https:\/\/cisca-project.eu\/wp-content\/uploads\/2025\/06\/494828019_649281667919925_7745945647757248686_n-1536x709.jpg 1536w, https:\/\/cisca-project.eu\/wp-content\/uploads\/2025\/06\/494828019_649281667919925_7745945647757248686_n-18x8.jpg 18w, https:\/\/cisca-project.eu\/wp-content\/uploads\/2025\/06\/494828019_649281667919925_7745945647757248686_n.jpg 2048w\" sizes=\"(max-width: 300px) 100vw, 300px\" \/><\/a>\n\t\t\t<\/div><\/figure>\n\t\t<\/div>\n\t\t<\/div>\n\t\t\t\t\t\t<\/div>\n\t\t\t\t<\/div>\n\t\t\t\t\t<\/div>\n\t\t\t\t<\/div>\n\t\t<div class=\"has_eae_slider elementor-element elementor-element-084bbde e-flex e-con-boxed e-con e-parent\" data-eae-slider=\"4672\" data-id=\"084bbde\" data-element_type=\"container\" data-e-type=\"container\">\n\t\t\t\t\t<div class=\"e-con-inner\">\n\t\t\t\t<div class=\"elementor-element elementor-element-be22af0 elementor-widget-divider--view-line elementor-widget elementor-widget-divider\" data-id=\"be22af0\" data-element_type=\"widget\" data-e-type=\"widget\" data-widget_type=\"divider.default\">\n\t\t\t\t<div class=\"elementor-widget-container\">\n\t\t\t\t\t\t\t<div class=\"elementor-divider\">\n\t\t\t<span class=\"elementor-divider-separator\">\n\t\t\t\t\t\t<\/span>\n\t\t<\/div>\n\t\t\t\t\t\t<\/div>\n\t\t\t\t<\/div>\n\t\t\t\t\t<\/div>\n\t\t\t\t<\/div>\n\t\t\t\t<\/div>","protected":false},"excerpt":{"rendered":"<p>The Final Evaluation Meeting of the CISCA project took place in Larissa. This event brought together all project partners to assess the results and impact of the project. Over two days, partners presented the outcomes of their work packages and the meeting also included administrative briefings and reflections on the project\u2019s long-term sustainability. This final [&hellip;]<\/p>\n","protected":false},"author":2,"featured_media":0,"parent":0,"menu_order":0,"comment_status":"closed","ping_status":"closed","template":"","meta":{"footnotes":""},"class_list":["post-609","page","type-page","status-publish","hentry"],"blocksy_meta":[],"_links":{"self":[{"href":"https:\/\/cisca-project.eu\/pl\/wp-json\/wp\/v2\/pages\/609","targetHints":{"allow":["GET"]}}],"collection":[{"href":"https:\/\/cisca-project.eu\/pl\/wp-json\/wp\/v2\/pages"}],"about":[{"href":"https:\/\/cisca-project.eu\/pl\/wp-json\/wp\/v2\/types\/page"}],"author":[{"embeddable":true,"href":"https:\/\/cisca-project.eu\/pl\/wp-json\/wp\/v2\/users\/2"}],"replies":[{"embeddable":true,"href":"https:\/\/cisca-project.eu\/pl\/wp-json\/wp\/v2\/comments?post=609"}],"version-history":[{"count":10,"href":"https:\/\/cisca-project.eu\/pl\/wp-json\/wp\/v2\/pages\/609\/revisions"}],"predecessor-version":[{"id":769,"href":"https:\/\/cisca-project.eu\/pl\/wp-json\/wp\/v2\/pages\/609\/revisions\/769"}],"wp:attachment":[{"href":"https:\/\/cisca-project.eu\/pl\/wp-json\/wp\/v2\/media?parent=609"}],"curies":[{"name":"wp","href":"https:\/\/api.w.org\/{rel}","templated":true}]}}