{"id":250,"date":"2023-03-17T12:39:32","date_gmt":"2023-03-17T12:39:32","guid":{"rendered":"https:\/\/250c7ed0-acfe-4044-be00-87594873bb24.eu02.conves.io\/?page_id=250"},"modified":"2023-03-17T12:41:16","modified_gmt":"2023-03-17T12:41:16","slug":"privacy-policy-2","status":"publish","type":"page","link":"https:\/\/cisca-project.eu\/it\/privacy-policy-2\/","title":{"rendered":"Informativa sulla privacy"},"content":{"rendered":"<div data-elementor-type=\"wp-page\" data-elementor-id=\"250\" class=\"elementor elementor-250\">\n\t\t\t\t\t\t<section class=\"has_eae_slider elementor-section elementor-top-section elementor-element elementor-element-faf6d0a elementor-section-boxed elementor-section-height-default elementor-section-height-default\" data-eae-slider=\"38149\" data-id=\"faf6d0a\" data-element_type=\"section\" data-e-type=\"section\">\n\t\t\t\t\t\t<div class=\"elementor-container elementor-column-gap-default\">\n\t\t\t\t\t<div class=\"has_eae_slider elementor-column elementor-col-100 elementor-top-column elementor-element elementor-element-d342cdf\" data-eae-slider=\"26528\" data-id=\"d342cdf\" data-element_type=\"column\" data-e-type=\"column\">\n\t\t\t<div class=\"elementor-widget-wrap elementor-element-populated\">\n\t\t\t\t\t\t<div class=\"elementor-element elementor-element-4869033 elementor-widget elementor-widget-text-editor\" data-id=\"4869033\" data-element_type=\"widget\" data-e-type=\"widget\" data-widget_type=\"text-editor.default\">\n\t\t\t\t<div class=\"elementor-widget-container\">\n\t\t\t\t\t\t\t\t\t<p>La nostra politica sulla privacy<\/p><p>\u00a0<\/p><p><strong>Art. 13 Regolamento UE GDPR 2016\/679<\/strong><\/p><p>\u00a0<\/p><p>I dati personali saranno raccolti e trattati ai sensi dell'art. 13 del Regolamento UE 2016\/679 per garantire che il trattamento dei dati si svolga nel rispetto dei diritti, delle libert\u00e0 fondamentali e della dignit\u00e0 delle persone.<\/p><p>\u00a0<\/p><p><strong>Introduzione<\/strong><\/p><p>\u00a0<\/p><p>Su 10156530385<strong>,\u00a0<\/strong>prendiamo sul serio la vostra privacy e ci impegniamo a garantire che i vostri dati personali siano protetti in conformit\u00e0 alle leggi sulla protezione dei dati e utilizzati in linea con le vostre aspettative.<\/p><p>\u200b<\/p><p>La presente Informativa sulla privacy spiega come la nostra Associazione utilizza i dati personali che raccogliamo dall'utente quando utilizza i nostri siti web.<\/p><p>\u200b<\/p><p><strong>Titolare del trattamento dei dati<\/strong><\/p><p>\u00a0<\/p><p><em>Nome del coordinatore: SPORTSKA ZAJEDNICA GRADA PORECA<\/em>, Indirizzo: Citt\u00e0 Porec CAP 52440 Via Nikole Tesle 16 Paese Croazia, Numero +38552432322 E-mail <strong>predsjednik@szgp.hr<\/strong><\/p><p>\u00a0<\/p><p><strong>Come raccogliamo i vostri dati?<\/strong><\/p><p>\u00a0<\/p><p>La maggior parte dei dati che raccogliamo li fornite direttamente voi a Curricular Innovation for Synergy between Community Sport and Activism (CISCA). Raccogliamo ed elaboriamo i dati quando<\/p><ul><li>navigare nel sito;<\/li><li>utilizzare o visualizzare il nostro sito web tramite il cookie del browser;<\/li><li>compilare il modulo di contatto nella sezione \"<a href=\"https:\/\/250c7ed0-acfe-4044-be00-87594873bb24.eu02.conves.io\/about-2\/\">Contattateci<\/a>\" pagina.<\/li><\/ul><p>\u200b<\/p><p>I sistemi informatici e le procedure software preposte al funzionamento di questo sito acquisiscono, nel corso del loro normale esercizio, alcuni dati personali la cui trasmissione \u00e8 implicita nell'uso dei protocolli di comunicazione di Internet.<\/p><p>In questa categoria di dati rientrano gli indirizzi IP o i nomi a dominio dei computer e dei terminali utilizzati dagli utenti, gli indirizzi in notazione URI\/URL (Uniform Resource Identifier\/Locator) delle risorse richieste, l'orario della richiesta, il metodo utilizzato nel sottoporre la richiesta al server, la dimensione del file ottenuto in risposta, il codice numerico indicante lo stato della risposta data dal server (buon fine, errore, ecc.) e altri parametri relativi al sistema operativo e all'ambiente informatico dell'utente. Attraverso il modulo di contatto nella sezione \"<a href=\"https:\/\/250c7ed0-acfe-4044-be00-87594873bb24.eu02.conves.io\/about-2\/\">Contattateci<\/a>\", raccogliamo le informazioni personali che ci fornite, come il vostro nome, cognome e indirizzo e-mail. I vostri dati personali saranno utilizzati esclusivamente per i motivi specifici indicati di seguito.<\/p><p>\u200b<\/p><p><strong>Quali dati raccogliamo?<\/strong>\u200b<\/p><p>\u200b<\/p><p>La nostra Associazione raccoglie i seguenti dati:<\/p><ul><li>Dati di navigazione<\/li><li>Dati personali, ovvero nome, cognome e indirizzo e-mail.<\/li><\/ul><p>\u200b<\/p><p>I sistemi informatici e le procedure software preposte al funzionamento di questo sito web acquisiscono dati personali nel corso del loro normale esercizio; la trasmissione di tali dati \u00e8 una caratteristica intrinseca dei protocolli di comunicazione Internet.<\/p><p>Tali informazioni non sono raccolte per essere associate a soggetti identificati; tuttavia, per loro stessa natura, potrebbero consentire l'identificazione dell'utente dopo essere state elaborate e abbinate a dati detenuti da terzi.<\/p><p>In questa categoria di dati rientrano gli indirizzi IP e\/o i nomi di dominio dei computer utilizzati dagli utenti che si connettono al sito, gli indirizzi in notazione URI (Uniform Resource Identifier) delle risorse richieste, l'orario della richiesta, il metodo utilizzato nel sottoporre la richiesta al server, la dimensione del file restituito, il codice numerico indicante lo stato della risposta data dal server (buon fine, errore, ecc.) e altri parametri relativi al sistema operativo e all'ambiente informatico dell'utente.<\/p><p>\u00a0<\/p><p>\u00a0<\/p><p>\u00a0<\/p><p>\u00a0<\/p><p><strong>Come utilizzeremo i vostri dati?<\/strong><\/p><p><strong>\u200b<\/strong><\/p><p>Questi dati non personali e personali, necessari per l'utilizzo dei servizi web, sono trattati allo scopo di:<\/p><ul><li>ottenere informazioni statistiche sull'utilizzo dei servizi (pagine pi\u00f9 visitate, numero di visitatori per ora o giorno, aree geografiche di provenienza, ecc;)<\/li><li>verificare il corretto funzionamento dei servizi offerti.<\/li><li>contattare i nostri Visitatori e Utenti con avvisi generali o personalizzati relativi ai servizi e messaggi promozionali<\/li><li>rispettare tutte le leggi e i regolamenti applicabili<\/li><\/ul><p>\u200b<\/p><p>I dati di navigazione vengono utilizzati al solo fine di ricavare informazioni statistiche anonime sull'uso del sito e per controllarne il funzionamento.<\/p><p>Questi dati non persistono per pi\u00f9 di sette giorni (salvo eventuali necessit\u00e0 di accertamento di reati da parte dell'autorit\u00e0 giudiziaria).<\/p><p>\u200b<\/p><p>\u00a0<\/p><p>\u00a0<\/p><p>\u00a0<\/p><ol><li><strong>Dettagli sul trattamento dei dati personali<\/strong><\/li><\/ol><p><strong>\u00a0<\/strong><\/p><p><br \/>I Dati Personali sono raccolti per le seguenti finalit\u00e0 e con i seguenti servizi:<\/p><ul><li><strong><a href=\"https:\/\/250c7ed0-acfe-4044-be00-87594873bb24.eu02.conves.io\/about-2\/\">Modulo di contatto<\/a> <\/strong><\/li><\/ul><p>L'Utente, compilando con i propri Dati il modulo di contatto, acconsente al loro utilizzo per rispondere alle richieste di informazioni, di preventivo, o di qualunque altra finalit\u00e0 indicata nell'intestazione del modulo.<br \/><em>Dati Personali: cognome; email; nome.<\/em><\/p><ul><li><strong>Servizi di piattaforma e hosting<\/strong><\/li><\/ul><p>Questi servizi sono destinati a ospitare e gestire componenti chiave di\u00a0<strong>CISCA<\/strong>\u00a0che consentono di fornire questo sito web da un'unica piattaforma. Queste piattaforme forniscono al Titolare un'ampia gamma di strumenti quali, ad esempio, strumenti analitici, per la gestione della registrazione degli utenti, per la gestione dei commenti e del database, per l'e-commerce, per l'elaborazione dei pagamenti, ecc. L'utilizzo di questi strumenti comporta la raccolta e il trattamento di Dati Personali.<br \/><strong>CISCA\u00a0<\/strong>Il sito web \u00e8 ospitato da WordPress (Worpress.org).<br \/>WordPress (WordPress.org) \u00e8 una piattaforma fornita che ci permette di sviluppare, gestire e ospitare questo sito web.<br \/><em>Dati personali trattati: varie tipologie di dati, come specificato nella privacy policy del servizio.<\/em>: <a href=\"https:\/\/wordpress.org\/about\/privacy\/\">Informativa sulla privacy<\/a>.<\/p><p>\u00a0<\/p><p>\u00a0<\/p><p><strong>Come gestiamo i vostri dati?<\/strong><\/p><p><strong>\u200b<\/strong><\/p><p>I trattamenti connessi ai servizi web del sito hanno luogo presso la sede di\u00a0<em>SPORTKA ZAJEDNICA GRADA PORECA<\/em><strong>\u00a0<\/strong>e sono trattati solo da personale autorizzato per l'elaborazione.<\/p><p>I dati sono trattati in conformit\u00e0 alle disposizioni del Regolamento e della normativa vigente.<\/p><p>Tutti i trattamenti effettuati all'interno di questo sito saranno eseguiti sia con strumenti cartacei che elettronici o telematici, con logiche correlate alle finalit\u00e0 per le quali i dati sono stati raccolti e nel rispetto delle vigenti norme di sicurezza, per le finalit\u00e0 di volta in volta specificate ai sensi dell'art. 13, GDPR.<\/p><p>\u00a0<\/p><p><strong>Quali sono i vostri diritti in materia di protezione dei dati?<\/strong><\/p><p><strong>\u200b<\/strong><\/p><p>In qualsiasi momento l'interessato pu\u00f2 esercitare il diritto di:<\/p><ul><li>chiedere la conferma dell'esistenza o meno dei propri dati personali;<\/li><li>ottenere informazioni sulle finalit\u00e0 del trattamento, le categorie di dati personali, i destinatari o le categorie di destinatari a cui i dati personali sono stati o saranno comunicati e, ove possibile, il periodo di tempo per cui i dati saranno conservati.<\/li><li>ottenere la rettifica o la cancellazione dei dati.<\/li><li>ottenere la limitazione del trattamento.<\/li><li>ottenere la portabilit\u00e0 dei dati, ossia riceverli da un titolare del trattamento, in un formato strutturato di uso comune e leggibile da un dispositivo automatico, e trasmetterli a un altro titolare del trattamento senza impedimenti.<\/li><li>opporsi al trattamento in qualsiasi momento, anche nel caso di trattamento per finalit\u00e0 di marketing diretto.<\/li><li>opporsi a un processo decisionale automatizzato relativo alle persone, compresa la profilazione.<\/li><li>presentare un reclamo al Garante per la protezione dei dati personali della Polonia.<\/li><\/ul><p>\u00a0<\/p><p>Se desiderate esercitare uno dei diritti sopra elencati o se avete domande o dubbi su qualsiasi aspetto della presente informativa o sul modo in cui trattiamo i vostri dati, vi preghiamo di contattarci per iscritto all'indirizzo\u00a0<em>SPORTKA ZAJEDNICA GRADA PORECA<\/em>Indirizzo: Citt\u00e0 Porec Codice postale 52440 Via Nikole Tesle 16 Paese Croazia o inviare un'e-mail al team all'indirizzo <strong>predsjednik@szgp.hr<\/strong>.<\/p><p>\u00a0<\/p><p><strong>Cosa sono i biscotti?<\/strong><\/p><p>\u200b<\/p><p>I cookie sono file di testo collocati sul vostro computer per raccogliere informazioni di log standard su Internet e informazioni sul comportamento dei visitatori. Quando visitate il nostro sito web, raccogliamo automaticamente informazioni da voi attraverso i cookie o tecnologie simili.<\/p><p>Per ulteriori informazioni, visitare il sito https:\/\/gdpr.eu\/cookies\/<\/p><p>\u00a0<\/p><p><strong>Che tipo di cookie utilizziamo?<\/strong><\/p><p>\u00a0<\/p><p>Il nostro sito web utilizza:<\/p><ul><li>Cookie tecnici<\/li><\/ul><p>\u00a0<\/p><p>Questi cookie sono utilizzati al solo fine di effettuare la trasmissione di alcune informazioni su una rete di comunicazione elettronica o nella misura strettamente necessaria al fornitore di un servizio di informazione per fornire servizi richiesti esplicitamente dall'abbonato o dall'utente.<\/p><p>\u200b<\/p><p><strong>Come utilizziamo i cookie?<\/strong><\/p><p>\u200b<\/p><p>La nostra Associazione utilizza cookie tecnici per consentirci di:<\/p><ul><li>Effettuare una ricerca interna su come migliorare il servizio offerto a tutti i nostri utenti;<\/li><li>Valutare il modo in cui l'utente interagisce con il nostro sito web;<\/li><\/ul><p>\u00a0<\/p><p><strong>Come gestire i cookie<\/strong><\/p><p><strong>\u200b<\/strong><\/p><p>\u00c8 possibile impostare il proprio browser in modo che non accetti i cookie e il banner dei cookie indica come rimuovere i cookie dal proprio browser. Tuttavia, in alcuni casi, alcune funzioni del nostro sito web potrebbero non funzionare.<\/p><p>\u00a0<\/p><p><strong>Informativa sulla privacy di altri siti web<\/strong><\/p><p><strong>\u200b<\/strong><\/p><p><strong>CISCA<\/strong>\u00a0Il sito web contiene collegamenti ad altri siti web. La nostra politica sulla privacy si applica solo al nostro sito web, pertanto se si fa clic su un link a un altro sito web, \u00e8 necessario leggere la relativa politica sulla privacy.<\/p><p>\u00a0<\/p><p><strong>Modifiche alla nostra Informativa sulla privacy<\/strong><\/p><p><strong>\u200b<\/strong><\/p><p>Il presente avviso viene regolarmente rivisto. Eventuali modifiche a questa informativa saranno pubblicate\u00a0<strong>in questa pagina<\/strong>\u00a0e, se del caso, notificati all'utente via e-mail o per posta, in modo che l'utente possa essere sempre consapevole di come utilizziamo i suoi dati.<\/p><p>\u00a0<\/p><p><strong>Come contattarci<\/strong><\/p><p><strong>\u200b<\/strong><\/p><p>Per qualsiasi domanda sulla nostra Politica sulla privacy, sui dati in nostro possesso o per esercitare uno dei vostri diritti di protezione dei dati, non esitate a contattarci.<\/p><p>Inviateci un'e-mail a: <strong>predsjednik@szgp.hr<\/strong><\/p><p>Oppure scriveteci a:\u00a0<em>SPORTKA ZAJEDNICA GRADA PORECA<\/em>, Indirizzo: Citt\u00e0 Porec Codice postale 52440 Via Nikole Tesle 16 Paese Croazia.<\/p>\t\t\t\t\t\t\t\t<\/div>\n\t\t\t\t<\/div>\n\t\t\t\t\t<\/div>\n\t\t<\/div>\n\t\t\t\t\t<\/div>\n\t\t<\/section>\n\t\t\t\t<\/div>","protected":false},"excerpt":{"rendered":"<p>Our privacy policy \u00a0 Art. 13 Regulation UE GDPR 2016\/679 \u00a0 Personal data shall be collected and processed according to art. 13 of EU Regulation 2016\/679 to guarantee that data processing is carried out in compliance with the rights, fundamental freedoms and dignity of people. \u00a0 Introduction \u00a0 At 10156530385,\u00a0we take your privacy seriously and [&hellip;]<\/p>\n","protected":false},"author":1,"featured_media":0,"parent":0,"menu_order":0,"comment_status":"closed","ping_status":"closed","template":"elementor_header_footer","meta":{"footnotes":""},"class_list":["post-250","page","type-page","status-publish","hentry"],"blocksy_meta":[],"_links":{"self":[{"href":"https:\/\/cisca-project.eu\/it\/wp-json\/wp\/v2\/pages\/250","targetHints":{"allow":["GET"]}}],"collection":[{"href":"https:\/\/cisca-project.eu\/it\/wp-json\/wp\/v2\/pages"}],"about":[{"href":"https:\/\/cisca-project.eu\/it\/wp-json\/wp\/v2\/types\/page"}],"author":[{"embeddable":true,"href":"https:\/\/cisca-project.eu\/it\/wp-json\/wp\/v2\/users\/1"}],"replies":[{"embeddable":true,"href":"https:\/\/cisca-project.eu\/it\/wp-json\/wp\/v2\/comments?post=250"}],"version-history":[{"count":4,"href":"https:\/\/cisca-project.eu\/it\/wp-json\/wp\/v2\/pages\/250\/revisions"}],"predecessor-version":[{"id":258,"href":"https:\/\/cisca-project.eu\/it\/wp-json\/wp\/v2\/pages\/250\/revisions\/258"}],"wp:attachment":[{"href":"https:\/\/cisca-project.eu\/it\/wp-json\/wp\/v2\/media?parent=250"}],"curies":[{"name":"wp","href":"https:\/\/api.w.org\/{rel}","templated":true}]}}