{"id":915,"date":"2025-07-17T13:05:28","date_gmt":"2025-07-17T13:05:28","guid":{"rendered":"https:\/\/cisca-project.eu\/?page_id=915"},"modified":"2025-07-17T13:06:15","modified_gmt":"2025-07-17T13:06:15","slug":"uth-neighborhood-programmes","status":"publish","type":"page","link":"https:\/\/cisca-project.eu\/de\/uth-neighborhood-programmes\/","title":{"rendered":"UTH - Programme f\u00fcr die Nachbarschaft"},"content":{"rendered":"<div data-elementor-type=\"wp-page\" data-elementor-id=\"915\" class=\"elementor elementor-915\">\n\t\t\t\t<div class=\"has_eae_slider elementor-element elementor-element-523f77df e-flex e-con-boxed e-con e-parent\" data-eae-slider=\"7059\" data-id=\"523f77df\" data-element_type=\"container\" data-e-type=\"container\">\n\t\t\t\t\t<div class=\"e-con-inner\">\n\t\t\t\t<div class=\"elementor-element elementor-element-7cd8089d elementor-widget elementor-widget-image\" data-id=\"7cd8089d\" data-element_type=\"widget\" data-e-type=\"widget\" data-widget_type=\"image.default\">\n\t\t\t\t<div class=\"elementor-widget-container\">\n\t\t\t\t\t\t\t\t\t\t\t\t\t\t\t<img decoding=\"async\" width=\"300\" height=\"82\" src=\"https:\/\/cisca-project.eu\/wp-content\/uploads\/2023\/03\/University-of-Thessaly-300x82.png\" class=\"attachment-medium size-medium wp-image-37\" alt=\"\" srcset=\"https:\/\/cisca-project.eu\/wp-content\/uploads\/2023\/03\/University-of-Thessaly-300x82.png 300w, https:\/\/cisca-project.eu\/wp-content\/uploads\/2023\/03\/University-of-Thessaly.png 340w\" sizes=\"(max-width: 300px) 100vw, 300px\" \/>\t\t\t\t\t\t\t\t\t\t\t\t\t\t\t<\/div>\n\t\t\t\t<\/div>\n\t\t\t\t<div class=\"elementor-element elementor-element-6c486020 elementor-widget elementor-widget-text-editor\" data-id=\"6c486020\" data-element_type=\"widget\" data-e-type=\"widget\" data-widget_type=\"text-editor.default\">\n\t\t\t\t<div class=\"elementor-widget-container\">\n\t\t\t\t\t\t\t\t\t<p>Ein Nachbarschaftsprogramm mit der Zielgruppe der B\u00fcrger wurde in jeder Nachbarschaft der Partnerschaft durchgef\u00fchrt. Verantwortlich f\u00fcr die Durchf\u00fchrung in jedem Land waren die Betreiber (3 pro Land mit unterschiedlichem Hintergrund), die im Rahmen lokaler Schulungen geschult wurden, mit Unterst\u00fctzung von 2 Trainern der gastgebenden Organisationen. Die spezifische Struktur der Nachbarschaftsprogramme in jedem Land wurde von den Betreibern und Ausbildern in der Endphase der Schulungskurse festgelegt, aufbauend auf den entwickelten Lernergebnissen und den spezifischen Bedingungen (st\u00e4dtisch, bev\u00f6lkerungsbezogen usw.) der Nachbarschaften.<\/p>\n<p>Standort: Griechenland<\/p>\n<p>Anzahl der Teilnehmer: 60<\/p>\t\t\t\t\t\t\t\t<\/div>\n\t\t\t\t<\/div>\n\t\t\t\t\t<\/div>\n\t\t\t\t<\/div>\n\t\t<div class=\"has_eae_slider elementor-element elementor-element-601e8b32 e-flex e-con-boxed e-con e-parent\" data-eae-slider=\"389\" data-id=\"601e8b32\" data-element_type=\"container\" data-e-type=\"container\">\n\t\t\t\t\t<div class=\"e-con-inner\">\n\t\t\t\t<div class=\"elementor-element elementor-element-59f49e9a gallery-spacing-custom elementor-widget elementor-widget-image-gallery\" data-id=\"59f49e9a\" data-element_type=\"widget\" data-e-type=\"widget\" data-widget_type=\"image-gallery.default\">\n\t\t\t\t<div class=\"elementor-widget-container\">\n\t\t\t\t\t\t\t<div class=\"elementor-image-gallery\">\n\t\t\t<div id='gallery-1' class='gallery galleryid-915 gallery-columns-4 gallery-size-medium'><figure class='gallery-item'>\n\t\t\t<div class='gallery-icon landscape'>\n\t\t\t\t<a data-elementor-open-lightbox=\"yes\" data-elementor-lightbox-slideshow=\"59f49e9a\" data-elementor-lightbox-title=\"CISCA Community 10\" data-e-action-hash=\"#elementor-action%3Aaction%3Dlightbox%26settings%3DeyJpZCI6NzA5LCJ1cmwiOiJodHRwczpcL1wvY2lzY2EtcHJvamVjdC5ldVwvd3AtY29udGVudFwvdXBsb2Fkc1wvMjAyNVwvMDVcL0NJU0NBLUNvbW11bml0eS0xMC5qcGciLCJzbGlkZXNob3ciOiI1OWY0OWU5YSJ9\" href='https:\/\/cisca-project.eu\/wp-content\/uploads\/2025\/05\/CISCA-Community-10.jpg'><img fetchpriority=\"high\" decoding=\"async\" width=\"300\" height=\"200\" src=\"https:\/\/cisca-project.eu\/wp-content\/uploads\/2025\/05\/CISCA-Community-10-300x200.jpg\" class=\"attachment-medium size-medium\" alt=\"\" srcset=\"https:\/\/cisca-project.eu\/wp-content\/uploads\/2025\/05\/CISCA-Community-10-300x200.jpg 300w, https:\/\/cisca-project.eu\/wp-content\/uploads\/2025\/05\/CISCA-Community-10-1024x683.jpg 1024w, https:\/\/cisca-project.eu\/wp-content\/uploads\/2025\/05\/CISCA-Community-10-768x512.jpg 768w, https:\/\/cisca-project.eu\/wp-content\/uploads\/2025\/05\/CISCA-Community-10-1536x1024.jpg 1536w, https:\/\/cisca-project.eu\/wp-content\/uploads\/2025\/05\/CISCA-Community-10-18x12.jpg 18w, https:\/\/cisca-project.eu\/wp-content\/uploads\/2025\/05\/CISCA-Community-10.jpg 1600w\" sizes=\"(max-width: 300px) 100vw, 300px\" \/><\/a>\n\t\t\t<\/div><\/figure><figure class='gallery-item'>\n\t\t\t<div class='gallery-icon landscape'>\n\t\t\t\t<a data-elementor-open-lightbox=\"yes\" data-elementor-lightbox-slideshow=\"59f49e9a\" data-elementor-lightbox-title=\"CISCA Community 5\" data-e-action-hash=\"#elementor-action%3Aaction%3Dlightbox%26settings%3DeyJpZCI6NzA3LCJ1cmwiOiJodHRwczpcL1wvY2lzY2EtcHJvamVjdC5ldVwvd3AtY29udGVudFwvdXBsb2Fkc1wvMjAyNVwvMDVcL0NJU0NBLUNvbW11bml0eS01LmpwZyIsInNsaWRlc2hvdyI6IjU5ZjQ5ZTlhIn0%3D\" href='https:\/\/cisca-project.eu\/wp-content\/uploads\/2025\/05\/CISCA-Community-5.jpg'><img decoding=\"async\" width=\"300\" height=\"200\" src=\"https:\/\/cisca-project.eu\/wp-content\/uploads\/2025\/05\/CISCA-Community-5-300x200.jpg\" class=\"attachment-medium size-medium\" alt=\"\" srcset=\"https:\/\/cisca-project.eu\/wp-content\/uploads\/2025\/05\/CISCA-Community-5-300x200.jpg 300w, https:\/\/cisca-project.eu\/wp-content\/uploads\/2025\/05\/CISCA-Community-5-1024x683.jpg 1024w, https:\/\/cisca-project.eu\/wp-content\/uploads\/2025\/05\/CISCA-Community-5-768x512.jpg 768w, https:\/\/cisca-project.eu\/wp-content\/uploads\/2025\/05\/CISCA-Community-5-1536x1024.jpg 1536w, https:\/\/cisca-project.eu\/wp-content\/uploads\/2025\/05\/CISCA-Community-5-18x12.jpg 18w, https:\/\/cisca-project.eu\/wp-content\/uploads\/2025\/05\/CISCA-Community-5.jpg 1600w\" sizes=\"(max-width: 300px) 100vw, 300px\" \/><\/a>\n\t\t\t<\/div><\/figure><figure class='gallery-item'>\n\t\t\t<div class='gallery-icon landscape'>\n\t\t\t\t<a data-elementor-open-lightbox=\"yes\" data-elementor-lightbox-slideshow=\"59f49e9a\" data-elementor-lightbox-title=\"CISCA Community 3\" data-e-action-hash=\"#elementor-action%3Aaction%3Dlightbox%26settings%3DeyJpZCI6NzA2LCJ1cmwiOiJodHRwczpcL1wvY2lzY2EtcHJvamVjdC5ldVwvd3AtY29udGVudFwvdXBsb2Fkc1wvMjAyNVwvMDVcL0NJU0NBLUNvbW11bml0eS0zLmpwZyIsInNsaWRlc2hvdyI6IjU5ZjQ5ZTlhIn0%3D\" href='https:\/\/cisca-project.eu\/wp-content\/uploads\/2025\/05\/CISCA-Community-3.jpg'><img loading=\"lazy\" decoding=\"async\" width=\"300\" height=\"200\" src=\"https:\/\/cisca-project.eu\/wp-content\/uploads\/2025\/05\/CISCA-Community-3-300x200.jpg\" class=\"attachment-medium size-medium\" alt=\"\" srcset=\"https:\/\/cisca-project.eu\/wp-content\/uploads\/2025\/05\/CISCA-Community-3-300x200.jpg 300w, https:\/\/cisca-project.eu\/wp-content\/uploads\/2025\/05\/CISCA-Community-3-1024x683.jpg 1024w, https:\/\/cisca-project.eu\/wp-content\/uploads\/2025\/05\/CISCA-Community-3-768x512.jpg 768w, https:\/\/cisca-project.eu\/wp-content\/uploads\/2025\/05\/CISCA-Community-3-1536x1024.jpg 1536w, https:\/\/cisca-project.eu\/wp-content\/uploads\/2025\/05\/CISCA-Community-3-18x12.jpg 18w, https:\/\/cisca-project.eu\/wp-content\/uploads\/2025\/05\/CISCA-Community-3.jpg 1600w\" sizes=\"(max-width: 300px) 100vw, 300px\" \/><\/a>\n\t\t\t<\/div><\/figure><figure class='gallery-item'>\n\t\t\t<div class='gallery-icon landscape'>\n\t\t\t\t<a data-elementor-open-lightbox=\"yes\" data-elementor-lightbox-slideshow=\"59f49e9a\" data-elementor-lightbox-title=\"CISCA Community 7\" data-e-action-hash=\"#elementor-action%3Aaction%3Dlightbox%26settings%3DeyJpZCI6NzA4LCJ1cmwiOiJodHRwczpcL1wvY2lzY2EtcHJvamVjdC5ldVwvd3AtY29udGVudFwvdXBsb2Fkc1wvMjAyNVwvMDVcL0NJU0NBLUNvbW11bml0eS03LmpwZyIsInNsaWRlc2hvdyI6IjU5ZjQ5ZTlhIn0%3D\" href='https:\/\/cisca-project.eu\/wp-content\/uploads\/2025\/05\/CISCA-Community-7.jpg'><img loading=\"lazy\" decoding=\"async\" width=\"300\" height=\"200\" src=\"https:\/\/cisca-project.eu\/wp-content\/uploads\/2025\/05\/CISCA-Community-7-300x200.jpg\" class=\"attachment-medium size-medium\" alt=\"\" srcset=\"https:\/\/cisca-project.eu\/wp-content\/uploads\/2025\/05\/CISCA-Community-7-300x200.jpg 300w, https:\/\/cisca-project.eu\/wp-content\/uploads\/2025\/05\/CISCA-Community-7-1024x683.jpg 1024w, https:\/\/cisca-project.eu\/wp-content\/uploads\/2025\/05\/CISCA-Community-7-768x512.jpg 768w, https:\/\/cisca-project.eu\/wp-content\/uploads\/2025\/05\/CISCA-Community-7-1536x1024.jpg 1536w, https:\/\/cisca-project.eu\/wp-content\/uploads\/2025\/05\/CISCA-Community-7-18x12.jpg 18w, https:\/\/cisca-project.eu\/wp-content\/uploads\/2025\/05\/CISCA-Community-7.jpg 1600w\" sizes=\"(max-width: 300px) 100vw, 300px\" \/><\/a>\n\t\t\t<\/div><\/figure>\n\t\t<\/div>\n\t\t<\/div>\n\t\t\t\t\t\t<\/div>\n\t\t\t\t<\/div>\n\t\t\t\t\t<\/div>\n\t\t\t\t<\/div>\n\t\t<div class=\"has_eae_slider elementor-element elementor-element-334be961 e-flex e-con-boxed e-con e-parent\" data-eae-slider=\"82755\" data-id=\"334be961\" data-element_type=\"container\" data-e-type=\"container\">\n\t\t\t\t\t<div class=\"e-con-inner\">\n\t\t\t\t<div class=\"elementor-element elementor-element-6a07234c elementor-widget-divider--view-line elementor-widget elementor-widget-divider\" data-id=\"6a07234c\" data-element_type=\"widget\" data-e-type=\"widget\" data-widget_type=\"divider.default\">\n\t\t\t\t<div class=\"elementor-widget-container\">\n\t\t\t\t\t\t\t<div class=\"elementor-divider\">\n\t\t\t<span class=\"elementor-divider-separator\">\n\t\t\t\t\t\t<\/span>\n\t\t<\/div>\n\t\t\t\t\t\t<\/div>\n\t\t\t\t<\/div>\n\t\t\t\t\t<\/div>\n\t\t\t\t<\/div>\n\t\t\t\t<\/div>","protected":false},"excerpt":{"rendered":"<p>A Neighborhood Programme with the ultimate audience of citizens was implemented in each neighborhood of the partnership. In charge of delivery per each country were the operators (3 per country from diverse backgrounds) trained in the frame of local trainings, with the support of 2 Trainers from the hosting organizations. The specific structure of the [&hellip;]<\/p>\n","protected":false},"author":2,"featured_media":0,"parent":0,"menu_order":0,"comment_status":"closed","ping_status":"closed","template":"","meta":{"footnotes":""},"class_list":["post-915","page","type-page","status-publish","hentry"],"blocksy_meta":[],"_links":{"self":[{"href":"https:\/\/cisca-project.eu\/de\/wp-json\/wp\/v2\/pages\/915","targetHints":{"allow":["GET"]}}],"collection":[{"href":"https:\/\/cisca-project.eu\/de\/wp-json\/wp\/v2\/pages"}],"about":[{"href":"https:\/\/cisca-project.eu\/de\/wp-json\/wp\/v2\/types\/page"}],"author":[{"embeddable":true,"href":"https:\/\/cisca-project.eu\/de\/wp-json\/wp\/v2\/users\/2"}],"replies":[{"embeddable":true,"href":"https:\/\/cisca-project.eu\/de\/wp-json\/wp\/v2\/comments?post=915"}],"version-history":[{"count":4,"href":"https:\/\/cisca-project.eu\/de\/wp-json\/wp\/v2\/pages\/915\/revisions"}],"predecessor-version":[{"id":919,"href":"https:\/\/cisca-project.eu\/de\/wp-json\/wp\/v2\/pages\/915\/revisions\/919"}],"wp:attachment":[{"href":"https:\/\/cisca-project.eu\/de\/wp-json\/wp\/v2\/media?parent=915"}],"curies":[{"name":"wp","href":"https:\/\/api.w.org\/{rel}","templated":true}]}}