{"id":910,"date":"2025-07-17T13:04:31","date_gmt":"2025-07-17T13:04:31","guid":{"rendered":"https:\/\/cisca-project.eu\/?page_id=910"},"modified":"2025-07-17T13:04:58","modified_gmt":"2025-07-17T13:04:58","slug":"crn-neighborhood-programmes","status":"publish","type":"page","link":"https:\/\/cisca-project.eu\/de\/crn-neighborhood-programmes\/","title":{"rendered":"CRN - Programme f\u00fcr die Nachbarschaft"},"content":{"rendered":"<div data-elementor-type=\"wp-page\" data-elementor-id=\"910\" class=\"elementor elementor-910\">\n\t\t\t\t<div class=\"has_eae_slider elementor-element elementor-element-6444f22b e-flex e-con-boxed e-con e-parent\" data-eae-slider=\"55654\" data-id=\"6444f22b\" data-element_type=\"container\" data-e-type=\"container\">\n\t\t\t\t\t<div class=\"e-con-inner\">\n\t\t\t\t<div class=\"elementor-element elementor-element-2ceaab2 elementor-widget elementor-widget-image\" data-id=\"2ceaab2\" data-element_type=\"widget\" data-e-type=\"widget\" data-widget_type=\"image.default\">\n\t\t\t\t<div class=\"elementor-widget-container\">\n\t\t\t\t\t\t\t\t\t\t\t\t\t\t\t<img fetchpriority=\"high\" decoding=\"async\" width=\"300\" height=\"200\" src=\"https:\/\/cisca-project.eu\/wp-content\/uploads\/2023\/03\/CRN-logo-300x200.png\" class=\"attachment-medium size-medium wp-image-33\" alt=\"\" srcset=\"https:\/\/cisca-project.eu\/wp-content\/uploads\/2023\/03\/CRN-logo-300x200.png 300w, https:\/\/cisca-project.eu\/wp-content\/uploads\/2023\/03\/CRN-logo.png 600w\" sizes=\"(max-width: 300px) 100vw, 300px\" \/>\t\t\t\t\t\t\t\t\t\t\t\t\t\t\t<\/div>\n\t\t\t\t<\/div>\n\t\t\t\t<div class=\"elementor-element elementor-element-4ad605fc elementor-widget elementor-widget-text-editor\" data-id=\"4ad605fc\" data-element_type=\"widget\" data-e-type=\"widget\" data-widget_type=\"text-editor.default\">\n\t\t\t\t<div class=\"elementor-widget-container\">\n\t\t\t\t\t\t\t\t\t<p>Ein Nachbarschaftsprogramm mit der Zielgruppe der B\u00fcrger wurde in jeder Nachbarschaft der Partnerschaft durchgef\u00fchrt. Verantwortlich f\u00fcr die Durchf\u00fchrung in jedem Land waren die Betreiber (3 pro Land mit unterschiedlichem Hintergrund), die im Rahmen lokaler Schulungen geschult wurden, mit Unterst\u00fctzung von 2 Trainern der gastgebenden Organisationen. Die spezifische Struktur der Nachbarschaftsprogramme in jedem Land wurde von den Betreibern und Ausbildern in der Endphase der Schulungskurse festgelegt, aufbauend auf den entwickelten Lernergebnissen und den spezifischen Bedingungen (st\u00e4dtisch, bev\u00f6lkerungsbezogen usw.) der Nachbarschaften.<\/p><p>Standort: Deutschland<\/p><p>Anzahl der Teilnehmer: 60<\/p>\t\t\t\t\t\t\t\t<\/div>\n\t\t\t\t<\/div>\n\t\t\t\t\t<\/div>\n\t\t\t\t<\/div>\n\t\t<div class=\"has_eae_slider elementor-element elementor-element-3dc93423 e-flex e-con-boxed e-con e-parent\" data-eae-slider=\"1462\" data-id=\"3dc93423\" data-element_type=\"container\" data-e-type=\"container\">\n\t\t\t\t\t<div class=\"e-con-inner\">\n\t\t\t\t<div class=\"elementor-element elementor-element-7b742dde gallery-spacing-custom elementor-widget elementor-widget-image-gallery\" data-id=\"7b742dde\" data-element_type=\"widget\" data-e-type=\"widget\" data-widget_type=\"image-gallery.default\">\n\t\t\t\t<div class=\"elementor-widget-container\">\n\t\t\t\t\t\t\t<div class=\"elementor-image-gallery\">\n\t\t\t<div id='gallery-1' class='gallery galleryid-910 gallery-columns-4 gallery-size-medium'><figure class='gallery-item'>\n\t\t\t<div class='gallery-icon portrait'>\n\t\t\t\t<a data-elementor-open-lightbox=\"yes\" data-elementor-lightbox-slideshow=\"7b742dde\" data-elementor-lightbox-title=\"IMG_8752\" data-e-action-hash=\"#elementor-action%3Aaction%3Dlightbox%26settings%3DeyJpZCI6NzAxLCJ1cmwiOiJodHRwczpcL1wvY2lzY2EtcHJvamVjdC5ldVwvd3AtY29udGVudFwvdXBsb2Fkc1wvMjAyNVwvMDVcL0lNR184NzUyLXNjYWxlZC5qcGVnIiwic2xpZGVzaG93IjoiN2I3NDJkZGUifQ%3D%3D\" href='https:\/\/cisca-project.eu\/wp-content\/uploads\/2025\/05\/IMG_8752-scaled.jpeg'><img decoding=\"async\" width=\"225\" height=\"300\" src=\"https:\/\/cisca-project.eu\/wp-content\/uploads\/2025\/05\/IMG_8752-225x300.jpeg\" class=\"attachment-medium size-medium\" alt=\"\" srcset=\"https:\/\/cisca-project.eu\/wp-content\/uploads\/2025\/05\/IMG_8752-225x300.jpeg 225w, https:\/\/cisca-project.eu\/wp-content\/uploads\/2025\/05\/IMG_8752-768x1024.jpeg 768w, https:\/\/cisca-project.eu\/wp-content\/uploads\/2025\/05\/IMG_8752-1152x1536.jpeg 1152w, https:\/\/cisca-project.eu\/wp-content\/uploads\/2025\/05\/IMG_8752-1536x2048.jpeg 1536w, https:\/\/cisca-project.eu\/wp-content\/uploads\/2025\/05\/IMG_8752-9x12.jpeg 9w, https:\/\/cisca-project.eu\/wp-content\/uploads\/2025\/05\/IMG_8752-scaled.jpeg 1920w\" sizes=\"(max-width: 225px) 100vw, 225px\" \/><\/a>\n\t\t\t<\/div><\/figure><figure class='gallery-item'>\n\t\t\t<div class='gallery-icon portrait'>\n\t\t\t\t<a data-elementor-open-lightbox=\"yes\" data-elementor-lightbox-slideshow=\"7b742dde\" data-elementor-lightbox-title=\"IMG_8754\" data-e-action-hash=\"#elementor-action%3Aaction%3Dlightbox%26settings%3DeyJpZCI6NzAyLCJ1cmwiOiJodHRwczpcL1wvY2lzY2EtcHJvamVjdC5ldVwvd3AtY29udGVudFwvdXBsb2Fkc1wvMjAyNVwvMDVcL0lNR184NzU0LXNjYWxlZC5qcGVnIiwic2xpZGVzaG93IjoiN2I3NDJkZGUifQ%3D%3D\" href='https:\/\/cisca-project.eu\/wp-content\/uploads\/2025\/05\/IMG_8754-scaled.jpeg'><img decoding=\"async\" width=\"225\" height=\"300\" src=\"https:\/\/cisca-project.eu\/wp-content\/uploads\/2025\/05\/IMG_8754-225x300.jpeg\" class=\"attachment-medium size-medium\" alt=\"\" srcset=\"https:\/\/cisca-project.eu\/wp-content\/uploads\/2025\/05\/IMG_8754-225x300.jpeg 225w, https:\/\/cisca-project.eu\/wp-content\/uploads\/2025\/05\/IMG_8754-768x1024.jpeg 768w, https:\/\/cisca-project.eu\/wp-content\/uploads\/2025\/05\/IMG_8754-1152x1536.jpeg 1152w, https:\/\/cisca-project.eu\/wp-content\/uploads\/2025\/05\/IMG_8754-1536x2048.jpeg 1536w, https:\/\/cisca-project.eu\/wp-content\/uploads\/2025\/05\/IMG_8754-9x12.jpeg 9w, https:\/\/cisca-project.eu\/wp-content\/uploads\/2025\/05\/IMG_8754-scaled.jpeg 1920w\" sizes=\"(max-width: 225px) 100vw, 225px\" \/><\/a>\n\t\t\t<\/div><\/figure><figure class='gallery-item'>\n\t\t\t<div class='gallery-icon portrait'>\n\t\t\t\t<a data-elementor-open-lightbox=\"yes\" data-elementor-lightbox-slideshow=\"7b742dde\" data-elementor-lightbox-title=\"IMG_8846\" data-e-action-hash=\"#elementor-action%3Aaction%3Dlightbox%26settings%3DeyJpZCI6NzAzLCJ1cmwiOiJodHRwczpcL1wvY2lzY2EtcHJvamVjdC5ldVwvd3AtY29udGVudFwvdXBsb2Fkc1wvMjAyNVwvMDVcL0lNR184ODQ2LXNjYWxlZC5qcGVnIiwic2xpZGVzaG93IjoiN2I3NDJkZGUifQ%3D%3D\" href='https:\/\/cisca-project.eu\/wp-content\/uploads\/2025\/05\/IMG_8846-scaled.jpeg'><img loading=\"lazy\" decoding=\"async\" width=\"225\" height=\"300\" src=\"https:\/\/cisca-project.eu\/wp-content\/uploads\/2025\/05\/IMG_8846-225x300.jpeg\" class=\"attachment-medium size-medium\" alt=\"\" srcset=\"https:\/\/cisca-project.eu\/wp-content\/uploads\/2025\/05\/IMG_8846-225x300.jpeg 225w, https:\/\/cisca-project.eu\/wp-content\/uploads\/2025\/05\/IMG_8846-768x1024.jpeg 768w, https:\/\/cisca-project.eu\/wp-content\/uploads\/2025\/05\/IMG_8846-1152x1536.jpeg 1152w, https:\/\/cisca-project.eu\/wp-content\/uploads\/2025\/05\/IMG_8846-1536x2048.jpeg 1536w, https:\/\/cisca-project.eu\/wp-content\/uploads\/2025\/05\/IMG_8846-9x12.jpeg 9w, https:\/\/cisca-project.eu\/wp-content\/uploads\/2025\/05\/IMG_8846-scaled.jpeg 1920w\" sizes=\"(max-width: 225px) 100vw, 225px\" \/><\/a>\n\t\t\t<\/div><\/figure><figure class='gallery-item'>\n\t\t\t<div class='gallery-icon landscape'>\n\t\t\t\t<a data-elementor-open-lightbox=\"yes\" data-elementor-lightbox-slideshow=\"7b742dde\" data-elementor-lightbox-title=\"IMG_8850\" data-e-action-hash=\"#elementor-action%3Aaction%3Dlightbox%26settings%3DeyJpZCI6NzA0LCJ1cmwiOiJodHRwczpcL1wvY2lzY2EtcHJvamVjdC5ldVwvd3AtY29udGVudFwvdXBsb2Fkc1wvMjAyNVwvMDVcL0lNR184ODUwLXNjYWxlZC5qcGVnIiwic2xpZGVzaG93IjoiN2I3NDJkZGUifQ%3D%3D\" href='https:\/\/cisca-project.eu\/wp-content\/uploads\/2025\/05\/IMG_8850-scaled.jpeg'><img loading=\"lazy\" decoding=\"async\" width=\"300\" height=\"225\" src=\"https:\/\/cisca-project.eu\/wp-content\/uploads\/2025\/05\/IMG_8850-300x225.jpeg\" class=\"attachment-medium size-medium\" alt=\"\" srcset=\"https:\/\/cisca-project.eu\/wp-content\/uploads\/2025\/05\/IMG_8850-300x225.jpeg 300w, https:\/\/cisca-project.eu\/wp-content\/uploads\/2025\/05\/IMG_8850-1024x768.jpeg 1024w, https:\/\/cisca-project.eu\/wp-content\/uploads\/2025\/05\/IMG_8850-768x576.jpeg 768w, https:\/\/cisca-project.eu\/wp-content\/uploads\/2025\/05\/IMG_8850-1536x1152.jpeg 1536w, https:\/\/cisca-project.eu\/wp-content\/uploads\/2025\/05\/IMG_8850-2048x1536.jpeg 2048w, https:\/\/cisca-project.eu\/wp-content\/uploads\/2025\/05\/IMG_8850-16x12.jpeg 16w\" sizes=\"(max-width: 300px) 100vw, 300px\" \/><\/a>\n\t\t\t<\/div><\/figure><figure class='gallery-item'>\n\t\t\t<div class='gallery-icon landscape'>\n\t\t\t\t<a data-elementor-open-lightbox=\"yes\" data-elementor-lightbox-slideshow=\"7b742dde\" data-elementor-lightbox-title=\"IMG_8851\" data-e-action-hash=\"#elementor-action%3Aaction%3Dlightbox%26settings%3DeyJpZCI6NzA1LCJ1cmwiOiJodHRwczpcL1wvY2lzY2EtcHJvamVjdC5ldVwvd3AtY29udGVudFwvdXBsb2Fkc1wvMjAyNVwvMDVcL0lNR184ODUxLXNjYWxlZC5qcGVnIiwic2xpZGVzaG93IjoiN2I3NDJkZGUifQ%3D%3D\" href='https:\/\/cisca-project.eu\/wp-content\/uploads\/2025\/05\/IMG_8851-scaled.jpeg'><img loading=\"lazy\" decoding=\"async\" width=\"300\" height=\"225\" src=\"https:\/\/cisca-project.eu\/wp-content\/uploads\/2025\/05\/IMG_8851-300x225.jpeg\" class=\"attachment-medium size-medium\" alt=\"\" srcset=\"https:\/\/cisca-project.eu\/wp-content\/uploads\/2025\/05\/IMG_8851-300x225.jpeg 300w, https:\/\/cisca-project.eu\/wp-content\/uploads\/2025\/05\/IMG_8851-1024x768.jpeg 1024w, https:\/\/cisca-project.eu\/wp-content\/uploads\/2025\/05\/IMG_8851-768x576.jpeg 768w, https:\/\/cisca-project.eu\/wp-content\/uploads\/2025\/05\/IMG_8851-1536x1152.jpeg 1536w, https:\/\/cisca-project.eu\/wp-content\/uploads\/2025\/05\/IMG_8851-2048x1536.jpeg 2048w, https:\/\/cisca-project.eu\/wp-content\/uploads\/2025\/05\/IMG_8851-16x12.jpeg 16w\" sizes=\"(max-width: 300px) 100vw, 300px\" \/><\/a>\n\t\t\t<\/div><\/figure>\n\t\t<\/div>\n\t\t<\/div>\n\t\t\t\t\t\t<\/div>\n\t\t\t\t<\/div>\n\t\t\t\t\t<\/div>\n\t\t\t\t<\/div>\n\t\t<div class=\"has_eae_slider elementor-element elementor-element-07de7ce e-flex e-con-boxed e-con e-parent\" data-eae-slider=\"51843\" data-id=\"07de7ce\" data-element_type=\"container\" data-e-type=\"container\">\n\t\t\t\t\t<div class=\"e-con-inner\">\n\t\t\t\t<div class=\"elementor-element elementor-element-9f7869e elementor-widget-divider--view-line elementor-widget elementor-widget-divider\" data-id=\"9f7869e\" data-element_type=\"widget\" data-e-type=\"widget\" data-widget_type=\"divider.default\">\n\t\t\t\t<div class=\"elementor-widget-container\">\n\t\t\t\t\t\t\t<div class=\"elementor-divider\">\n\t\t\t<span class=\"elementor-divider-separator\">\n\t\t\t\t\t\t<\/span>\n\t\t<\/div>\n\t\t\t\t\t\t<\/div>\n\t\t\t\t<\/div>\n\t\t\t\t\t<\/div>\n\t\t\t\t<\/div>\n\t\t\t\t<\/div>","protected":false},"excerpt":{"rendered":"<p>A Neighborhood Programme with the ultimate audience of citizens was implemented in each neighborhood of the partnership. In charge of delivery per each country were the operators (3 per country from diverse backgrounds) trained in the frame of local trainings, with the support of 2 Trainers from the hosting organizations. The specific structure of the [&hellip;]<\/p>\n","protected":false},"author":2,"featured_media":0,"parent":0,"menu_order":0,"comment_status":"closed","ping_status":"closed","template":"","meta":{"footnotes":""},"class_list":["post-910","page","type-page","status-publish","hentry"],"blocksy_meta":[],"_links":{"self":[{"href":"https:\/\/cisca-project.eu\/de\/wp-json\/wp\/v2\/pages\/910","targetHints":{"allow":["GET"]}}],"collection":[{"href":"https:\/\/cisca-project.eu\/de\/wp-json\/wp\/v2\/pages"}],"about":[{"href":"https:\/\/cisca-project.eu\/de\/wp-json\/wp\/v2\/types\/page"}],"author":[{"embeddable":true,"href":"https:\/\/cisca-project.eu\/de\/wp-json\/wp\/v2\/users\/2"}],"replies":[{"embeddable":true,"href":"https:\/\/cisca-project.eu\/de\/wp-json\/wp\/v2\/comments?post=910"}],"version-history":[{"count":4,"href":"https:\/\/cisca-project.eu\/de\/wp-json\/wp\/v2\/pages\/910\/revisions"}],"predecessor-version":[{"id":914,"href":"https:\/\/cisca-project.eu\/de\/wp-json\/wp\/v2\/pages\/910\/revisions\/914"}],"wp:attachment":[{"href":"https:\/\/cisca-project.eu\/de\/wp-json\/wp\/v2\/media?parent=910"}],"curies":[{"name":"wp","href":"https:\/\/api.w.org\/{rel}","templated":true}]}}