{"id":905,"date":"2025-07-17T13:03:24","date_gmt":"2025-07-17T13:03:24","guid":{"rendered":"https:\/\/cisca-project.eu\/?page_id=905"},"modified":"2025-07-17T13:03:52","modified_gmt":"2025-07-17T13:03:52","slug":"rcw-neighborhood-programmes","status":"publish","type":"page","link":"https:\/\/cisca-project.eu\/de\/rcw-neighborhood-programmes\/","title":{"rendered":"RCW - Programme f\u00fcr die Nachbarschaft"},"content":{"rendered":"<div data-elementor-type=\"wp-page\" data-elementor-id=\"905\" class=\"elementor elementor-905\">\n\t\t\t\t<div class=\"has_eae_slider elementor-element elementor-element-499e3e0f e-flex e-con-boxed e-con e-parent\" data-eae-slider=\"71633\" data-id=\"499e3e0f\" data-element_type=\"container\" data-e-type=\"container\">\n\t\t\t\t\t<div class=\"e-con-inner\">\n\t\t\t\t<div class=\"elementor-element elementor-element-1b7ff420 elementor-widget elementor-widget-image\" data-id=\"1b7ff420\" data-element_type=\"widget\" data-e-type=\"widget\" data-widget_type=\"image.default\">\n\t\t\t\t<div class=\"elementor-widget-container\">\n\t\t\t\t\t\t\t\t\t\t\t\t\t\t\t<img decoding=\"async\" width=\"300\" height=\"121\" src=\"https:\/\/cisca-project.eu\/wp-content\/uploads\/2023\/03\/Centru-Wolontariatu-Edited-300x121.png\" class=\"attachment-medium size-medium wp-image-32\" alt=\"\" srcset=\"https:\/\/cisca-project.eu\/wp-content\/uploads\/2023\/03\/Centru-Wolontariatu-Edited-300x121.png 300w, https:\/\/cisca-project.eu\/wp-content\/uploads\/2023\/03\/Centru-Wolontariatu-Edited.png 560w\" sizes=\"(max-width: 300px) 100vw, 300px\" \/>\t\t\t\t\t\t\t\t\t\t\t\t\t\t\t<\/div>\n\t\t\t\t<\/div>\n\t\t\t\t<div class=\"elementor-element elementor-element-6282362a elementor-widget elementor-widget-text-editor\" data-id=\"6282362a\" data-element_type=\"widget\" data-e-type=\"widget\" data-widget_type=\"text-editor.default\">\n\t\t\t\t<div class=\"elementor-widget-container\">\n\t\t\t\t\t\t\t\t\t<p>Ein Nachbarschaftsprogramm mit der Zielgruppe der B\u00fcrger wurde in jeder Nachbarschaft der Partnerschaft durchgef\u00fchrt. Verantwortlich f\u00fcr die Durchf\u00fchrung in jedem Land waren die Betreiber (3 pro Land mit unterschiedlichem Hintergrund), die im Rahmen lokaler Schulungen geschult wurden, mit Unterst\u00fctzung von 2 Trainern der gastgebenden Organisationen. Die spezifische Struktur der Nachbarschaftsprogramme in jedem Land wurde von den Betreibern und Ausbildern in der Endphase der Schulungskurse festgelegt, aufbauend auf den entwickelten Lernergebnissen und den spezifischen Bedingungen (st\u00e4dtisch, bev\u00f6lkerungsbezogen usw.) der Nachbarschaften.<\/p><p>Standort: Polen<\/p><p>Anzahl der Teilnehmer: 60<\/p>\t\t\t\t\t\t\t\t<\/div>\n\t\t\t\t<\/div>\n\t\t\t\t\t<\/div>\n\t\t\t\t<\/div>\n\t\t<div class=\"has_eae_slider elementor-element elementor-element-3c87910c e-flex e-con-boxed e-con e-parent\" data-eae-slider=\"54697\" data-id=\"3c87910c\" data-element_type=\"container\" data-e-type=\"container\">\n\t\t\t\t\t<div class=\"e-con-inner\">\n\t\t\t\t<div class=\"elementor-element elementor-element-1defecf gallery-spacing-custom elementor-widget elementor-widget-image-gallery\" data-id=\"1defecf\" data-element_type=\"widget\" data-e-type=\"widget\" data-widget_type=\"image-gallery.default\">\n\t\t\t\t<div class=\"elementor-widget-container\">\n\t\t\t\t\t\t\t<div class=\"elementor-image-gallery\">\n\t\t\t<div id='gallery-1' class='gallery galleryid-905 gallery-columns-4 gallery-size-medium'><figure class='gallery-item'>\n\t\t\t<div class='gallery-icon portrait'>\n\t\t\t\t<a data-elementor-open-lightbox=\"yes\" data-elementor-lightbox-slideshow=\"1defecf\" data-elementor-lightbox-title=\"3\" data-e-action-hash=\"#elementor-action%3Aaction%3Dlightbox%26settings%3DeyJpZCI6Njk1LCJ1cmwiOiJodHRwczpcL1wvY2lzY2EtcHJvamVjdC5ldVwvd3AtY29udGVudFwvdXBsb2Fkc1wvMjAyNVwvMDVcLzMuanBnIiwic2xpZGVzaG93IjoiMWRlZmVjZiJ9\" href='https:\/\/cisca-project.eu\/wp-content\/uploads\/2025\/05\/3.jpg'><img fetchpriority=\"high\" decoding=\"async\" width=\"225\" height=\"300\" src=\"https:\/\/cisca-project.eu\/wp-content\/uploads\/2025\/05\/3-225x300.jpg\" class=\"attachment-medium size-medium\" alt=\"\" srcset=\"https:\/\/cisca-project.eu\/wp-content\/uploads\/2025\/05\/3-225x300.jpg 225w, https:\/\/cisca-project.eu\/wp-content\/uploads\/2025\/05\/3-768x1024.jpg 768w, https:\/\/cisca-project.eu\/wp-content\/uploads\/2025\/05\/3-1152x1536.jpg 1152w, https:\/\/cisca-project.eu\/wp-content\/uploads\/2025\/05\/3-9x12.jpg 9w, https:\/\/cisca-project.eu\/wp-content\/uploads\/2025\/05\/3.jpg 1200w\" sizes=\"(max-width: 225px) 100vw, 225px\" \/><\/a>\n\t\t\t<\/div><\/figure><figure class='gallery-item'>\n\t\t\t<div class='gallery-icon portrait'>\n\t\t\t\t<a data-elementor-open-lightbox=\"yes\" data-elementor-lightbox-slideshow=\"1defecf\" data-elementor-lightbox-title=\"9\" data-e-action-hash=\"#elementor-action%3Aaction%3Dlightbox%26settings%3DeyJpZCI6Njk2LCJ1cmwiOiJodHRwczpcL1wvY2lzY2EtcHJvamVjdC5ldVwvd3AtY29udGVudFwvdXBsb2Fkc1wvMjAyNVwvMDVcLzkuanBnIiwic2xpZGVzaG93IjoiMWRlZmVjZiJ9\" href='https:\/\/cisca-project.eu\/wp-content\/uploads\/2025\/05\/9.jpg'><img decoding=\"async\" width=\"225\" height=\"300\" src=\"https:\/\/cisca-project.eu\/wp-content\/uploads\/2025\/05\/9-225x300.jpg\" class=\"attachment-medium size-medium\" alt=\"\" srcset=\"https:\/\/cisca-project.eu\/wp-content\/uploads\/2025\/05\/9-225x300.jpg 225w, https:\/\/cisca-project.eu\/wp-content\/uploads\/2025\/05\/9-768x1024.jpg 768w, https:\/\/cisca-project.eu\/wp-content\/uploads\/2025\/05\/9-1152x1536.jpg 1152w, https:\/\/cisca-project.eu\/wp-content\/uploads\/2025\/05\/9-9x12.jpg 9w, https:\/\/cisca-project.eu\/wp-content\/uploads\/2025\/05\/9.jpg 1200w\" sizes=\"(max-width: 225px) 100vw, 225px\" \/><\/a>\n\t\t\t<\/div><\/figure><figure class='gallery-item'>\n\t\t\t<div class='gallery-icon landscape'>\n\t\t\t\t<a data-elementor-open-lightbox=\"yes\" data-elementor-lightbox-slideshow=\"1defecf\" data-elementor-lightbox-title=\"21\" data-e-action-hash=\"#elementor-action%3Aaction%3Dlightbox%26settings%3DeyJpZCI6NzAwLCJ1cmwiOiJodHRwczpcL1wvY2lzY2EtcHJvamVjdC5ldVwvd3AtY29udGVudFwvdXBsb2Fkc1wvMjAyNVwvMDVcLzIxLmpwZyIsInNsaWRlc2hvdyI6IjFkZWZlY2YifQ%3D%3D\" href='https:\/\/cisca-project.eu\/wp-content\/uploads\/2025\/05\/21.jpg'><img loading=\"lazy\" decoding=\"async\" width=\"300\" height=\"225\" src=\"https:\/\/cisca-project.eu\/wp-content\/uploads\/2025\/05\/21-300x225.jpg\" class=\"attachment-medium size-medium\" alt=\"\" srcset=\"https:\/\/cisca-project.eu\/wp-content\/uploads\/2025\/05\/21-300x225.jpg 300w, https:\/\/cisca-project.eu\/wp-content\/uploads\/2025\/05\/21-1024x768.jpg 1024w, https:\/\/cisca-project.eu\/wp-content\/uploads\/2025\/05\/21-768x576.jpg 768w, https:\/\/cisca-project.eu\/wp-content\/uploads\/2025\/05\/21-1536x1152.jpg 1536w, https:\/\/cisca-project.eu\/wp-content\/uploads\/2025\/05\/21-16x12.jpg 16w, https:\/\/cisca-project.eu\/wp-content\/uploads\/2025\/05\/21.jpg 1600w\" sizes=\"(max-width: 300px) 100vw, 300px\" \/><\/a>\n\t\t\t<\/div><\/figure><figure class='gallery-item'>\n\t\t\t<div class='gallery-icon landscape'>\n\t\t\t\t<a data-elementor-open-lightbox=\"yes\" data-elementor-lightbox-slideshow=\"1defecf\" data-elementor-lightbox-title=\"14\" data-e-action-hash=\"#elementor-action%3Aaction%3Dlightbox%26settings%3DeyJpZCI6Njk4LCJ1cmwiOiJodHRwczpcL1wvY2lzY2EtcHJvamVjdC5ldVwvd3AtY29udGVudFwvdXBsb2Fkc1wvMjAyNVwvMDVcLzE0LmpwZyIsInNsaWRlc2hvdyI6IjFkZWZlY2YifQ%3D%3D\" href='https:\/\/cisca-project.eu\/wp-content\/uploads\/2025\/05\/14.jpg'><img loading=\"lazy\" decoding=\"async\" width=\"300\" height=\"225\" src=\"https:\/\/cisca-project.eu\/wp-content\/uploads\/2025\/05\/14-300x225.jpg\" class=\"attachment-medium size-medium\" alt=\"\" srcset=\"https:\/\/cisca-project.eu\/wp-content\/uploads\/2025\/05\/14-300x225.jpg 300w, https:\/\/cisca-project.eu\/wp-content\/uploads\/2025\/05\/14-1024x768.jpg 1024w, https:\/\/cisca-project.eu\/wp-content\/uploads\/2025\/05\/14-768x576.jpg 768w, https:\/\/cisca-project.eu\/wp-content\/uploads\/2025\/05\/14-1536x1152.jpg 1536w, https:\/\/cisca-project.eu\/wp-content\/uploads\/2025\/05\/14-16x12.jpg 16w, https:\/\/cisca-project.eu\/wp-content\/uploads\/2025\/05\/14.jpg 1600w\" sizes=\"(max-width: 300px) 100vw, 300px\" \/><\/a>\n\t\t\t<\/div><\/figure><figure class='gallery-item'>\n\t\t\t<div class='gallery-icon landscape'>\n\t\t\t\t<a data-elementor-open-lightbox=\"yes\" data-elementor-lightbox-slideshow=\"1defecf\" data-elementor-lightbox-title=\"11\" data-e-action-hash=\"#elementor-action%3Aaction%3Dlightbox%26settings%3DeyJpZCI6Njk3LCJ1cmwiOiJodHRwczpcL1wvY2lzY2EtcHJvamVjdC5ldVwvd3AtY29udGVudFwvdXBsb2Fkc1wvMjAyNVwvMDVcLzExLmpwZyIsInNsaWRlc2hvdyI6IjFkZWZlY2YifQ%3D%3D\" href='https:\/\/cisca-project.eu\/wp-content\/uploads\/2025\/05\/11.jpg'><img loading=\"lazy\" decoding=\"async\" width=\"300\" height=\"225\" src=\"https:\/\/cisca-project.eu\/wp-content\/uploads\/2025\/05\/11-300x225.jpg\" class=\"attachment-medium size-medium\" alt=\"\" srcset=\"https:\/\/cisca-project.eu\/wp-content\/uploads\/2025\/05\/11-300x225.jpg 300w, https:\/\/cisca-project.eu\/wp-content\/uploads\/2025\/05\/11-1024x768.jpg 1024w, https:\/\/cisca-project.eu\/wp-content\/uploads\/2025\/05\/11-768x576.jpg 768w, https:\/\/cisca-project.eu\/wp-content\/uploads\/2025\/05\/11-1536x1152.jpg 1536w, https:\/\/cisca-project.eu\/wp-content\/uploads\/2025\/05\/11-16x12.jpg 16w, https:\/\/cisca-project.eu\/wp-content\/uploads\/2025\/05\/11.jpg 1600w\" sizes=\"(max-width: 300px) 100vw, 300px\" \/><\/a>\n\t\t\t<\/div><\/figure><figure class='gallery-item'>\n\t\t\t<div class='gallery-icon landscape'>\n\t\t\t\t<a data-elementor-open-lightbox=\"yes\" data-elementor-lightbox-slideshow=\"1defecf\" data-elementor-lightbox-title=\"19\" data-e-action-hash=\"#elementor-action%3Aaction%3Dlightbox%26settings%3DeyJpZCI6Njk5LCJ1cmwiOiJodHRwczpcL1wvY2lzY2EtcHJvamVjdC5ldVwvd3AtY29udGVudFwvdXBsb2Fkc1wvMjAyNVwvMDVcLzE5LmpwZyIsInNsaWRlc2hvdyI6IjFkZWZlY2YifQ%3D%3D\" href='https:\/\/cisca-project.eu\/wp-content\/uploads\/2025\/05\/19.jpg'><img loading=\"lazy\" decoding=\"async\" width=\"300\" height=\"225\" src=\"https:\/\/cisca-project.eu\/wp-content\/uploads\/2025\/05\/19-300x225.jpg\" class=\"attachment-medium size-medium\" alt=\"\" srcset=\"https:\/\/cisca-project.eu\/wp-content\/uploads\/2025\/05\/19-300x225.jpg 300w, https:\/\/cisca-project.eu\/wp-content\/uploads\/2025\/05\/19-1024x768.jpg 1024w, https:\/\/cisca-project.eu\/wp-content\/uploads\/2025\/05\/19-768x576.jpg 768w, https:\/\/cisca-project.eu\/wp-content\/uploads\/2025\/05\/19-1536x1152.jpg 1536w, https:\/\/cisca-project.eu\/wp-content\/uploads\/2025\/05\/19-16x12.jpg 16w, https:\/\/cisca-project.eu\/wp-content\/uploads\/2025\/05\/19.jpg 1600w\" sizes=\"(max-width: 300px) 100vw, 300px\" \/><\/a>\n\t\t\t<\/div><\/figure>\n\t\t<\/div>\n\t\t<\/div>\n\t\t\t\t\t\t<\/div>\n\t\t\t\t<\/div>\n\t\t\t\t\t<\/div>\n\t\t\t\t<\/div>\n\t\t<div class=\"has_eae_slider elementor-element elementor-element-ec88490 e-flex e-con-boxed e-con e-parent\" data-eae-slider=\"28186\" data-id=\"ec88490\" data-element_type=\"container\" data-e-type=\"container\">\n\t\t\t\t\t<div class=\"e-con-inner\">\n\t\t\t\t<div class=\"elementor-element elementor-element-020aeeb elementor-widget-divider--view-line elementor-widget elementor-widget-divider\" data-id=\"020aeeb\" data-element_type=\"widget\" data-e-type=\"widget\" data-widget_type=\"divider.default\">\n\t\t\t\t<div class=\"elementor-widget-container\">\n\t\t\t\t\t\t\t<div class=\"elementor-divider\">\n\t\t\t<span class=\"elementor-divider-separator\">\n\t\t\t\t\t\t<\/span>\n\t\t<\/div>\n\t\t\t\t\t\t<\/div>\n\t\t\t\t<\/div>\n\t\t\t\t\t<\/div>\n\t\t\t\t<\/div>\n\t\t\t\t<\/div>","protected":false},"excerpt":{"rendered":"<p>A Neighborhood Programme with the ultimate audience of citizens was implemented in each neighborhood of the partnership. In charge of delivery per each country were the operators (3 per country from diverse backgrounds) trained in the frame of local trainings, with the support of 2 Trainers from the hosting organizations. The specific structure of the [&hellip;]<\/p>\n","protected":false},"author":2,"featured_media":0,"parent":0,"menu_order":0,"comment_status":"closed","ping_status":"closed","template":"","meta":{"footnotes":""},"class_list":["post-905","page","type-page","status-publish","hentry"],"blocksy_meta":[],"_links":{"self":[{"href":"https:\/\/cisca-project.eu\/de\/wp-json\/wp\/v2\/pages\/905","targetHints":{"allow":["GET"]}}],"collection":[{"href":"https:\/\/cisca-project.eu\/de\/wp-json\/wp\/v2\/pages"}],"about":[{"href":"https:\/\/cisca-project.eu\/de\/wp-json\/wp\/v2\/types\/page"}],"author":[{"embeddable":true,"href":"https:\/\/cisca-project.eu\/de\/wp-json\/wp\/v2\/users\/2"}],"replies":[{"embeddable":true,"href":"https:\/\/cisca-project.eu\/de\/wp-json\/wp\/v2\/comments?post=905"}],"version-history":[{"count":4,"href":"https:\/\/cisca-project.eu\/de\/wp-json\/wp\/v2\/pages\/905\/revisions"}],"predecessor-version":[{"id":909,"href":"https:\/\/cisca-project.eu\/de\/wp-json\/wp\/v2\/pages\/905\/revisions\/909"}],"wp:attachment":[{"href":"https:\/\/cisca-project.eu\/de\/wp-json\/wp\/v2\/media?parent=905"}],"curies":[{"name":"wp","href":"https:\/\/api.w.org\/{rel}","templated":true}]}}