{"id":900,"date":"2025-07-17T13:02:21","date_gmt":"2025-07-17T13:02:21","guid":{"rendered":"https:\/\/cisca-project.eu\/?page_id=900"},"modified":"2025-07-17T13:02:51","modified_gmt":"2025-07-17T13:02:51","slug":"wonderland-neighborhood-programmes","status":"publish","type":"page","link":"https:\/\/cisca-project.eu\/de\/wonderland-neighborhood-programmes\/","title":{"rendered":"WONDERLAND - Programme f\u00fcr die Nachbarschaft"},"content":{"rendered":"<div data-elementor-type=\"wp-page\" data-elementor-id=\"900\" class=\"elementor elementor-900\">\n\t\t\t\t<div class=\"has_eae_slider elementor-element elementor-element-5eda4065 e-flex e-con-boxed e-con e-parent\" data-eae-slider=\"21694\" data-id=\"5eda4065\" data-element_type=\"container\" data-e-type=\"container\">\n\t\t\t\t\t<div class=\"e-con-inner\">\n\t\t\t\t<div class=\"elementor-element elementor-element-7e0f1ac8 elementor-widget elementor-widget-image\" data-id=\"7e0f1ac8\" data-element_type=\"widget\" data-e-type=\"widget\" data-widget_type=\"image.default\">\n\t\t\t\t<div class=\"elementor-widget-container\">\n\t\t\t\t\t\t\t\t\t\t\t\t\t\t\t<img decoding=\"async\" width=\"150\" height=\"150\" src=\"https:\/\/cisca-project.eu\/wp-content\/uploads\/2025\/05\/88470ded-8677-4370-a077-b6a60ce8a9a9-150x150.png\" class=\"attachment-thumbnail size-thumbnail wp-image-727\" alt=\"\" \/>\t\t\t\t\t\t\t\t\t\t\t\t\t\t\t<\/div>\n\t\t\t\t<\/div>\n\t\t\t\t<div class=\"elementor-element elementor-element-23419c22 elementor-widget elementor-widget-text-editor\" data-id=\"23419c22\" data-element_type=\"widget\" data-e-type=\"widget\" data-widget_type=\"text-editor.default\">\n\t\t\t\t<div class=\"elementor-widget-container\">\n\t\t\t\t\t\t\t\t\t<p>Ein Nachbarschaftsprogramm mit der Zielgruppe der B\u00fcrger wurde in jeder Nachbarschaft der Partnerschaft durchgef\u00fchrt. Verantwortlich f\u00fcr die Durchf\u00fchrung in jedem Land waren die Betreiber (3 pro Land mit unterschiedlichem Hintergrund), die im Rahmen lokaler Schulungen geschult wurden, mit Unterst\u00fctzung von 2 Trainern der gastgebenden Organisationen. Die spezifische Struktur der Nachbarschaftsprogramme in jedem Land wurde von den Betreibern und Ausbildern in der Endphase der Schulungskurse festgelegt, aufbauend auf den entwickelten Lernergebnissen und den spezifischen Bedingungen (st\u00e4dtisch, bev\u00f6lkerungsbezogen usw.) der Nachbarschaften.<\/p><p>Standort: \u00d6sterreich<\/p><p>Anzahl der Teilnehmer: 60<\/p>\t\t\t\t\t\t\t\t<\/div>\n\t\t\t\t<\/div>\n\t\t\t\t\t<\/div>\n\t\t\t\t<\/div>\n\t\t<div class=\"has_eae_slider elementor-element elementor-element-1598d e-flex e-con-boxed e-con e-parent\" data-eae-slider=\"92397\" data-id=\"1598d\" data-element_type=\"container\" data-e-type=\"container\">\n\t\t\t\t\t<div class=\"e-con-inner\">\n\t\t\t\t<div class=\"elementor-element elementor-element-61aa7567 gallery-spacing-custom elementor-widget elementor-widget-image-gallery\" data-id=\"61aa7567\" data-element_type=\"widget\" data-e-type=\"widget\" data-widget_type=\"image-gallery.default\">\n\t\t\t\t<div class=\"elementor-widget-container\">\n\t\t\t\t\t\t\t<div class=\"elementor-image-gallery\">\n\t\t\t<div id='gallery-1' class='gallery galleryid-900 gallery-columns-4 gallery-size-medium'><figure class='gallery-item'>\n\t\t\t<div class='gallery-icon portrait'>\n\t\t\t\t<a data-elementor-open-lightbox=\"yes\" data-elementor-lightbox-slideshow=\"61aa7567\" data-elementor-lightbox-title=\"IMG_8558\" data-e-action-hash=\"#elementor-action%3Aaction%3Dlightbox%26settings%3DeyJpZCI6Njk0LCJ1cmwiOiJodHRwczpcL1wvY2lzY2EtcHJvamVjdC5ldVwvd3AtY29udGVudFwvdXBsb2Fkc1wvMjAyNVwvMDVcL0lNR184NTU4LXNjYWxlZC5qcGciLCJzbGlkZXNob3ciOiI2MWFhNzU2NyJ9\" href='https:\/\/cisca-project.eu\/wp-content\/uploads\/2025\/05\/IMG_8558-scaled.jpg'><img fetchpriority=\"high\" decoding=\"async\" width=\"225\" height=\"300\" src=\"https:\/\/cisca-project.eu\/wp-content\/uploads\/2025\/05\/IMG_8558-225x300.jpg\" class=\"attachment-medium size-medium\" alt=\"\" srcset=\"https:\/\/cisca-project.eu\/wp-content\/uploads\/2025\/05\/IMG_8558-225x300.jpg 225w, https:\/\/cisca-project.eu\/wp-content\/uploads\/2025\/05\/IMG_8558-768x1024.jpg 768w, https:\/\/cisca-project.eu\/wp-content\/uploads\/2025\/05\/IMG_8558-1152x1536.jpg 1152w, https:\/\/cisca-project.eu\/wp-content\/uploads\/2025\/05\/IMG_8558-1536x2048.jpg 1536w, https:\/\/cisca-project.eu\/wp-content\/uploads\/2025\/05\/IMG_8558-9x12.jpg 9w, https:\/\/cisca-project.eu\/wp-content\/uploads\/2025\/05\/IMG_8558-scaled.jpg 1920w\" sizes=\"(max-width: 225px) 100vw, 225px\" \/><\/a>\n\t\t\t<\/div><\/figure><figure class='gallery-item'>\n\t\t\t<div class='gallery-icon portrait'>\n\t\t\t\t<a data-elementor-open-lightbox=\"yes\" data-elementor-lightbox-slideshow=\"61aa7567\" data-elementor-lightbox-title=\"IMG_8547\" data-e-action-hash=\"#elementor-action%3Aaction%3Dlightbox%26settings%3DeyJpZCI6NjkxLCJ1cmwiOiJodHRwczpcL1wvY2lzY2EtcHJvamVjdC5ldVwvd3AtY29udGVudFwvdXBsb2Fkc1wvMjAyNVwvMDVcL0lNR184NTQ3LXNjYWxlZC5qcGciLCJzbGlkZXNob3ciOiI2MWFhNzU2NyJ9\" href='https:\/\/cisca-project.eu\/wp-content\/uploads\/2025\/05\/IMG_8547-scaled.jpg'><img decoding=\"async\" width=\"225\" height=\"300\" src=\"https:\/\/cisca-project.eu\/wp-content\/uploads\/2025\/05\/IMG_8547-225x300.jpg\" class=\"attachment-medium size-medium\" alt=\"\" srcset=\"https:\/\/cisca-project.eu\/wp-content\/uploads\/2025\/05\/IMG_8547-225x300.jpg 225w, https:\/\/cisca-project.eu\/wp-content\/uploads\/2025\/05\/IMG_8547-768x1024.jpg 768w, https:\/\/cisca-project.eu\/wp-content\/uploads\/2025\/05\/IMG_8547-1152x1536.jpg 1152w, https:\/\/cisca-project.eu\/wp-content\/uploads\/2025\/05\/IMG_8547-1536x2048.jpg 1536w, https:\/\/cisca-project.eu\/wp-content\/uploads\/2025\/05\/IMG_8547-9x12.jpg 9w, https:\/\/cisca-project.eu\/wp-content\/uploads\/2025\/05\/IMG_8547-scaled.jpg 1920w\" sizes=\"(max-width: 225px) 100vw, 225px\" \/><\/a>\n\t\t\t<\/div><\/figure><figure class='gallery-item'>\n\t\t\t<div class='gallery-icon portrait'>\n\t\t\t\t<a data-elementor-open-lightbox=\"yes\" data-elementor-lightbox-slideshow=\"61aa7567\" data-elementor-lightbox-title=\"IMG_3112\" data-e-action-hash=\"#elementor-action%3Aaction%3Dlightbox%26settings%3DeyJpZCI6NjkwLCJ1cmwiOiJodHRwczpcL1wvY2lzY2EtcHJvamVjdC5ldVwvd3AtY29udGVudFwvdXBsb2Fkc1wvMjAyNVwvMDVcL0lNR18zMTEyLXNjYWxlZC5qcGciLCJzbGlkZXNob3ciOiI2MWFhNzU2NyJ9\" href='https:\/\/cisca-project.eu\/wp-content\/uploads\/2025\/05\/IMG_3112-scaled.jpg'><img loading=\"lazy\" decoding=\"async\" width=\"225\" height=\"300\" src=\"https:\/\/cisca-project.eu\/wp-content\/uploads\/2025\/05\/IMG_3112-225x300.jpg\" class=\"attachment-medium size-medium\" alt=\"\" srcset=\"https:\/\/cisca-project.eu\/wp-content\/uploads\/2025\/05\/IMG_3112-225x300.jpg 225w, https:\/\/cisca-project.eu\/wp-content\/uploads\/2025\/05\/IMG_3112-768x1024.jpg 768w, https:\/\/cisca-project.eu\/wp-content\/uploads\/2025\/05\/IMG_3112-1152x1536.jpg 1152w, https:\/\/cisca-project.eu\/wp-content\/uploads\/2025\/05\/IMG_3112-1536x2048.jpg 1536w, https:\/\/cisca-project.eu\/wp-content\/uploads\/2025\/05\/IMG_3112-9x12.jpg 9w, https:\/\/cisca-project.eu\/wp-content\/uploads\/2025\/05\/IMG_3112-scaled.jpg 1920w\" sizes=\"(max-width: 225px) 100vw, 225px\" \/><\/a>\n\t\t\t<\/div><\/figure><figure class='gallery-item'>\n\t\t\t<div class='gallery-icon landscape'>\n\t\t\t\t<a data-elementor-open-lightbox=\"yes\" data-elementor-lightbox-slideshow=\"61aa7567\" data-elementor-lightbox-title=\"b39103da-e5a7-45ca-9019-d21bcef7dca1\" data-e-action-hash=\"#elementor-action%3Aaction%3Dlightbox%26settings%3DeyJpZCI6Njg5LCJ1cmwiOiJodHRwczpcL1wvY2lzY2EtcHJvamVjdC5ldVwvd3AtY29udGVudFwvdXBsb2Fkc1wvMjAyNVwvMDVcL2IzOTEwM2RhLWU1YTctNDVjYS05MDE5LWQyMWJjZWY3ZGNhMS5qcGciLCJzbGlkZXNob3ciOiI2MWFhNzU2NyJ9\" href='https:\/\/cisca-project.eu\/wp-content\/uploads\/2025\/05\/b39103da-e5a7-45ca-9019-d21bcef7dca1.jpg'><img loading=\"lazy\" decoding=\"async\" width=\"300\" height=\"169\" src=\"https:\/\/cisca-project.eu\/wp-content\/uploads\/2025\/05\/b39103da-e5a7-45ca-9019-d21bcef7dca1-300x169.jpg\" class=\"attachment-medium size-medium\" alt=\"\" srcset=\"https:\/\/cisca-project.eu\/wp-content\/uploads\/2025\/05\/b39103da-e5a7-45ca-9019-d21bcef7dca1-300x169.jpg 300w, https:\/\/cisca-project.eu\/wp-content\/uploads\/2025\/05\/b39103da-e5a7-45ca-9019-d21bcef7dca1-1024x577.jpg 1024w, https:\/\/cisca-project.eu\/wp-content\/uploads\/2025\/05\/b39103da-e5a7-45ca-9019-d21bcef7dca1-768x432.jpg 768w, https:\/\/cisca-project.eu\/wp-content\/uploads\/2025\/05\/b39103da-e5a7-45ca-9019-d21bcef7dca1-1536x865.jpg 1536w, https:\/\/cisca-project.eu\/wp-content\/uploads\/2025\/05\/b39103da-e5a7-45ca-9019-d21bcef7dca1-18x10.jpg 18w, https:\/\/cisca-project.eu\/wp-content\/uploads\/2025\/05\/b39103da-e5a7-45ca-9019-d21bcef7dca1.jpg 2048w\" sizes=\"(max-width: 300px) 100vw, 300px\" \/><\/a>\n\t\t\t<\/div><\/figure><figure class='gallery-item'>\n\t\t\t<div class='gallery-icon landscape'>\n\t\t\t\t<a data-elementor-open-lightbox=\"yes\" data-elementor-lightbox-slideshow=\"61aa7567\" data-elementor-lightbox-title=\"IMG_8553\" data-e-action-hash=\"#elementor-action%3Aaction%3Dlightbox%26settings%3DeyJpZCI6NjkyLCJ1cmwiOiJodHRwczpcL1wvY2lzY2EtcHJvamVjdC5ldVwvd3AtY29udGVudFwvdXBsb2Fkc1wvMjAyNVwvMDVcL0lNR184NTUzLXNjYWxlZC5qcGciLCJzbGlkZXNob3ciOiI2MWFhNzU2NyJ9\" href='https:\/\/cisca-project.eu\/wp-content\/uploads\/2025\/05\/IMG_8553-scaled.jpg'><img loading=\"lazy\" decoding=\"async\" width=\"300\" height=\"225\" src=\"https:\/\/cisca-project.eu\/wp-content\/uploads\/2025\/05\/IMG_8553-300x225.jpg\" class=\"attachment-medium size-medium\" alt=\"\" srcset=\"https:\/\/cisca-project.eu\/wp-content\/uploads\/2025\/05\/IMG_8553-300x225.jpg 300w, https:\/\/cisca-project.eu\/wp-content\/uploads\/2025\/05\/IMG_8553-1024x768.jpg 1024w, https:\/\/cisca-project.eu\/wp-content\/uploads\/2025\/05\/IMG_8553-768x576.jpg 768w, https:\/\/cisca-project.eu\/wp-content\/uploads\/2025\/05\/IMG_8553-1536x1152.jpg 1536w, https:\/\/cisca-project.eu\/wp-content\/uploads\/2025\/05\/IMG_8553-2048x1536.jpg 2048w, https:\/\/cisca-project.eu\/wp-content\/uploads\/2025\/05\/IMG_8553-16x12.jpg 16w\" sizes=\"(max-width: 300px) 100vw, 300px\" \/><\/a>\n\t\t\t<\/div><\/figure><figure class='gallery-item'>\n\t\t\t<div class='gallery-icon landscape'>\n\t\t\t\t<a data-elementor-open-lightbox=\"yes\" data-elementor-lightbox-slideshow=\"61aa7567\" data-elementor-lightbox-title=\"IMG_8559\" data-e-action-hash=\"#elementor-action%3Aaction%3Dlightbox%26settings%3DeyJpZCI6NjkzLCJ1cmwiOiJodHRwczpcL1wvY2lzY2EtcHJvamVjdC5ldVwvd3AtY29udGVudFwvdXBsb2Fkc1wvMjAyNVwvMDVcL0lNR184NTU5LXNjYWxlZC5qcGciLCJzbGlkZXNob3ciOiI2MWFhNzU2NyJ9\" href='https:\/\/cisca-project.eu\/wp-content\/uploads\/2025\/05\/IMG_8559-scaled.jpg'><img loading=\"lazy\" decoding=\"async\" width=\"300\" height=\"225\" src=\"https:\/\/cisca-project.eu\/wp-content\/uploads\/2025\/05\/IMG_8559-300x225.jpg\" class=\"attachment-medium size-medium\" alt=\"\" srcset=\"https:\/\/cisca-project.eu\/wp-content\/uploads\/2025\/05\/IMG_8559-300x225.jpg 300w, https:\/\/cisca-project.eu\/wp-content\/uploads\/2025\/05\/IMG_8559-1024x768.jpg 1024w, https:\/\/cisca-project.eu\/wp-content\/uploads\/2025\/05\/IMG_8559-768x576.jpg 768w, https:\/\/cisca-project.eu\/wp-content\/uploads\/2025\/05\/IMG_8559-1536x1152.jpg 1536w, https:\/\/cisca-project.eu\/wp-content\/uploads\/2025\/05\/IMG_8559-2048x1536.jpg 2048w, https:\/\/cisca-project.eu\/wp-content\/uploads\/2025\/05\/IMG_8559-16x12.jpg 16w\" sizes=\"(max-width: 300px) 100vw, 300px\" \/><\/a>\n\t\t\t<\/div><\/figure><figure class='gallery-item'>\n\t\t\t<div class='gallery-icon landscape'>\n\t\t\t\t<a data-elementor-open-lightbox=\"yes\" data-elementor-lightbox-slideshow=\"61aa7567\" data-elementor-lightbox-title=\"2024_6 Disco A3(c)login\" data-e-action-hash=\"#elementor-action%3Aaction%3Dlightbox%26settings%3DeyJpZCI6Njg4LCJ1cmwiOiJodHRwczpcL1wvY2lzY2EtcHJvamVjdC5ldVwvd3AtY29udGVudFwvdXBsb2Fkc1wvMjAyNVwvMDVcLzIwMjRfNi1EaXNjby1BM2Nsb2dpbi5qcGciLCJzbGlkZXNob3ciOiI2MWFhNzU2NyJ9\" href='https:\/\/cisca-project.eu\/wp-content\/uploads\/2025\/05\/2024_6-Disco-A3clogin.jpg'><img loading=\"lazy\" decoding=\"async\" width=\"300\" height=\"122\" src=\"https:\/\/cisca-project.eu\/wp-content\/uploads\/2025\/05\/2024_6-Disco-A3clogin-300x122.jpg\" class=\"attachment-medium size-medium\" alt=\"\" srcset=\"https:\/\/cisca-project.eu\/wp-content\/uploads\/2025\/05\/2024_6-Disco-A3clogin-300x122.jpg 300w, https:\/\/cisca-project.eu\/wp-content\/uploads\/2025\/05\/2024_6-Disco-A3clogin-1024x417.jpg 1024w, https:\/\/cisca-project.eu\/wp-content\/uploads\/2025\/05\/2024_6-Disco-A3clogin-768x313.jpg 768w, https:\/\/cisca-project.eu\/wp-content\/uploads\/2025\/05\/2024_6-Disco-A3clogin-1536x625.jpg 1536w, https:\/\/cisca-project.eu\/wp-content\/uploads\/2025\/05\/2024_6-Disco-A3clogin-18x7.jpg 18w, https:\/\/cisca-project.eu\/wp-content\/uploads\/2025\/05\/2024_6-Disco-A3clogin.jpg 2000w\" sizes=\"(max-width: 300px) 100vw, 300px\" \/><\/a>\n\t\t\t<\/div><\/figure>\n\t\t<\/div>\n\t\t<\/div>\n\t\t\t\t\t\t<\/div>\n\t\t\t\t<\/div>\n\t\t\t\t\t<\/div>\n\t\t\t\t<\/div>\n\t\t<div class=\"has_eae_slider elementor-element elementor-element-622dc9d e-flex e-con-boxed e-con e-parent\" data-eae-slider=\"9657\" data-id=\"622dc9d\" data-element_type=\"container\" data-e-type=\"container\">\n\t\t\t\t\t<div class=\"e-con-inner\">\n\t\t\t\t<div class=\"elementor-element elementor-element-a33e269 elementor-widget-divider--view-line elementor-widget elementor-widget-divider\" data-id=\"a33e269\" data-element_type=\"widget\" data-e-type=\"widget\" data-widget_type=\"divider.default\">\n\t\t\t\t<div class=\"elementor-widget-container\">\n\t\t\t\t\t\t\t<div class=\"elementor-divider\">\n\t\t\t<span class=\"elementor-divider-separator\">\n\t\t\t\t\t\t<\/span>\n\t\t<\/div>\n\t\t\t\t\t\t<\/div>\n\t\t\t\t<\/div>\n\t\t\t\t\t<\/div>\n\t\t\t\t<\/div>\n\t\t\t\t<\/div>","protected":false},"excerpt":{"rendered":"<p>A Neighborhood Programme with the ultimate audience of citizens was implemented in each neighborhood of the partnership. In charge of delivery per each country were the operators (3 per country from diverse backgrounds) trained in the frame of local trainings, with the support of 2 Trainers from the hosting organizations. The specific structure of the [&hellip;]<\/p>\n","protected":false},"author":2,"featured_media":0,"parent":0,"menu_order":0,"comment_status":"closed","ping_status":"closed","template":"","meta":{"footnotes":""},"class_list":["post-900","page","type-page","status-publish","hentry"],"blocksy_meta":[],"_links":{"self":[{"href":"https:\/\/cisca-project.eu\/de\/wp-json\/wp\/v2\/pages\/900","targetHints":{"allow":["GET"]}}],"collection":[{"href":"https:\/\/cisca-project.eu\/de\/wp-json\/wp\/v2\/pages"}],"about":[{"href":"https:\/\/cisca-project.eu\/de\/wp-json\/wp\/v2\/types\/page"}],"author":[{"embeddable":true,"href":"https:\/\/cisca-project.eu\/de\/wp-json\/wp\/v2\/users\/2"}],"replies":[{"embeddable":true,"href":"https:\/\/cisca-project.eu\/de\/wp-json\/wp\/v2\/comments?post=900"}],"version-history":[{"count":4,"href":"https:\/\/cisca-project.eu\/de\/wp-json\/wp\/v2\/pages\/900\/revisions"}],"predecessor-version":[{"id":904,"href":"https:\/\/cisca-project.eu\/de\/wp-json\/wp\/v2\/pages\/900\/revisions\/904"}],"wp:attachment":[{"href":"https:\/\/cisca-project.eu\/de\/wp-json\/wp\/v2\/media?parent=900"}],"curies":[{"name":"wp","href":"https:\/\/api.w.org\/{rel}","templated":true}]}}