{"id":603,"date":"2025-05-28T13:12:01","date_gmt":"2025-05-28T13:12:01","guid":{"rendered":"https:\/\/cisca-project.eu\/?page_id=603"},"modified":"2025-05-28T13:43:39","modified_gmt":"2025-05-28T13:43:39","slug":"team-project-meeting-in-italy","status":"publish","type":"page","link":"https:\/\/cisca-project.eu\/de\/team-project-meeting-in-italy\/","title":{"rendered":"Team-Projekttreffen in Italien"},"content":{"rendered":"<div data-elementor-type=\"wp-page\" data-elementor-id=\"603\" class=\"elementor elementor-603\">\n\t\t\t\t<div class=\"has_eae_slider elementor-element elementor-element-7d4bbdb e-flex e-con-boxed e-con e-parent\" data-eae-slider=\"56716\" data-id=\"7d4bbdb\" data-element_type=\"container\" data-e-type=\"container\">\n\t\t\t\t\t<div class=\"e-con-inner\">\n\t\t\t\t<div class=\"elementor-element elementor-element-6b0a581 elementor-widget elementor-widget-text-editor\" data-id=\"6b0a581\" data-element_type=\"widget\" data-e-type=\"widget\" data-widget_type=\"text-editor.default\">\n\t\t\t\t<div class=\"elementor-widget-container\">\n\t\t\t\t\t\t\t\t\t<p><span style=\"text-align: justify;\">Unser CISCA-Projektteam traf sich in Alghero zum zweiten TPM-Treffen, bei dem wir unsere Ziele vorstellten: die F\u00f6rderung des gesellschaftlichen Engagements durch Sport und die Bek\u00e4mpfung der sozialen Ausgrenzung. Bei dem Treffen wurden lebhafte Diskussionen \u00fcber den Lehrplan, das Schulungsformat und die CISCA-Webplattform gef\u00fchrt und ein klarer Weg f\u00fcr unsere k\u00fcnftige, wirkungsvolle Reise festgelegt.<\/span><\/p>\t\t\t\t\t\t\t\t<\/div>\n\t\t\t\t<\/div>\n\t\t\t\t\t<\/div>\n\t\t\t\t<\/div>\n\t\t<div class=\"has_eae_slider elementor-element elementor-element-5d7e025 e-flex e-con-boxed e-con e-parent\" data-eae-slider=\"88759\" data-id=\"5d7e025\" data-element_type=\"container\" data-e-type=\"container\">\n\t\t\t\t\t<div class=\"e-con-inner\">\n\t\t\t\t<div class=\"elementor-element elementor-element-2c578cd gallery-spacing-custom elementor-widget elementor-widget-image-gallery\" data-id=\"2c578cd\" data-element_type=\"widget\" data-e-type=\"widget\" data-widget_type=\"image-gallery.default\">\n\t\t\t\t<div class=\"elementor-widget-container\">\n\t\t\t\t\t\t\t<div class=\"elementor-image-gallery\">\n\t\t\t<div id='gallery-1' class='gallery galleryid-603 gallery-columns-3 gallery-size-large'><figure class='gallery-item'>\n\t\t\t<div class='gallery-icon landscape'>\n\t\t\t\t<a data-elementor-open-lightbox=\"yes\" data-elementor-lightbox-slideshow=\"2c578cd\" data-elementor-lightbox-title=\"WhatsApp Image 2023-09-07 at 13.57.56 (1)\" data-e-action-hash=\"#elementor-action%3Aaction%3Dlightbox%26settings%3DeyJpZCI6NDI4LCJ1cmwiOiJodHRwczpcL1wvY2lzY2EtcHJvamVjdC5ldVwvd3AtY29udGVudFwvdXBsb2Fkc1wvMjAyNFwvMDdcL1doYXRzQXBwLUltYWdlLTIwMjMtMDktMDctYXQtMTMuNTcuNTYtMS5qcGVnIiwic2xpZGVzaG93IjoiMmM1NzhjZCJ9\" href='https:\/\/cisca-project.eu\/wp-content\/uploads\/2024\/07\/WhatsApp-Image-2023-09-07-at-13.57.56-1.jpeg'><img fetchpriority=\"high\" decoding=\"async\" width=\"1024\" height=\"766\" src=\"https:\/\/cisca-project.eu\/wp-content\/uploads\/2024\/07\/WhatsApp-Image-2023-09-07-at-13.57.56-1-1024x766.jpeg\" class=\"attachment-large size-large\" alt=\"\" srcset=\"https:\/\/cisca-project.eu\/wp-content\/uploads\/2024\/07\/WhatsApp-Image-2023-09-07-at-13.57.56-1-1024x766.jpeg 1024w, https:\/\/cisca-project.eu\/wp-content\/uploads\/2024\/07\/WhatsApp-Image-2023-09-07-at-13.57.56-1-300x224.jpeg 300w, https:\/\/cisca-project.eu\/wp-content\/uploads\/2024\/07\/WhatsApp-Image-2023-09-07-at-13.57.56-1-768x575.jpeg 768w, https:\/\/cisca-project.eu\/wp-content\/uploads\/2024\/07\/WhatsApp-Image-2023-09-07-at-13.57.56-1-1536x1149.jpeg 1536w, https:\/\/cisca-project.eu\/wp-content\/uploads\/2024\/07\/WhatsApp-Image-2023-09-07-at-13.57.56-1.jpeg 2048w\" sizes=\"(max-width: 1024px) 100vw, 1024px\" \/><\/a>\n\t\t\t<\/div><\/figure><figure class='gallery-item'>\n\t\t\t<div class='gallery-icon landscape'>\n\t\t\t\t<a data-elementor-open-lightbox=\"yes\" data-elementor-lightbox-slideshow=\"2c578cd\" data-elementor-lightbox-title=\"WhatsApp Image 2023-09-07 at 13.57.55\" data-e-action-hash=\"#elementor-action%3Aaction%3Dlightbox%26settings%3DeyJpZCI6NDI5LCJ1cmwiOiJodHRwczpcL1wvY2lzY2EtcHJvamVjdC5ldVwvd3AtY29udGVudFwvdXBsb2Fkc1wvMjAyNFwvMDdcL1doYXRzQXBwLUltYWdlLTIwMjMtMDktMDctYXQtMTMuNTcuNTUuanBlZyIsInNsaWRlc2hvdyI6IjJjNTc4Y2QifQ%3D%3D\" href='https:\/\/cisca-project.eu\/wp-content\/uploads\/2024\/07\/WhatsApp-Image-2023-09-07-at-13.57.55.jpeg'><img decoding=\"async\" width=\"1024\" height=\"766\" src=\"https:\/\/cisca-project.eu\/wp-content\/uploads\/2024\/07\/WhatsApp-Image-2023-09-07-at-13.57.55-1024x766.jpeg\" class=\"attachment-large size-large\" alt=\"\" srcset=\"https:\/\/cisca-project.eu\/wp-content\/uploads\/2024\/07\/WhatsApp-Image-2023-09-07-at-13.57.55-1024x766.jpeg 1024w, https:\/\/cisca-project.eu\/wp-content\/uploads\/2024\/07\/WhatsApp-Image-2023-09-07-at-13.57.55-300x224.jpeg 300w, https:\/\/cisca-project.eu\/wp-content\/uploads\/2024\/07\/WhatsApp-Image-2023-09-07-at-13.57.55-768x575.jpeg 768w, https:\/\/cisca-project.eu\/wp-content\/uploads\/2024\/07\/WhatsApp-Image-2023-09-07-at-13.57.55-1536x1149.jpeg 1536w, https:\/\/cisca-project.eu\/wp-content\/uploads\/2024\/07\/WhatsApp-Image-2023-09-07-at-13.57.55.jpeg 2048w\" sizes=\"(max-width: 1024px) 100vw, 1024px\" \/><\/a>\n\t\t\t<\/div><\/figure><figure class='gallery-item'>\n\t\t\t<div class='gallery-icon landscape'>\n\t\t\t\t<a data-elementor-open-lightbox=\"yes\" data-elementor-lightbox-slideshow=\"2c578cd\" data-elementor-lightbox-title=\"WhatsApp Image 2023-09-07 at 13.57.49\" data-e-action-hash=\"#elementor-action%3Aaction%3Dlightbox%26settings%3DeyJpZCI6NDMwLCJ1cmwiOiJodHRwczpcL1wvY2lzY2EtcHJvamVjdC5ldVwvd3AtY29udGVudFwvdXBsb2Fkc1wvMjAyNFwvMDdcL1doYXRzQXBwLUltYWdlLTIwMjMtMDktMDctYXQtMTMuNTcuNDkuanBlZyIsInNsaWRlc2hvdyI6IjJjNTc4Y2QifQ%3D%3D\" href='https:\/\/cisca-project.eu\/wp-content\/uploads\/2024\/07\/WhatsApp-Image-2023-09-07-at-13.57.49.jpeg'><img decoding=\"async\" width=\"1024\" height=\"766\" src=\"https:\/\/cisca-project.eu\/wp-content\/uploads\/2024\/07\/WhatsApp-Image-2023-09-07-at-13.57.49-1024x766.jpeg\" class=\"attachment-large size-large\" alt=\"\" srcset=\"https:\/\/cisca-project.eu\/wp-content\/uploads\/2024\/07\/WhatsApp-Image-2023-09-07-at-13.57.49-1024x766.jpeg 1024w, https:\/\/cisca-project.eu\/wp-content\/uploads\/2024\/07\/WhatsApp-Image-2023-09-07-at-13.57.49-300x224.jpeg 300w, https:\/\/cisca-project.eu\/wp-content\/uploads\/2024\/07\/WhatsApp-Image-2023-09-07-at-13.57.49-768x575.jpeg 768w, https:\/\/cisca-project.eu\/wp-content\/uploads\/2024\/07\/WhatsApp-Image-2023-09-07-at-13.57.49-1536x1149.jpeg 1536w, https:\/\/cisca-project.eu\/wp-content\/uploads\/2024\/07\/WhatsApp-Image-2023-09-07-at-13.57.49.jpeg 2048w\" sizes=\"(max-width: 1024px) 100vw, 1024px\" \/><\/a>\n\t\t\t<\/div><\/figure>\n\t\t<\/div>\n\t\t<\/div>\n\t\t\t\t\t\t<\/div>\n\t\t\t\t<\/div>\n\t\t\t\t\t<\/div>\n\t\t\t\t<\/div>\n\t\t<div class=\"has_eae_slider elementor-element elementor-element-bb6643b e-flex e-con-boxed e-con e-parent\" data-eae-slider=\"59157\" data-id=\"bb6643b\" data-element_type=\"container\" data-e-type=\"container\">\n\t\t\t\t\t<div class=\"e-con-inner\">\n\t\t\t\t<div class=\"elementor-element elementor-element-eeb41fb elementor-widget-divider--view-line elementor-widget elementor-widget-divider\" data-id=\"eeb41fb\" data-element_type=\"widget\" data-e-type=\"widget\" data-widget_type=\"divider.default\">\n\t\t\t\t<div class=\"elementor-widget-container\">\n\t\t\t\t\t\t\t<div class=\"elementor-divider\">\n\t\t\t<span class=\"elementor-divider-separator\">\n\t\t\t\t\t\t<\/span>\n\t\t<\/div>\n\t\t\t\t\t\t<\/div>\n\t\t\t\t<\/div>\n\t\t\t\t\t<\/div>\n\t\t\t\t<\/div>\n\t\t\t\t<\/div>","protected":false},"excerpt":{"rendered":"<p>Unser CISCA-Projektteam traf sich in Alghero zum zweiten TPM-Treffen, bei dem wir unsere Ziele vorstellten: die F\u00f6rderung des gesellschaftlichen Engagements durch Sport und die Bek\u00e4mpfung der sozialen Ausgrenzung. Bei dem Treffen wurden lebhafte Diskussionen \u00fcber den Lehrplan, das Schulungsformat und die CISCA-Webplattform gef\u00fchrt und ein klarer Weg f\u00fcr unsere k\u00fcnftige, wirkungsvolle Reise festgelegt.<\/p>","protected":false},"author":2,"featured_media":0,"parent":0,"menu_order":0,"comment_status":"closed","ping_status":"closed","template":"","meta":{"footnotes":""},"class_list":["post-603","page","type-page","status-publish","hentry"],"blocksy_meta":[],"_links":{"self":[{"href":"https:\/\/cisca-project.eu\/de\/wp-json\/wp\/v2\/pages\/603","targetHints":{"allow":["GET"]}}],"collection":[{"href":"https:\/\/cisca-project.eu\/de\/wp-json\/wp\/v2\/pages"}],"about":[{"href":"https:\/\/cisca-project.eu\/de\/wp-json\/wp\/v2\/types\/page"}],"author":[{"embeddable":true,"href":"https:\/\/cisca-project.eu\/de\/wp-json\/wp\/v2\/users\/2"}],"replies":[{"embeddable":true,"href":"https:\/\/cisca-project.eu\/de\/wp-json\/wp\/v2\/comments?post=603"}],"version-history":[{"count":7,"href":"https:\/\/cisca-project.eu\/de\/wp-json\/wp\/v2\/pages\/603\/revisions"}],"predecessor-version":[{"id":657,"href":"https:\/\/cisca-project.eu\/de\/wp-json\/wp\/v2\/pages\/603\/revisions\/657"}],"wp:attachment":[{"href":"https:\/\/cisca-project.eu\/de\/wp-json\/wp\/v2\/media?parent=603"}],"curies":[{"name":"wp","href":"https:\/\/api.w.org\/{rel}","templated":true}]}}