{"id":41,"date":"2023-03-16T21:46:31","date_gmt":"2023-03-16T21:46:31","guid":{"rendered":"https:\/\/250c7ed0-acfe-4044-be00-87594873bb24.eu02.conves.io\/?page_id=41"},"modified":"2025-03-25T15:16:48","modified_gmt":"2025-03-25T15:16:48","slug":"about","status":"publish","type":"page","link":"https:\/\/cisca-project.eu\/de\/about\/","title":{"rendered":"\u00dcber"},"content":{"rendered":"<div data-elementor-type=\"wp-page\" data-elementor-id=\"41\" class=\"elementor elementor-41\">\n\t\t\t\t\t\t<section class=\"has_eae_slider elementor-section elementor-top-section elementor-element elementor-element-6266dbf elementor-section-boxed elementor-section-height-default elementor-section-height-default\" data-eae-slider=\"18775\" data-id=\"6266dbf\" data-element_type=\"section\" data-e-type=\"section\" data-settings=\"{&quot;background_background&quot;:&quot;classic&quot;}\">\n\t\t\t\t\t\t<div class=\"elementor-container elementor-column-gap-default\">\n\t\t\t\t\t<div class=\"has_eae_slider elementor-column elementor-col-100 elementor-top-column elementor-element elementor-element-a0d7af7\" data-eae-slider=\"54558\" data-id=\"a0d7af7\" data-element_type=\"column\" data-e-type=\"column\">\n\t\t\t<div class=\"elementor-widget-wrap elementor-element-populated\">\n\t\t\t\t\t\t<div class=\"elementor-element elementor-element-8745e9d elementor-widget elementor-widget-spacer\" data-id=\"8745e9d\" data-element_type=\"widget\" data-e-type=\"widget\" data-widget_type=\"spacer.default\">\n\t\t\t\t<div class=\"elementor-widget-container\">\n\t\t\t\t\t\t\t<div class=\"elementor-spacer\">\n\t\t\t<div class=\"elementor-spacer-inner\"><\/div>\n\t\t<\/div>\n\t\t\t\t\t\t<\/div>\n\t\t\t\t<\/div>\n\t\t\t\t<div class=\"elementor-element elementor-element-03a6cd4 elementor-widget elementor-widget-text-editor\" data-id=\"03a6cd4\" data-element_type=\"widget\" data-e-type=\"widget\" data-widget_type=\"text-editor.default\">\n\t\t\t\t<div class=\"elementor-widget-container\">\n\t\t\t\t\t\t\t\t\t<h4>CISCA befasst sich mit dem dringenden Bedarf an sozialer Eingliederung im und durch Sport in europ\u00e4ischen Stadtvierteln und erforscht gleichzeitig neue Ans\u00e4tze und Synergien, um die soziale Dimension des Sports und die europ\u00e4ische Dimension der Zusammenarbeit im Sport zu operationalisieren. Unser Projekt zielt darauf ab, einen Lehrplan zu entwickeln, der das Potenzial von Sportaktivit\u00e4ten zur F\u00f6rderung von Partizipation und b\u00fcrgerschaftlichem Engagement im Zusammenhang mit verschiedenen Themen des Quartiersmanagements wie Stadtplanung, Stadterneuerung, soziale Eingliederung, Diversit\u00e4tsmanagement, Umweltfragen, Zugang zu Infrastrukturen, Nutzung \u00f6ffentlicher R\u00e4ume usw. untersucht.<\/h4><h4>Wir werden uns darauf konzentrieren, wie der lokale Sport den Zugang zu st\u00e4dtischen Dienstleistungen verbessern kann, insbesondere f\u00fcr Gemeinden, die weniger M\u00f6glichkeiten haben.<\/h4>\t\t\t\t\t\t\t\t<\/div>\n\t\t\t\t<\/div>\n\t\t\t\t<div class=\"elementor-element elementor-element-0c8410e elementor-widget elementor-widget-spacer\" data-id=\"0c8410e\" data-element_type=\"widget\" data-e-type=\"widget\" data-widget_type=\"spacer.default\">\n\t\t\t\t<div class=\"elementor-widget-container\">\n\t\t\t\t\t\t\t<div class=\"elementor-spacer\">\n\t\t\t<div class=\"elementor-spacer-inner\"><\/div>\n\t\t<\/div>\n\t\t\t\t\t\t<\/div>\n\t\t\t\t<\/div>\n\t\t\t\t\t<\/div>\n\t\t<\/div>\n\t\t\t\t\t<\/div>\n\t\t<\/section>\n\t\t\t\t<section class=\"has_eae_slider elementor-section elementor-top-section elementor-element elementor-element-332a5fa elementor-section-boxed elementor-section-height-default elementor-section-height-default\" data-eae-slider=\"98820\" data-id=\"332a5fa\" data-element_type=\"section\" data-e-type=\"section\" data-settings=\"{&quot;background_background&quot;:&quot;classic&quot;}\">\n\t\t\t\t\t\t<div class=\"elementor-container elementor-column-gap-default\">\n\t\t\t\t\t<div class=\"has_eae_slider elementor-column elementor-col-100 elementor-top-column elementor-element elementor-element-0ffd1cc\" data-eae-slider=\"12489\" data-id=\"0ffd1cc\" data-element_type=\"column\" data-e-type=\"column\">\n\t\t\t<div class=\"elementor-widget-wrap elementor-element-populated\">\n\t\t\t\t\t\t<div class=\"elementor-element elementor-element-83b0502 elementor-widget elementor-widget-spacer\" data-id=\"83b0502\" data-element_type=\"widget\" data-e-type=\"widget\" data-widget_type=\"spacer.default\">\n\t\t\t\t<div class=\"elementor-widget-container\">\n\t\t\t\t\t\t\t<div class=\"elementor-spacer\">\n\t\t\t<div class=\"elementor-spacer-inner\"><\/div>\n\t\t<\/div>\n\t\t\t\t\t\t<\/div>\n\t\t\t\t<\/div>\n\t\t\t\t\t<\/div>\n\t\t<\/div>\n\t\t\t\t\t<\/div>\n\t\t<\/section>\n\t\t\t\t<section class=\"has_eae_slider elementor-section elementor-top-section elementor-element elementor-element-861d8e8 elementor-section-boxed elementor-section-height-default elementor-section-height-default\" data-eae-slider=\"73464\" data-id=\"861d8e8\" data-element_type=\"section\" data-e-type=\"section\">\n\t\t\t\t\t\t<div class=\"elementor-container elementor-column-gap-default\">\n\t\t\t\t\t<div class=\"has_eae_slider elementor-column elementor-col-100 elementor-top-column elementor-element elementor-element-b3bd833\" data-eae-slider=\"50969\" data-id=\"b3bd833\" data-element_type=\"column\" data-e-type=\"column\">\n\t\t\t<div class=\"elementor-widget-wrap elementor-element-populated\">\n\t\t\t\t\t\t<div class=\"elementor-element elementor-element-d33d823 elementor-widget elementor-widget-heading\" data-id=\"d33d823\" data-element_type=\"widget\" data-e-type=\"widget\" data-widget_type=\"heading.default\">\n\t\t\t\t<div class=\"elementor-widget-container\">\n\t\t\t\t\t<h3 class=\"elementor-heading-title elementor-size-default\">Mit CISCA sollen die folgenden Ziele erreicht werden:<\/h3>\t\t\t\t<\/div>\n\t\t\t\t<\/div>\n\t\t\t\t\t<\/div>\n\t\t<\/div>\n\t\t\t\t\t<\/div>\n\t\t<\/section>\n\t\t\t\t<section class=\"has_eae_slider elementor-section elementor-top-section elementor-element elementor-element-cc4d2a9 elementor-section-boxed elementor-section-height-default elementor-section-height-default\" data-eae-slider=\"19544\" data-id=\"cc4d2a9\" data-element_type=\"section\" data-e-type=\"section\" data-settings=\"{&quot;background_background&quot;:&quot;classic&quot;}\">\n\t\t\t\t\t\t<div class=\"elementor-container elementor-column-gap-default\">\n\t\t\t\t\t<div class=\"has_eae_slider elementor-column elementor-col-100 elementor-top-column elementor-element elementor-element-a7b1ded\" data-eae-slider=\"6585\" data-id=\"a7b1ded\" data-element_type=\"column\" data-e-type=\"column\">\n\t\t\t<div class=\"elementor-widget-wrap elementor-element-populated\">\n\t\t\t\t\t\t<div class=\"elementor-element elementor-element-2414749 elementor-widget elementor-widget-spacer\" data-id=\"2414749\" data-element_type=\"widget\" data-e-type=\"widget\" data-widget_type=\"spacer.default\">\n\t\t\t\t<div class=\"elementor-widget-container\">\n\t\t\t\t\t\t\t<div class=\"elementor-spacer\">\n\t\t\t<div class=\"elementor-spacer-inner\"><\/div>\n\t\t<\/div>\n\t\t\t\t\t\t<\/div>\n\t\t\t\t<\/div>\n\t\t\t\t\t<\/div>\n\t\t<\/div>\n\t\t\t\t\t<\/div>\n\t\t<\/section>\n\t\t\t\t<section class=\"has_eae_slider elementor-section elementor-top-section elementor-element elementor-element-116a888 elementor-section-boxed elementor-section-height-default elementor-section-height-default\" data-eae-slider=\"79835\" data-id=\"116a888\" data-element_type=\"section\" data-e-type=\"section\">\n\t\t\t\t\t\t<div class=\"elementor-container elementor-column-gap-default\">\n\t\t\t\t\t<div class=\"has_eae_slider elementor-column elementor-col-100 elementor-top-column elementor-element elementor-element-225a5c8\" data-eae-slider=\"28454\" data-id=\"225a5c8\" data-element_type=\"column\" data-e-type=\"column\">\n\t\t\t<div class=\"elementor-widget-wrap elementor-element-populated\">\n\t\t\t\t\t\t<div class=\"elementor-element elementor-element-bb33e3b elementor-widget elementor-widget-spacer\" data-id=\"bb33e3b\" data-element_type=\"widget\" data-e-type=\"widget\" data-widget_type=\"spacer.default\">\n\t\t\t\t<div class=\"elementor-widget-container\">\n\t\t\t\t\t\t\t<div class=\"elementor-spacer\">\n\t\t\t<div class=\"elementor-spacer-inner\"><\/div>\n\t\t<\/div>\n\t\t\t\t\t\t<\/div>\n\t\t\t\t<\/div>\n\t\t\t\t\t<\/div>\n\t\t<\/div>\n\t\t\t\t\t<\/div>\n\t\t<\/section>\n\t\t\t\t<section class=\"has_eae_slider elementor-section elementor-top-section elementor-element elementor-element-07bd110 elementor-section-boxed elementor-section-height-default elementor-section-height-default\" data-eae-slider=\"54679\" data-id=\"07bd110\" data-element_type=\"section\" data-e-type=\"section\">\n\t\t\t\t\t\t<div class=\"elementor-container elementor-column-gap-default\">\n\t\t\t\t\t<div class=\"has_eae_slider elementor-column elementor-col-33 elementor-top-column elementor-element elementor-element-52381f0\" data-eae-slider=\"94208\" data-id=\"52381f0\" data-element_type=\"column\" data-e-type=\"column\">\n\t\t\t<div class=\"elementor-widget-wrap elementor-element-populated\">\n\t\t\t\t\t\t<div class=\"elementor-element elementor-element-278efa8 elementor-widget elementor-widget-spacer\" data-id=\"278efa8\" data-element_type=\"widget\" data-e-type=\"widget\" data-widget_type=\"spacer.default\">\n\t\t\t\t<div class=\"elementor-widget-container\">\n\t\t\t\t\t\t\t<div class=\"elementor-spacer\">\n\t\t\t<div class=\"elementor-spacer-inner\"><\/div>\n\t\t<\/div>\n\t\t\t\t\t\t<\/div>\n\t\t\t\t<\/div>\n\t\t\t\t<div class=\"elementor-element elementor-element-685b8af elementor-widget elementor-widget-text-editor\" data-id=\"685b8af\" data-element_type=\"widget\" data-e-type=\"widget\" data-widget_type=\"text-editor.default\">\n\t\t\t\t<div class=\"elementor-widget-container\">\n\t\t\t\t\t\t\t\t\t<p>Erstellung einer kritischen und vergleichenden Analyse guter Erfahrungen auf der Grundlage der Interaktion zwischen Sport<br \/>und Aktivismus der Gemeinschaft<\/p>\t\t\t\t\t\t\t\t<\/div>\n\t\t\t\t<\/div>\n\t\t\t\t\t<\/div>\n\t\t<\/div>\n\t\t\t\t<div class=\"has_eae_slider elementor-column elementor-col-33 elementor-top-column elementor-element elementor-element-47f8b73\" data-eae-slider=\"54880\" data-id=\"47f8b73\" data-element_type=\"column\" data-e-type=\"column\">\n\t\t\t<div class=\"elementor-widget-wrap elementor-element-populated\">\n\t\t\t\t\t\t<div class=\"elementor-element elementor-element-a46e97a elementor-widget elementor-widget-text-editor\" data-id=\"a46e97a\" data-element_type=\"widget\" data-e-type=\"widget\" data-widget_type=\"text-editor.default\">\n\t\t\t\t<div class=\"elementor-widget-container\">\n\t\t\t\t\t\t\t\t\t<p>Erforschung neuer Ans\u00e4tze und Synergien zur Operationalisierung der sozialen Dimension des Sports und der europ\u00e4ischen Dimension der sektor\u00fcbergreifenden Zusammenarbeit im Sport, mit Schwerpunkt auf Organisationen\/Aktivisten der Zivilgesellschaft und Sportgruppen\/-verb\u00e4nden.<\/p>\t\t\t\t\t\t\t\t<\/div>\n\t\t\t\t<\/div>\n\t\t\t\t\t<\/div>\n\t\t<\/div>\n\t\t\t\t<div class=\"has_eae_slider elementor-column elementor-col-33 elementor-top-column elementor-element elementor-element-f53b3cc\" data-eae-slider=\"51757\" data-id=\"f53b3cc\" data-element_type=\"column\" data-e-type=\"column\">\n\t\t\t<div class=\"elementor-widget-wrap elementor-element-populated\">\n\t\t\t\t\t\t<div class=\"elementor-element elementor-element-326fe48 elementor-widget elementor-widget-spacer\" data-id=\"326fe48\" data-element_type=\"widget\" data-e-type=\"widget\" data-widget_type=\"spacer.default\">\n\t\t\t\t<div class=\"elementor-widget-container\">\n\t\t\t\t\t\t\t<div class=\"elementor-spacer\">\n\t\t\t<div class=\"elementor-spacer-inner\"><\/div>\n\t\t<\/div>\n\t\t\t\t\t\t<\/div>\n\t\t\t\t<\/div>\n\t\t\t\t<div class=\"elementor-element elementor-element-d5ea0bc elementor-widget elementor-widget-text-editor\" data-id=\"d5ea0bc\" data-element_type=\"widget\" data-e-type=\"widget\" data-widget_type=\"text-editor.default\">\n\t\t\t\t<div class=\"elementor-widget-container\">\n\t\t\t\t\t\t\t\t\t<p>Entwicklung eines Lehrplans zur Erforschung des Potenzials sportlicher Aktivit\u00e4ten f\u00fcr die F\u00f6rderung von Partizipation und b\u00fcrgerschaftlichem Engagement.<\/p>\t\t\t\t\t\t\t\t<\/div>\n\t\t\t\t<\/div>\n\t\t\t\t\t<\/div>\n\t\t<\/div>\n\t\t\t\t\t<\/div>\n\t\t<\/section>\n\t\t\t\t<section class=\"has_eae_slider elementor-section elementor-top-section elementor-element elementor-element-c133221 elementor-section-boxed elementor-section-height-default elementor-section-height-default\" data-eae-slider=\"97725\" data-id=\"c133221\" data-element_type=\"section\" data-e-type=\"section\">\n\t\t\t\t\t\t<div class=\"elementor-container elementor-column-gap-default\">\n\t\t\t\t\t<div class=\"has_eae_slider elementor-column elementor-col-100 elementor-top-column elementor-element elementor-element-d6412e3\" data-eae-slider=\"90574\" data-id=\"d6412e3\" data-element_type=\"column\" data-e-type=\"column\">\n\t\t\t<div class=\"elementor-widget-wrap elementor-element-populated\">\n\t\t\t\t\t\t<div class=\"elementor-element elementor-element-a098470 elementor-widget elementor-widget-text-editor\" data-id=\"a098470\" data-element_type=\"widget\" data-e-type=\"widget\" data-widget_type=\"text-editor.default\">\n\t\t\t\t<div class=\"elementor-widget-container\">\n\t\t\t\t\t\t\t\t\t<p>\u00a0<\/p><p>Die direkten Nutznie\u00dfer der Projektergebnisse sind Sportakteure (Trainer und Betreuer in Breitensportorganisationen\/-gruppen), lokale NRO, Aktivisten (Mitglieder von B\u00fcrgergruppen und -aussch\u00fcssen) und B\u00fcrger.\u00a0<\/p><p><span style=\"font-size: inherit; background-color: var(--palettecolor7); color: var(--theme-text-color); font-family: var(--fontFamily); font-style: var(--fontStyle, inherit); font-weight: var(--fontWeight); letter-spacing: var(--letterSpacing); text-transform: var(--textTransform);\">Neben der horizontalen Priorit\u00e4t der Eingliederung und der Vielfalt befasst sich die CISCA mit den europ\u00e4ischen Priorit\u00e4ten im Bereich des Sports, insbesondere mit der St\u00e4rkung der sozialen Dimension des Sports, in \u00dcbereinstimmung mit der Europ\u00e4ischen Kommission, die dem Sport eine wesentliche Rolle bei der Zusammenf\u00fchrung der B\u00fcrger und der Bew\u00e4ltigung der sie betreffenden Probleme zuschreibt.<\/span><\/p>\t\t\t\t\t\t\t\t<\/div>\n\t\t\t\t<\/div>\n\t\t\t\t<div class=\"elementor-element elementor-element-4c0aa35 elementor-align-center elementor-widget elementor-widget-button\" data-id=\"4c0aa35\" data-element_type=\"widget\" data-e-type=\"widget\" data-widget_type=\"button.default\">\n\t\t\t\t<div class=\"elementor-widget-container\">\n\t\t\t\t\t\t\t\t\t<div class=\"elementor-button-wrapper\">\n\t\t\t\t\t<a class=\"elementor-button elementor-button-link elementor-size-sm\" href=\"https:\/\/cisca-project.eu\/de\/results\/\">\n\t\t\t\t\t\t<span class=\"elementor-button-content-wrapper\">\n\t\t\t\t\t\t\t\t\t<span class=\"elementor-button-text\">Wie?<\/span>\n\t\t\t\t\t<\/span>\n\t\t\t\t\t<\/a>\n\t\t\t\t<\/div>\n\t\t\t\t\t\t\t\t<\/div>\n\t\t\t\t<\/div>\n\t\t\t\t<div class=\"elementor-element elementor-element-65842ce elementor-widget elementor-widget-spacer\" data-id=\"65842ce\" data-element_type=\"widget\" data-e-type=\"widget\" data-widget_type=\"spacer.default\">\n\t\t\t\t<div class=\"elementor-widget-container\">\n\t\t\t\t\t\t\t<div class=\"elementor-spacer\">\n\t\t\t<div class=\"elementor-spacer-inner\"><\/div>\n\t\t<\/div>\n\t\t\t\t\t\t<\/div>\n\t\t\t\t<\/div>\n\t\t\t\t\t<\/div>\n\t\t<\/div>\n\t\t\t\t\t<\/div>\n\t\t<\/section>\n\t\t\t\t<\/div>","protected":false},"excerpt":{"rendered":"<p>CISCA is addressing the pressing need for social inclusion in and through Sport within European neighbourhoods while at the same time exploring new approaches and synergies operationalizing the social dimension of Sport and the European dimension of cooperation in Sport. Our project aims at developing a curriculum for exploring the potential of sport activities in [&hellip;]<\/p>\n","protected":false},"author":1,"featured_media":0,"parent":0,"menu_order":0,"comment_status":"closed","ping_status":"closed","template":"elementor_header_footer","meta":{"footnotes":""},"class_list":["post-41","page","type-page","status-publish","hentry"],"blocksy_meta":[],"_links":{"self":[{"href":"https:\/\/cisca-project.eu\/de\/wp-json\/wp\/v2\/pages\/41","targetHints":{"allow":["GET"]}}],"collection":[{"href":"https:\/\/cisca-project.eu\/de\/wp-json\/wp\/v2\/pages"}],"about":[{"href":"https:\/\/cisca-project.eu\/de\/wp-json\/wp\/v2\/types\/page"}],"author":[{"embeddable":true,"href":"https:\/\/cisca-project.eu\/de\/wp-json\/wp\/v2\/users\/1"}],"replies":[{"embeddable":true,"href":"https:\/\/cisca-project.eu\/de\/wp-json\/wp\/v2\/comments?post=41"}],"version-history":[{"count":91,"href":"https:\/\/cisca-project.eu\/de\/wp-json\/wp\/v2\/pages\/41\/revisions"}],"predecessor-version":[{"id":449,"href":"https:\/\/cisca-project.eu\/de\/wp-json\/wp\/v2\/pages\/41\/revisions\/449"}],"wp:attachment":[{"href":"https:\/\/cisca-project.eu\/de\/wp-json\/wp\/v2\/media?parent=41"}],"curies":[{"name":"wp","href":"https:\/\/api.w.org\/{rel}","templated":true}]}}