{"id":250,"date":"2023-03-17T12:39:32","date_gmt":"2023-03-17T12:39:32","guid":{"rendered":"https:\/\/250c7ed0-acfe-4044-be00-87594873bb24.eu02.conves.io\/?page_id=250"},"modified":"2023-03-17T12:41:16","modified_gmt":"2023-03-17T12:41:16","slug":"privacy-policy-2","status":"publish","type":"page","link":"https:\/\/cisca-project.eu\/de\/privacy-policy-2\/","title":{"rendered":"Datenschutzbestimmungen"},"content":{"rendered":"<div data-elementor-type=\"wp-page\" data-elementor-id=\"250\" class=\"elementor elementor-250\">\n\t\t\t\t\t\t<section class=\"has_eae_slider elementor-section elementor-top-section elementor-element elementor-element-faf6d0a elementor-section-boxed elementor-section-height-default elementor-section-height-default\" data-eae-slider=\"15909\" data-id=\"faf6d0a\" data-element_type=\"section\" data-e-type=\"section\">\n\t\t\t\t\t\t<div class=\"elementor-container elementor-column-gap-default\">\n\t\t\t\t\t<div class=\"has_eae_slider elementor-column elementor-col-100 elementor-top-column elementor-element elementor-element-d342cdf\" data-eae-slider=\"75878\" data-id=\"d342cdf\" data-element_type=\"column\" data-e-type=\"column\">\n\t\t\t<div class=\"elementor-widget-wrap elementor-element-populated\">\n\t\t\t\t\t\t<div class=\"elementor-element elementor-element-4869033 elementor-widget elementor-widget-text-editor\" data-id=\"4869033\" data-element_type=\"widget\" data-e-type=\"widget\" data-widget_type=\"text-editor.default\">\n\t\t\t\t<div class=\"elementor-widget-container\">\n\t\t\t\t\t\t\t\t\t<p>Unsere Datenschutzpolitik<\/p><p>\u00a0<\/p><p><strong>Art. 13 Verordnung UE GDPR 2016\/679<\/strong><\/p><p>\u00a0<\/p><p>Die Erhebung und Verarbeitung personenbezogener Daten erfolgt gem\u00e4\u00df Art. 13 der Verordnung (EU) 2016\/679 erhoben und verarbeitet, um zu gew\u00e4hrleisten, dass die Datenverarbeitung im Einklang mit den Rechten, Grundfreiheiten und der W\u00fcrde des Menschen erfolgt.<\/p><p>\u00a0<\/p><p><strong>Einf\u00fchrung<\/strong><\/p><p>\u00a0<\/p><p>Unter 10156530385<strong>,\u00a0<\/strong>wir nehmen Ihre Privatsph\u00e4re ernst und verpflichten uns, daf\u00fcr zu sorgen, dass Ihre pers\u00f6nlichen Daten im Einklang mit den Datenschutzgesetzen gesch\u00fctzt und entsprechend Ihren Erwartungen verwendet werden.<\/p><p>\u200b<\/p><p>In dieser Datenschutzerkl\u00e4rung wird erl\u00e4utert, wie unser Verband die personenbezogenen Daten verwendet, die wir bei der Nutzung unserer Websites von Ihnen erheben.<\/p><p>\u200b<\/p><p><strong>Verantwortlicher f\u00fcr die Datenverarbeitung<\/strong><\/p><p>\u00a0<\/p><p><em>Name des Koordinators: SPORTSKA ZAJEDNICA GRADA PORECA<\/em>, Adresse: Stadt Porec Postleitzahl 52440 Stra\u00dfe Nikole Tesle 16 Land Kroatien, Nummer +38552432322 E-mail <strong>predsjednik@szgp.hr<\/strong><\/p><p>\u00a0<\/p><p><strong>Wie sammeln wir Ihre Daten?<\/strong><\/p><p>\u00a0<\/p><p>Die meisten der von uns erhobenen Daten stellen Sie Curricular Innovation for Synergy between Community Sport and Activism (CISCA) direkt zur Verf\u00fcgung. Wir sammeln und verarbeiten Daten, wenn Sie<\/p><ul><li>Durchsuchen Sie die Website;<\/li><li>unsere Website \u00fcber das Cookie des Browsers zu nutzen oder zu betrachten;<\/li><li>F\u00fcllen Sie das Kontaktformular im Bereich \"<a href=\"https:\/\/250c7ed0-acfe-4044-be00-87594873bb24.eu02.conves.io\/about-2\/\">Kontakt<\/a>\" Seite.<\/li><\/ul><p>\u200b<\/p><p>W\u00e4hrend ihres normalen Betriebs erfassen die f\u00fcr den Betrieb dieser Website verwendeten IT-Systeme und Softwareverfahren einige personenbezogene Daten, deren \u00dcbermittlung durch die Verwendung von Internet-Kommunikationsprotokollen implizit ist.<\/p><p>Zu dieser Datenkategorie geh\u00f6ren die IP-Adressen oder Domain-Namen der von den Nutzern verwendeten Computer und Endger\u00e4te, die Adressen in URI-\/URL-Schreibweise (Uniform Resource Identifier\/Locator) der angeforderten Ressourcen, die Uhrzeit der Anfrage, die bei der \u00dcbermittlung der Anfrage an den Server verwendete Methode, die Gr\u00f6\u00dfe der als Antwort erhaltenen Datei, der numerische Code, der den Status der vom Server gegebenen Antwort angibt (erfolgreich, Fehler usw.), sowie andere Parameter in Bezug auf das Betriebssystem und die Computerumgebung des Nutzers. \u00dcber das Kontaktformular auf der Seite \"<a href=\"https:\/\/250c7ed0-acfe-4044-be00-87594873bb24.eu02.conves.io\/about-2\/\">Kontakt<\/a>Seite sammeln wir pers\u00f6nliche Informationen, die Sie uns geben, wie z. B. Ihren Namen, Nachnamen und Ihre E-Mail-Adresse. Ihre pers\u00f6nlichen Daten werden nur f\u00fcr die unten genannten Zwecke verwendet.<\/p><p>\u200b<\/p><p><strong>Welche Daten sammeln wir?<\/strong>\u200b<\/p><p>\u200b<\/p><p>Unser Verein sammelt die folgenden Daten:<\/p><ul><li>Navigationsdaten<\/li><li>Pers\u00f6nliche Daten, d.h. Vorname, Nachname und E-Mail-Adresse.<\/li><\/ul><p>\u200b<\/p><p>Die Informationssysteme und Softwareverfahren, auf die sich der Betrieb dieser Website st\u00fctzt, erfassen im Rahmen ihres normalen Betriebs personenbezogene Daten; die \u00dcbertragung solcher Daten ist ein inh\u00e4rentes Merkmal der Internet-Kommunikationsprotokolle.<\/p><p>Diese Informationen werden nicht erhoben, um sie mit identifizierten Personen in Verbindung zu bringen; aufgrund ihrer Beschaffenheit k\u00f6nnten sie jedoch nach der Verarbeitung und dem Abgleich mit Daten im Besitz Dritter eine Identifizierung des Nutzers erm\u00f6glichen.<\/p><p>Zu dieser Datenkategorie geh\u00f6ren die IP-Adressen und\/oder die Dom\u00e4nennamen der Computer, die von den Nutzern f\u00fcr die Verbindung mit dieser Website verwendet werden, die URI-Adressen (Uniform Resource Identifier) der angeforderten Ressourcen, die Uhrzeit einer Anfrage, die f\u00fcr die \u00dcbermittlung einer bestimmten Anfrage an den Server verwendete Methode, die zur\u00fcckgegebene Dateigr\u00f6\u00dfe, ein numerischer Code f\u00fcr den Antwortstatus des Servers (erfolgreich ausgef\u00fchrt, Fehler usw.) und andere Parameter, die sich auf das Betriebssystem und die Computerumgebung des Nutzers beziehen.<\/p><p>\u00a0<\/p><p>\u00a0<\/p><p>\u00a0<\/p><p>\u00a0<\/p><p><strong>Wie werden wir Ihre Daten verwenden?<\/strong><\/p><p><strong>\u200b<\/strong><\/p><p>Diese nicht-personenbezogenen und personenbezogenen Daten, die f\u00fcr die Nutzung der Webdienste erforderlich sind, werden zu folgenden Zwecken verarbeitet:<\/p><ul><li>statistische Informationen \u00fcber die Nutzung der Dienste zu erhalten (meistbesuchte Seiten, Anzahl der Besucher nach Uhrzeit oder Tag, geografische Herkunftsgebiete usw.);<\/li><li>das ordnungsgem\u00e4\u00dfe Funktionieren der angebotenen Dienste zu \u00fcberpr\u00fcfen.<\/li><li>unsere Besucher und Nutzer mit allgemeinen oder personalisierten dienstleistungsbezogenen Mitteilungen und Werbebotschaften zu kontaktieren<\/li><li>alle geltenden Gesetze und Vorschriften einhalten<\/li><\/ul><p>\u200b<\/p><p>Die Navigationsdaten werden nur verwendet, um anonyme statistische Informationen \u00fcber die Nutzung der Website zu gewinnen und ihre Funktionsweise zu \u00fcberpr\u00fcfen.<\/p><p>Diese Daten werden nicht l\u00e4nger als sieben Tage aufbewahrt (es sei denn, sie werden von den Justizbeh\u00f6rden f\u00fcr die Aufdeckung von Straftaten ben\u00f6tigt).<\/p><p>\u200b<\/p><p>\u00a0<\/p><p>\u00a0<\/p><p>\u00a0<\/p><ol><li><strong>Details zur Verarbeitung personenbezogener Daten<\/strong><\/li><\/ol><p><strong>\u00a0<\/strong><\/p><p><br \/>Personenbezogene Daten werden f\u00fcr die folgenden Zwecke und unter Nutzung der folgenden Dienste erhoben:<\/p><ul><li><strong><a href=\"https:\/\/250c7ed0-acfe-4044-be00-87594873bb24.eu02.conves.io\/about-2\/\">Kontakt-Formular<\/a> <\/strong><\/li><\/ul><p>Durch das Ausf\u00fcllen des Kontaktformulars mit den eigenen Daten erkl\u00e4rt sich der Nutzer mit der Verwendung dieser Daten einverstanden, um auf Informationsanfragen, Angebote oder andere in der Kopfzeile des Formulars angegebene Zwecke zu reagieren.<br \/><em>Pers\u00f6nliche Daten: Nachname; E-Mail; Name.<\/em><\/p><ul><li><strong>Plattform- und Hostingdienste<\/strong><\/li><\/ul><p>Diese Dienste sind f\u00fcr den Betrieb von Schl\u00fcsselkomponenten der\u00a0<strong>CISCA<\/strong>\u00a0Website, die es erm\u00f6glicht, diese Website von einer einzigen Plattform aus zu betreiben. Diese Plattformen stellen dem Eigent\u00fcmer eine breite Palette von Werkzeugen zur Verf\u00fcgung, wie z. B. Analysetools, zur Verwaltung der Benutzerregistrierung, zur Verwaltung von Kommentaren und der Datenbank, f\u00fcr den elektronischen Handel, zur Abwicklung von Zahlungen usw. Die Nutzung dieser Tools beinhaltet die Erhebung und Verarbeitung personenbezogener Daten.<br \/><strong>CISCA\u00a0<\/strong>Die Website wird von WordPress (Worpress.org) gehostet.<br \/>WordPress (WordPress.org) ist eine Plattform, die es uns erm\u00f6glicht, diese Website zu entwickeln, zu betreiben und zu hosten.<br \/><em>Verarbeitete personenbezogene Daten: verschiedene Arten von Daten, wie in der Datenschutzrichtlinie des Dienstes angegeben<\/em>: <a href=\"https:\/\/wordpress.org\/about\/privacy\/\">Datenschutzbestimmungen<\/a>.<\/p><p>\u00a0<\/p><p>\u00a0<\/p><p><strong>Wie verwalten wir Ihre Daten?<\/strong><\/p><p><strong>\u200b<\/strong><\/p><p>Die Behandlungen, die mit den Webdiensten der Website verbunden sind, finden auf der\u00a0<em>SPORTSKA ZAJEDNICA GRADA PORECA<\/em><strong>\u00a0<\/strong>und werden nur von autorisiertem Personal zur Bearbeitung bearbeitet.<\/p><p>Die Verarbeitung der Daten erfolgt gem\u00e4\u00df den Bestimmungen der Verordnung und den geltenden Rechtsvorschriften.<\/p><p>Alle auf dieser Website durchgef\u00fchrten Behandlungen werden sowohl auf Papier als auch mit elektronischen oder telematischen Mitteln durchgef\u00fchrt, mit einer Logik, die mit den Zwecken zusammenh\u00e4ngt, f\u00fcr die die Daten gesammelt wurden, und unter Einhaltung der geltenden Sicherheitsstandards, f\u00fcr die Zwecke, die von Zeit zu Zeit gem\u00e4\u00df Artikel. 13, GDPR.<\/p><p>\u00a0<\/p><p><strong>Welche Rechte haben Sie in Bezug auf den Datenschutz?<\/strong><\/p><p><strong>\u200b<\/strong><\/p><p>Die betroffene Person kann jederzeit von ihrem Recht auf Auskunft Gebrauch machen:<\/p><ul><li>um eine Best\u00e4tigung des Vorhandenseins oder Nichtvorhandenseins ihrer personenbezogenen Daten bitten;<\/li><li>Informationen \u00fcber die Zwecke der Verarbeitung, die Kategorien personenbezogener Daten, die Empf\u00e4nger oder Kategorien von Empf\u00e4ngern, denen die personenbezogenen Daten mitgeteilt wurden oder werden, und, soweit m\u00f6glich, den Zeitraum, f\u00fcr den die Daten gespeichert werden, zu erhalten.<\/li><li>die Berichtigung oder L\u00f6schung der Daten zu erwirken.<\/li><li>eine Einschr\u00e4nkung der Verarbeitung zu erwirken.<\/li><li>die \u00dcbertragbarkeit der Daten zu erreichen, d. h. sie von einem f\u00fcr die Verarbeitung Verantwortlichen in einem allgemein verwendeten, strukturierten Format zu erhalten, das von einem automatischen Ger\u00e4t gelesen werden kann, und sie ungehindert an einen anderen f\u00fcr die Verarbeitung Verantwortlichen zu \u00fcbermitteln.<\/li><li>der Verarbeitung jederzeit zu widersprechen, auch im Falle einer Verarbeitung zu Zwecken der Direktwerbung.<\/li><li>gegen eine automatisierte Entscheidungsfindung in Bezug auf Personen, einschlie\u00dflich Profiling, Widerspruch einzulegen.<\/li><li>eine Beschwerde beim polnischen Datenschutzbeauftragten einreichen.<\/li><\/ul><p>\u00a0<\/p><p>Wenn Sie eines der oben genannten Rechte aus\u00fcben m\u00f6chten oder Fragen oder Bedenken zu einem Aspekt dieser Mitteilung oder zum Umgang mit Ihren Daten haben, wenden Sie sich bitte schriftlich an uns unter\u00a0<em>SPORTSKA ZAJEDNICA GRADA PORECA<\/em>Adresse: Stadt Porec Postleitzahl 52440 Stra\u00dfe Nikole Tesle 16 Land Kroatien oder senden Sie eine E-Mail an das Team <strong>predsjednik@szgp.hr<\/strong>.<\/p><p>\u00a0<\/p><p><strong>Was sind Cookies?<\/strong><\/p><p>\u200b<\/p><p>Cookies sind Textdateien, die auf Ihrem Computer abgelegt werden, um Standard-Internetprotokolldaten und Informationen zum Besucherverhalten zu sammeln. Wenn Sie unsere Website besuchen, sammeln wir automatisch Informationen \u00fcber Sie durch Cookies oder \u00e4hnliche Technologien.<\/p><p>Weitere Informationen finden Sie unter https:\/\/gdpr.eu\/cookies\/.<\/p><p>\u00a0<\/p><p><strong>Welche Art von Cookies verwenden wir?<\/strong><\/p><p>\u00a0<\/p><p>Unsere Website verwendet:<\/p><ul><li>Technische Cookies<\/li><\/ul><p>\u00a0<\/p><p>Diese Cookies werden ausschlie\u00dflich f\u00fcr die \u00dcbertragung bestimmter Informationen \u00fcber ein elektronisches Kommunikationsnetz verwendet oder wenn dies f\u00fcr den Anbieter eines Informationsdienstes unbedingt erforderlich ist, um die vom Abonnenten oder Nutzer ausdr\u00fccklich angeforderten Dienste zu erbringen.<\/p><p>\u200b<\/p><p><strong>Wie verwenden wir Cookies?<\/strong><\/p><p>\u200b<\/p><p>Unser Verband verwendet technische Cookies, damit wir:<\/p><ul><li>Durchf\u00fchrung einer internen Untersuchung dar\u00fcber, wie wir den Service f\u00fcr alle unsere Nutzer verbessern k\u00f6nnen;<\/li><li>Bewerten Sie, wie Sie mit unserer Website interagieren;<\/li><\/ul><p>\u00a0<\/p><p><strong>Wie man Cookies verwaltet<\/strong><\/p><p><strong>\u200b<\/strong><\/p><p>Sie k\u00f6nnen Ihren Browser so einstellen, dass er keine Cookies akzeptiert, und das Cookie-Banner zeigt Ihnen, wie Sie Cookies aus Ihrem Browser entfernen k\u00f6nnen. In einigen wenigen F\u00e4llen kann es jedoch vorkommen, dass einige Funktionen unserer Website dann nicht funktionieren.<\/p><p>\u00a0<\/p><p><strong>Datenschutzbestimmungen anderer Websites<\/strong><\/p><p><strong>\u200b<\/strong><\/p><p><strong>CISCA<\/strong>\u00a0Website enth\u00e4lt Links zu anderen Websites. Unsere Datenschutzrichtlinie gilt nur f\u00fcr unsere Website. Wenn Sie also auf einen Link zu einer anderen Website klicken, sollten Sie deren Datenschutzrichtlinie lesen.<\/p><p>\u00a0<\/p><p><strong>\u00c4nderungen an unserer Datenschutzrichtlinie<\/strong><\/p><p><strong>\u200b<\/strong><\/p><p>Wir \u00fcberpr\u00fcfen diesen Hinweis regelm\u00e4\u00dfig. Alle \u00c4nderungen dieser Bekanntmachung werden ver\u00f6ffentlicht\u00a0<strong>auf dieser Seite<\/strong>\u00a0und Ihnen gegebenenfalls per E-Mail oder auf dem Postweg mitgeteilt, damit Sie jederzeit wissen, wie wir Ihre Daten verwenden.<\/p><p>\u00a0<\/p><p><strong>Wie Sie uns kontaktieren k\u00f6nnen<\/strong><\/p><p><strong>\u200b<\/strong><\/p><p>Wenn Sie Fragen zu unserer Datenschutzrichtlinie oder zu den von uns gespeicherten Daten haben oder eines Ihrer Datenschutzrechte aus\u00fcben m\u00f6chten, z\u00f6gern Sie bitte nicht, uns zu kontaktieren<\/p><p>Senden Sie uns eine E-Mail an: <strong>predsjednik@szgp.hr<\/strong><\/p><p>Oder schreiben Sie uns an:\u00a0<em>SPORTSKA ZAJEDNICA GRADA PORECA<\/em>Adresse: Stadt Porec Postleitzahl 52440 Stra\u00dfe Nikole Tesle 16 Land Kroatien.<\/p>\t\t\t\t\t\t\t\t<\/div>\n\t\t\t\t<\/div>\n\t\t\t\t\t<\/div>\n\t\t<\/div>\n\t\t\t\t\t<\/div>\n\t\t<\/section>\n\t\t\t\t<\/div>","protected":false},"excerpt":{"rendered":"<p>Our privacy policy \u00a0 Art. 13 Regulation UE GDPR 2016\/679 \u00a0 Personal data shall be collected and processed according to art. 13 of EU Regulation 2016\/679 to guarantee that data processing is carried out in compliance with the rights, fundamental freedoms and dignity of people. \u00a0 Introduction \u00a0 At 10156530385,\u00a0we take your privacy seriously and [&hellip;]<\/p>\n","protected":false},"author":1,"featured_media":0,"parent":0,"menu_order":0,"comment_status":"closed","ping_status":"closed","template":"elementor_header_footer","meta":{"footnotes":""},"class_list":["post-250","page","type-page","status-publish","hentry"],"blocksy_meta":[],"_links":{"self":[{"href":"https:\/\/cisca-project.eu\/de\/wp-json\/wp\/v2\/pages\/250","targetHints":{"allow":["GET"]}}],"collection":[{"href":"https:\/\/cisca-project.eu\/de\/wp-json\/wp\/v2\/pages"}],"about":[{"href":"https:\/\/cisca-project.eu\/de\/wp-json\/wp\/v2\/types\/page"}],"author":[{"embeddable":true,"href":"https:\/\/cisca-project.eu\/de\/wp-json\/wp\/v2\/users\/1"}],"replies":[{"embeddable":true,"href":"https:\/\/cisca-project.eu\/de\/wp-json\/wp\/v2\/comments?post=250"}],"version-history":[{"count":4,"href":"https:\/\/cisca-project.eu\/de\/wp-json\/wp\/v2\/pages\/250\/revisions"}],"predecessor-version":[{"id":258,"href":"https:\/\/cisca-project.eu\/de\/wp-json\/wp\/v2\/pages\/250\/revisions\/258"}],"wp:attachment":[{"href":"https:\/\/cisca-project.eu\/de\/wp-json\/wp\/v2\/media?parent=250"}],"curies":[{"name":"wp","href":"https:\/\/api.w.org\/{rel}","templated":true}]}}